{"id":5139,"date":"2025-12-09T15:46:38","date_gmt":"2025-12-09T14:46:38","guid":{"rendered":"https:\/\/vulcania.com\/boutique\/?post_type=product&#038;p=5139"},"modified":"2025-12-12T16:45:09","modified_gmt":"2025-12-12T15:45:09","slug":"boule-de-noel-vulcania","status":"publish","type":"product","link":"https:\/\/vulcania.com\/boutique\/produit\/boule-de-noel-vulcania\/","title":{"rendered":"Boule de No\u00ebl Vulcania"},"content":{"rendered":"\t\t<div data-elementor-type=\"wp-post\" data-elementor-id=\"5139\" class=\"elementor elementor-5139\">\n\t\t\t\t\t\t<section class=\"elementor-section elementor-top-section elementor-element elementor-element-d3451aa elementor-section-boxed elementor-section-height-default elementor-section-height-default\" data-id=\"d3451aa\" data-element_type=\"section\" data-e-type=\"section\">\n\t\t\t\t\t\t<div class=\"elementor-container elementor-column-gap-default\">\n\t\t\t\t\t<div class=\"elementor-column elementor-col-100 elementor-top-column elementor-element elementor-element-ee50ffb\" data-id=\"ee50ffb\" data-element_type=\"column\" data-e-type=\"column\">\n\t\t\t<div class=\"elementor-widget-wrap elementor-element-populated\">\n\t\t\t\t\t\t<div class=\"elementor-element elementor-element-7c9dafe elementor-widget elementor-widget-text-editor\" data-id=\"7c9dafe\" data-element_type=\"widget\" data-e-type=\"widget\" data-widget_type=\"text-editor.default\">\n\t\t\t\t<div class=\"elementor-widget-container\">\n\t\t\t\t\t\t\t\t\t<p>Apportez une touche de magie \u00e0 votre sapin avec cette boule de No\u00ebl exclusive Vulcania.<\/p><p data-start=\"33\" data-end=\"260\">Son design volcanique stylis\u00e9, moderne et lumineux, \u00e9voque parfaitement l\u2019univers du parc et s\u2019accorde facilement \u00e0 votre d\u00e9coration.<\/p><p data-start=\"262\" data-end=\"291\" data-is-last-node=\"\" data-is-only-node=\"\">\u00a0<\/p><p><span style=\"letter-spacing: 0px;\">Cr\u00e9dit Photo :\u00a0<\/span><span style=\"font-family: 'Titillium Web', -apple-system, BlinkMacSystemFont, 'Segoe UI', Roboto, Oxygen-Sans, Ubuntu, Cantarell, 'Helvetica Neue', sans-serif; font-size: 18px; font-style: normal; font-variant-ligatures: normal; font-variant-caps: normal; font-weight: 400; letter-spacing: 0px;\">\u00a9Vulcania<\/span><\/p>\t\t\t\t\t\t\t\t<\/div>\n\t\t\t\t<\/div>\n\t\t\t\t\t<\/div>\n\t\t<\/div>\n\t\t\t\t\t<\/div>\n\t\t<\/section>\n\t\t\t\t<\/div>\n\t\t","protected":false},"excerpt":{"rendered":"<p>Apportez une touche de magie \u00e0 votre sapin avec cette boule de No\u00ebl exclusive Vulcania.<\/p>\n<p>Cr\u00e9dit Photo : \u00a9Vulcania<\/p>\n<p>&nbsp;<\/p>\n","protected":false},"featured_media":5142,"comment_status":"open","ping_status":"closed","template":"","meta":{"rs_blank_template":"","rs_page_bg_color":"","slide_template_v7":""},"product_brand":[],"product_cat":[90],"product_tag":[92],"class_list":{"0":"post-5139","1":"product","2":"type-product","3":"status-publish","4":"has-post-thumbnail","6":"product_cat-accessoires","7":"product_tag-vulcania","9":"first","10":"instock","11":"taxable","12":"shipping-taxable","13":"purchasable","14":"product-type-simple"},"yoast_head":"<!-- This site is optimized with the Yoast SEO plugin v27.3 - https:\/\/yoast.com\/product\/yoast-seo-wordpress\/ -->\n<title>Boule de No\u00ebl Vulcania - Boutique Vulcania<\/title>\n<meta name=\"description\" content=\"Boule de No\u00ebl Vulcania \u00e9l\u00e9gante et moderne, parfaite pour sublimer votre sapin ou offrir un souvenir unique des f\u00eates.\" \/>\n<meta name=\"robots\" content=\"index, follow, max-snippet:-1, max-image-preview:large, max-video-preview:-1\" \/>\n<link rel=\"canonical\" href=\"https:\/\/vulcania.com\/boutique\/produit\/boule-de-noel-vulcania\/\" \/>\n<meta property=\"og:locale\" content=\"fr_FR\" \/>\n<meta property=\"og:type\" content=\"article\" \/>\n<meta property=\"og:title\" content=\"Boule de No\u00ebl Vulcania - Boutique Vulcania\" \/>\n<meta property=\"og:description\" content=\"Boule de No\u00ebl Vulcania \u00e9l\u00e9gante et moderne, parfaite pour sublimer votre sapin ou offrir un souvenir unique des f\u00eates.\" \/>\n<meta property=\"og:url\" content=\"https:\/\/vulcania.com\/boutique\/produit\/boule-de-noel-vulcania\/\" \/>\n<meta property=\"og:site_name\" content=\"Boutique Vulcania\" \/>\n<meta property=\"article:modified_time\" content=\"2025-12-12T15:45:09+00:00\" \/>\n<meta property=\"og:image\" content=\"https:\/\/vulcania.com\/boutique\/wp-content\/uploads\/2025\/12\/boule-noel_800x800_3.jpg\" \/>\n\t<meta property=\"og:image:width\" content=\"800\" \/>\n\t<meta property=\"og:image:height\" content=\"800\" \/>\n\t<meta property=\"og:image:type\" content=\"image\/jpeg\" \/>\n<meta name=\"twitter:card\" content=\"summary_large_image\" \/>\n<meta name=\"twitter:label1\" content=\"Dur\u00e9e de lecture estim\u00e9e\" \/>\n\t<meta name=\"twitter:data1\" content=\"1 minute\" \/>\n<script type=\"application\/ld+json\" class=\"yoast-schema-graph\">{\"@context\":\"https:\\\/\\\/schema.org\",\"@graph\":[{\"@type\":\"WebPage\",\"@id\":\"https:\\\/\\\/vulcania.com\\\/boutique\\\/produit\\\/boule-de-noel-vulcania\\\/\",\"url\":\"https:\\\/\\\/vulcania.com\\\/boutique\\\/produit\\\/boule-de-noel-vulcania\\\/\",\"name\":\"Boule de No\u00ebl Vulcania - Boutique Vulcania\",\"isPartOf\":{\"@id\":\"https:\\\/\\\/vulcania.com\\\/boutique\\\/#website\"},\"primaryImageOfPage\":{\"@id\":\"https:\\\/\\\/vulcania.com\\\/boutique\\\/produit\\\/boule-de-noel-vulcania\\\/#primaryimage\"},\"image\":{\"@id\":\"https:\\\/\\\/vulcania.com\\\/boutique\\\/produit\\\/boule-de-noel-vulcania\\\/#primaryimage\"},\"thumbnailUrl\":\"https:\\\/\\\/vulcania.com\\\/boutique\\\/wp-content\\\/uploads\\\/2025\\\/12\\\/boule-noel_800x800_3.jpg\",\"datePublished\":\"2025-12-09T14:46:38+00:00\",\"dateModified\":\"2025-12-12T15:45:09+00:00\",\"description\":\"Boule de No\u00ebl Vulcania \u00e9l\u00e9gante et moderne, parfaite pour sublimer votre sapin ou offrir un souvenir unique des f\u00eates.\",\"breadcrumb\":{\"@id\":\"https:\\\/\\\/vulcania.com\\\/boutique\\\/produit\\\/boule-de-noel-vulcania\\\/#breadcrumb\"},\"inLanguage\":\"fr-FR\",\"potentialAction\":[{\"@type\":\"ReadAction\",\"target\":[\"https:\\\/\\\/vulcania.com\\\/boutique\\\/produit\\\/boule-de-noel-vulcania\\\/\"]}]},{\"@type\":\"ImageObject\",\"inLanguage\":\"fr-FR\",\"@id\":\"https:\\\/\\\/vulcania.com\\\/boutique\\\/produit\\\/boule-de-noel-vulcania\\\/#primaryimage\",\"url\":\"https:\\\/\\\/vulcania.com\\\/boutique\\\/wp-content\\\/uploads\\\/2025\\\/12\\\/boule-noel_800x800_3.jpg\",\"contentUrl\":\"https:\\\/\\\/vulcania.com\\\/boutique\\\/wp-content\\\/uploads\\\/2025\\\/12\\\/boule-noel_800x800_3.jpg\",\"width\":800,\"height\":800},{\"@type\":\"BreadcrumbList\",\"@id\":\"https:\\\/\\\/vulcania.com\\\/boutique\\\/produit\\\/boule-de-noel-vulcania\\\/#breadcrumb\",\"itemListElement\":[{\"@type\":\"ListItem\",\"position\":1,\"name\":\"Accueil\",\"item\":\"https:\\\/\\\/vulcania.com\\\/boutique\\\/\"},{\"@type\":\"ListItem\",\"position\":2,\"name\":\"Nos produits\",\"item\":\"https:\\\/\\\/vulcania.com\\\/boutique\\\/nos-produits\\\/\"},{\"@type\":\"ListItem\",\"position\":3,\"name\":\"Boule de No\u00ebl Vulcania\"}]},{\"@type\":\"WebSite\",\"@id\":\"https:\\\/\\\/vulcania.com\\\/boutique\\\/#website\",\"url\":\"https:\\\/\\\/vulcania.com\\\/boutique\\\/\",\"name\":\"Boutique Vulcania\",\"description\":\"\",\"potentialAction\":[{\"@type\":\"SearchAction\",\"target\":{\"@type\":\"EntryPoint\",\"urlTemplate\":\"https:\\\/\\\/vulcania.com\\\/boutique\\\/?s={search_term_string}\"},\"query-input\":{\"@type\":\"PropertyValueSpecification\",\"valueRequired\":true,\"valueName\":\"search_term_string\"}}],\"inLanguage\":\"fr-FR\"}]}<\/script>\n<!-- \/ Yoast SEO plugin. -->","yoast_head_json":{"title":"Boule de No\u00ebl Vulcania - Boutique Vulcania","description":"Boule de No\u00ebl Vulcania \u00e9l\u00e9gante et moderne, parfaite pour sublimer votre sapin ou offrir un souvenir unique des f\u00eates.","robots":{"index":"index","follow":"follow","max-snippet":"max-snippet:-1","max-image-preview":"max-image-preview:large","max-video-preview":"max-video-preview:-1"},"canonical":"https:\/\/vulcania.com\/boutique\/produit\/boule-de-noel-vulcania\/","og_locale":"fr_FR","og_type":"article","og_title":"Boule de No\u00ebl Vulcania - Boutique Vulcania","og_description":"Boule de No\u00ebl Vulcania \u00e9l\u00e9gante et moderne, parfaite pour sublimer votre sapin ou offrir un souvenir unique des f\u00eates.","og_url":"https:\/\/vulcania.com\/boutique\/produit\/boule-de-noel-vulcania\/","og_site_name":"Boutique Vulcania","article_modified_time":"2025-12-12T15:45:09+00:00","og_image":[{"width":800,"height":800,"url":"https:\/\/vulcania.com\/boutique\/wp-content\/uploads\/2025\/12\/boule-noel_800x800_3.jpg","type":"image\/jpeg"}],"twitter_card":"summary_large_image","twitter_misc":{"Dur\u00e9e de lecture estim\u00e9e":"1 minute"},"schema":{"@context":"https:\/\/schema.org","@graph":[{"@type":"WebPage","@id":"https:\/\/vulcania.com\/boutique\/produit\/boule-de-noel-vulcania\/","url":"https:\/\/vulcania.com\/boutique\/produit\/boule-de-noel-vulcania\/","name":"Boule de No\u00ebl Vulcania - Boutique Vulcania","isPartOf":{"@id":"https:\/\/vulcania.com\/boutique\/#website"},"primaryImageOfPage":{"@id":"https:\/\/vulcania.com\/boutique\/produit\/boule-de-noel-vulcania\/#primaryimage"},"image":{"@id":"https:\/\/vulcania.com\/boutique\/produit\/boule-de-noel-vulcania\/#primaryimage"},"thumbnailUrl":"https:\/\/vulcania.com\/boutique\/wp-content\/uploads\/2025\/12\/boule-noel_800x800_3.jpg","datePublished":"2025-12-09T14:46:38+00:00","dateModified":"2025-12-12T15:45:09+00:00","description":"Boule de No\u00ebl Vulcania \u00e9l\u00e9gante et moderne, parfaite pour sublimer votre sapin ou offrir un souvenir unique des f\u00eates.","breadcrumb":{"@id":"https:\/\/vulcania.com\/boutique\/produit\/boule-de-noel-vulcania\/#breadcrumb"},"inLanguage":"fr-FR","potentialAction":[{"@type":"ReadAction","target":["https:\/\/vulcania.com\/boutique\/produit\/boule-de-noel-vulcania\/"]}]},{"@type":"ImageObject","inLanguage":"fr-FR","@id":"https:\/\/vulcania.com\/boutique\/produit\/boule-de-noel-vulcania\/#primaryimage","url":"https:\/\/vulcania.com\/boutique\/wp-content\/uploads\/2025\/12\/boule-noel_800x800_3.jpg","contentUrl":"https:\/\/vulcania.com\/boutique\/wp-content\/uploads\/2025\/12\/boule-noel_800x800_3.jpg","width":800,"height":800},{"@type":"BreadcrumbList","@id":"https:\/\/vulcania.com\/boutique\/produit\/boule-de-noel-vulcania\/#breadcrumb","itemListElement":[{"@type":"ListItem","position":1,"name":"Accueil","item":"https:\/\/vulcania.com\/boutique\/"},{"@type":"ListItem","position":2,"name":"Nos produits","item":"https:\/\/vulcania.com\/boutique\/nos-produits\/"},{"@type":"ListItem","position":3,"name":"Boule de No\u00ebl Vulcania"}]},{"@type":"WebSite","@id":"https:\/\/vulcania.com\/boutique\/#website","url":"https:\/\/vulcania.com\/boutique\/","name":"Boutique Vulcania","description":"","potentialAction":[{"@type":"SearchAction","target":{"@type":"EntryPoint","urlTemplate":"https:\/\/vulcania.com\/boutique\/?s={search_term_string}"},"query-input":{"@type":"PropertyValueSpecification","valueRequired":true,"valueName":"search_term_string"}}],"inLanguage":"fr-FR"}]}},"jetpack_sharing_enabled":true,"_links":{"self":[{"href":"https:\/\/vulcania.com\/boutique\/wp-json\/wp\/v2\/product\/5139","targetHints":{"allow":["GET"]}}],"collection":[{"href":"https:\/\/vulcania.com\/boutique\/wp-json\/wp\/v2\/product"}],"about":[{"href":"https:\/\/vulcania.com\/boutique\/wp-json\/wp\/v2\/types\/product"}],"replies":[{"embeddable":true,"href":"https:\/\/vulcania.com\/boutique\/wp-json\/wp\/v2\/comments?post=5139"}],"version-history":[{"count":11,"href":"https:\/\/vulcania.com\/boutique\/wp-json\/wp\/v2\/product\/5139\/revisions"}],"predecessor-version":[{"id":5154,"href":"https:\/\/vulcania.com\/boutique\/wp-json\/wp\/v2\/product\/5139\/revisions\/5154"}],"wp:featuredmedia":[{"embeddable":true,"href":"https:\/\/vulcania.com\/boutique\/wp-json\/wp\/v2\/media\/5142"}],"wp:attachment":[{"href":"https:\/\/vulcania.com\/boutique\/wp-json\/wp\/v2\/media?parent=5139"}],"wp:term":[{"taxonomy":"product_brand","embeddable":true,"href":"https:\/\/vulcania.com\/boutique\/wp-json\/wp\/v2\/product_brand?post=5139"},{"taxonomy":"product_cat","embeddable":true,"href":"https:\/\/vulcania.com\/boutique\/wp-json\/wp\/v2\/product_cat?post=5139"},{"taxonomy":"product_tag","embeddable":true,"href":"https:\/\/vulcania.com\/boutique\/wp-json\/wp\/v2\/product_tag?post=5139"}],"curies":[{"name":"wp","href":"https:\/\/api.w.org\/{rel}","templated":true}]}}