{"id":4974,"date":"2025-11-28T00:01:48","date_gmt":"2025-11-27T23:01:48","guid":{"rendered":"https:\/\/vulcania.com\/boutique\/?post_type=product&#038;p=4974"},"modified":"2025-12-26T04:12:38","modified_gmt":"2025-12-26T03:12:38","slug":"set-carnet-vierge-noir-a-decoupe-volcan-stylo-a-gel-noir-porte-cle-eruption-vulcania","status":"publish","type":"product","link":"https:\/\/vulcania.com\/boutique\/produit\/set-carnet-vierge-noir-a-decoupe-volcan-stylo-a-gel-noir-porte-cle-eruption-vulcania\/","title":{"rendered":"Set carnet vierge noir \u00e0 d\u00e9coupe volcan + stylo \u00e0 gel noir + porte-cl\u00e9 \u00e9ruption Vulcania"},"content":{"rendered":"\t\t<div data-elementor-type=\"wp-post\" data-elementor-id=\"4974\" class=\"elementor elementor-4974\">\n\t\t\t\t\t\t<section class=\"elementor-section elementor-top-section elementor-element elementor-element-8837595 elementor-section-boxed elementor-section-height-default elementor-section-height-default\" data-id=\"8837595\" data-element_type=\"section\" data-e-type=\"section\">\n\t\t\t\t\t\t<div class=\"elementor-container elementor-column-gap-default\">\n\t\t\t\t\t<div class=\"elementor-column elementor-col-100 elementor-top-column elementor-element elementor-element-476aaee\" data-id=\"476aaee\" data-element_type=\"column\" data-e-type=\"column\">\n\t\t\t<div class=\"elementor-widget-wrap elementor-element-populated\">\n\t\t\t\t\t\t<div class=\"elementor-element elementor-element-5016c2f elementor-widget elementor-widget-text-editor\" data-id=\"5016c2f\" data-element_type=\"widget\" data-e-type=\"widget\" data-widget_type=\"text-editor.default\">\n\t\t\t\t<div class=\"elementor-widget-container\">\n\t\t\t\t\t\t\t\t\t<p>Profitez d\u2019un\u00a0<strong>set de trois produits<\/strong> \u00e0 l\u2019effigie de Vulcania et des volcans, \u00e0 un <strong>prix promotionnel<\/strong>\u00a0\u00e0 partir du 28 novembre !<\/p><p>Le lot d\u2019un\u00a0<strong>carnet vierge noir \u00e0 d\u00e9coupe volcan, <\/strong>d\u2019un <strong>stylo \u00e0 gel noir<\/strong>, et d&rsquo;un <strong>porte-cl\u00e9 \u00e9ruption Vulcania<\/strong> est \u00e0 <strong>25 \u20ac<\/strong> au lieu de 29,70 \u20ac.<\/p><p>L\u2019occasion id\u00e9ale de faire plaisir aux explorateurs fans de volcanologie !<\/p><p>Cr\u00e9dit photo : \u00a9Vulcania<\/p>\t\t\t\t\t\t\t\t<\/div>\n\t\t\t\t<\/div>\n\t\t\t\t\t<\/div>\n\t\t<\/div>\n\t\t\t\t\t<\/div>\n\t\t<\/section>\n\t\t\t\t<\/div>\n\t\t","protected":false},"excerpt":{"rendered":"<p>Set de trois produits \u00e0 l&rsquo;effigie de Vulcania et des volcans : un carnet vierge noir \u00e0 d\u00e9coupe volcan, un stylo \u00e0 gel noir, et un porte-cl\u00e9 \u00e9ruption Vulcania.<\/p>\n<p>Cr\u00e9dit photo : \u00a9Vulcania<\/p>\n","protected":false},"featured_media":4982,"comment_status":"open","ping_status":"closed","template":"","meta":{"rs_blank_template":"","rs_page_bg_color":"","slide_template_v7":""},"product_brand":[],"product_cat":[90],"product_tag":[85,92],"class_list":{"0":"post-4974","1":"product","2":"type-product","3":"status-publish","4":"has-post-thumbnail","6":"product_cat-accessoires","7":"product_tag-volcans","8":"product_tag-vulcania","10":"first","11":"instock","12":"taxable","13":"shipping-taxable","14":"purchasable","15":"product-type-simple"},"yoast_head":"<!-- This site is optimized with the Yoast SEO plugin v27.3 - https:\/\/yoast.com\/product\/yoast-seo-wordpress\/ -->\n<title>Set carnet vierge noir \u00e0 d\u00e9coupe volcan + stylo \u00e0 gel noir + porte-cl\u00e9 \u00e9ruption Vulcania - Boutique Vulcania<\/title>\n<meta name=\"robots\" content=\"index, follow, max-snippet:-1, max-image-preview:large, max-video-preview:-1\" \/>\n<link rel=\"canonical\" href=\"https:\/\/vulcania.com\/boutique\/produit\/set-carnet-vierge-noir-a-decoupe-volcan-stylo-a-gel-noir-porte-cle-eruption-vulcania\/\" \/>\n<meta property=\"og:locale\" content=\"fr_FR\" \/>\n<meta property=\"og:type\" content=\"article\" \/>\n<meta property=\"og:title\" content=\"Set carnet vierge noir \u00e0 d\u00e9coupe volcan + stylo \u00e0 gel noir + porte-cl\u00e9 \u00e9ruption Vulcania - Boutique Vulcania\" \/>\n<meta property=\"og:description\" content=\"Set de trois produits \u00e0 l&#039;effigie de Vulcania et des volcans : un carnet vierge noir \u00e0 d\u00e9coupe volcan, un stylo \u00e0 gel noir, et un porte-cl\u00e9 \u00e9ruption Vulcania.  Cr\u00e9dit photo : \u00a9Vulcania\" \/>\n<meta property=\"og:url\" content=\"https:\/\/vulcania.com\/boutique\/produit\/set-carnet-vierge-noir-a-decoupe-volcan-stylo-a-gel-noir-porte-cle-eruption-vulcania\/\" \/>\n<meta property=\"og:site_name\" content=\"Boutique Vulcania\" \/>\n<meta property=\"article:modified_time\" content=\"2025-12-26T03:12:38+00:00\" \/>\n<meta property=\"og:image\" content=\"https:\/\/vulcania.com\/boutique\/wp-content\/uploads\/2025\/11\/set-souvenirs-adulte-800x800-1.jpg\" \/>\n\t<meta property=\"og:image:width\" content=\"800\" \/>\n\t<meta property=\"og:image:height\" content=\"800\" \/>\n\t<meta property=\"og:image:type\" content=\"image\/jpeg\" \/>\n<meta name=\"twitter:card\" content=\"summary_large_image\" \/>\n<meta name=\"twitter:label1\" content=\"Dur\u00e9e de lecture estim\u00e9e\" \/>\n\t<meta name=\"twitter:data1\" content=\"1 minute\" \/>\n<script type=\"application\/ld+json\" class=\"yoast-schema-graph\">{\"@context\":\"https:\\\/\\\/schema.org\",\"@graph\":[{\"@type\":\"WebPage\",\"@id\":\"https:\\\/\\\/vulcania.com\\\/boutique\\\/produit\\\/set-carnet-vierge-noir-a-decoupe-volcan-stylo-a-gel-noir-porte-cle-eruption-vulcania\\\/\",\"url\":\"https:\\\/\\\/vulcania.com\\\/boutique\\\/produit\\\/set-carnet-vierge-noir-a-decoupe-volcan-stylo-a-gel-noir-porte-cle-eruption-vulcania\\\/\",\"name\":\"Set carnet vierge noir \u00e0 d\u00e9coupe volcan + stylo \u00e0 gel noir + porte-cl\u00e9 \u00e9ruption Vulcania - Boutique Vulcania\",\"isPartOf\":{\"@id\":\"https:\\\/\\\/vulcania.com\\\/boutique\\\/#website\"},\"primaryImageOfPage\":{\"@id\":\"https:\\\/\\\/vulcania.com\\\/boutique\\\/produit\\\/set-carnet-vierge-noir-a-decoupe-volcan-stylo-a-gel-noir-porte-cle-eruption-vulcania\\\/#primaryimage\"},\"image\":{\"@id\":\"https:\\\/\\\/vulcania.com\\\/boutique\\\/produit\\\/set-carnet-vierge-noir-a-decoupe-volcan-stylo-a-gel-noir-porte-cle-eruption-vulcania\\\/#primaryimage\"},\"thumbnailUrl\":\"https:\\\/\\\/vulcania.com\\\/boutique\\\/wp-content\\\/uploads\\\/2025\\\/11\\\/set-souvenirs-adulte-800x800-1.jpg\",\"datePublished\":\"2025-11-27T23:01:48+00:00\",\"dateModified\":\"2025-12-26T03:12:38+00:00\",\"breadcrumb\":{\"@id\":\"https:\\\/\\\/vulcania.com\\\/boutique\\\/produit\\\/set-carnet-vierge-noir-a-decoupe-volcan-stylo-a-gel-noir-porte-cle-eruption-vulcania\\\/#breadcrumb\"},\"inLanguage\":\"fr-FR\",\"potentialAction\":[{\"@type\":\"ReadAction\",\"target\":[\"https:\\\/\\\/vulcania.com\\\/boutique\\\/produit\\\/set-carnet-vierge-noir-a-decoupe-volcan-stylo-a-gel-noir-porte-cle-eruption-vulcania\\\/\"]}]},{\"@type\":\"ImageObject\",\"inLanguage\":\"fr-FR\",\"@id\":\"https:\\\/\\\/vulcania.com\\\/boutique\\\/produit\\\/set-carnet-vierge-noir-a-decoupe-volcan-stylo-a-gel-noir-porte-cle-eruption-vulcania\\\/#primaryimage\",\"url\":\"https:\\\/\\\/vulcania.com\\\/boutique\\\/wp-content\\\/uploads\\\/2025\\\/11\\\/set-souvenirs-adulte-800x800-1.jpg\",\"contentUrl\":\"https:\\\/\\\/vulcania.com\\\/boutique\\\/wp-content\\\/uploads\\\/2025\\\/11\\\/set-souvenirs-adulte-800x800-1.jpg\",\"width\":800,\"height\":800},{\"@type\":\"BreadcrumbList\",\"@id\":\"https:\\\/\\\/vulcania.com\\\/boutique\\\/produit\\\/set-carnet-vierge-noir-a-decoupe-volcan-stylo-a-gel-noir-porte-cle-eruption-vulcania\\\/#breadcrumb\",\"itemListElement\":[{\"@type\":\"ListItem\",\"position\":1,\"name\":\"Accueil\",\"item\":\"https:\\\/\\\/vulcania.com\\\/boutique\\\/\"},{\"@type\":\"ListItem\",\"position\":2,\"name\":\"Nos produits\",\"item\":\"https:\\\/\\\/vulcania.com\\\/boutique\\\/nos-produits\\\/\"},{\"@type\":\"ListItem\",\"position\":3,\"name\":\"Set carnet vierge noir \u00e0 d\u00e9coupe volcan + stylo \u00e0 gel noir + porte-cl\u00e9 \u00e9ruption Vulcania\"}]},{\"@type\":\"WebSite\",\"@id\":\"https:\\\/\\\/vulcania.com\\\/boutique\\\/#website\",\"url\":\"https:\\\/\\\/vulcania.com\\\/boutique\\\/\",\"name\":\"Boutique Vulcania\",\"description\":\"\",\"potentialAction\":[{\"@type\":\"SearchAction\",\"target\":{\"@type\":\"EntryPoint\",\"urlTemplate\":\"https:\\\/\\\/vulcania.com\\\/boutique\\\/?s={search_term_string}\"},\"query-input\":{\"@type\":\"PropertyValueSpecification\",\"valueRequired\":true,\"valueName\":\"search_term_string\"}}],\"inLanguage\":\"fr-FR\"}]}<\/script>\n<!-- \/ Yoast SEO plugin. -->","yoast_head_json":{"title":"Set carnet vierge noir \u00e0 d\u00e9coupe volcan + stylo \u00e0 gel noir + porte-cl\u00e9 \u00e9ruption Vulcania - Boutique Vulcania","robots":{"index":"index","follow":"follow","max-snippet":"max-snippet:-1","max-image-preview":"max-image-preview:large","max-video-preview":"max-video-preview:-1"},"canonical":"https:\/\/vulcania.com\/boutique\/produit\/set-carnet-vierge-noir-a-decoupe-volcan-stylo-a-gel-noir-porte-cle-eruption-vulcania\/","og_locale":"fr_FR","og_type":"article","og_title":"Set carnet vierge noir \u00e0 d\u00e9coupe volcan + stylo \u00e0 gel noir + porte-cl\u00e9 \u00e9ruption Vulcania - Boutique Vulcania","og_description":"Set de trois produits \u00e0 l'effigie de Vulcania et des volcans : un carnet vierge noir \u00e0 d\u00e9coupe volcan, un stylo \u00e0 gel noir, et un porte-cl\u00e9 \u00e9ruption Vulcania.  Cr\u00e9dit photo : \u00a9Vulcania","og_url":"https:\/\/vulcania.com\/boutique\/produit\/set-carnet-vierge-noir-a-decoupe-volcan-stylo-a-gel-noir-porte-cle-eruption-vulcania\/","og_site_name":"Boutique Vulcania","article_modified_time":"2025-12-26T03:12:38+00:00","og_image":[{"width":800,"height":800,"url":"https:\/\/vulcania.com\/boutique\/wp-content\/uploads\/2025\/11\/set-souvenirs-adulte-800x800-1.jpg","type":"image\/jpeg"}],"twitter_card":"summary_large_image","twitter_misc":{"Dur\u00e9e de lecture estim\u00e9e":"1 minute"},"schema":{"@context":"https:\/\/schema.org","@graph":[{"@type":"WebPage","@id":"https:\/\/vulcania.com\/boutique\/produit\/set-carnet-vierge-noir-a-decoupe-volcan-stylo-a-gel-noir-porte-cle-eruption-vulcania\/","url":"https:\/\/vulcania.com\/boutique\/produit\/set-carnet-vierge-noir-a-decoupe-volcan-stylo-a-gel-noir-porte-cle-eruption-vulcania\/","name":"Set carnet vierge noir \u00e0 d\u00e9coupe volcan + stylo \u00e0 gel noir + porte-cl\u00e9 \u00e9ruption Vulcania - Boutique Vulcania","isPartOf":{"@id":"https:\/\/vulcania.com\/boutique\/#website"},"primaryImageOfPage":{"@id":"https:\/\/vulcania.com\/boutique\/produit\/set-carnet-vierge-noir-a-decoupe-volcan-stylo-a-gel-noir-porte-cle-eruption-vulcania\/#primaryimage"},"image":{"@id":"https:\/\/vulcania.com\/boutique\/produit\/set-carnet-vierge-noir-a-decoupe-volcan-stylo-a-gel-noir-porte-cle-eruption-vulcania\/#primaryimage"},"thumbnailUrl":"https:\/\/vulcania.com\/boutique\/wp-content\/uploads\/2025\/11\/set-souvenirs-adulte-800x800-1.jpg","datePublished":"2025-11-27T23:01:48+00:00","dateModified":"2025-12-26T03:12:38+00:00","breadcrumb":{"@id":"https:\/\/vulcania.com\/boutique\/produit\/set-carnet-vierge-noir-a-decoupe-volcan-stylo-a-gel-noir-porte-cle-eruption-vulcania\/#breadcrumb"},"inLanguage":"fr-FR","potentialAction":[{"@type":"ReadAction","target":["https:\/\/vulcania.com\/boutique\/produit\/set-carnet-vierge-noir-a-decoupe-volcan-stylo-a-gel-noir-porte-cle-eruption-vulcania\/"]}]},{"@type":"ImageObject","inLanguage":"fr-FR","@id":"https:\/\/vulcania.com\/boutique\/produit\/set-carnet-vierge-noir-a-decoupe-volcan-stylo-a-gel-noir-porte-cle-eruption-vulcania\/#primaryimage","url":"https:\/\/vulcania.com\/boutique\/wp-content\/uploads\/2025\/11\/set-souvenirs-adulte-800x800-1.jpg","contentUrl":"https:\/\/vulcania.com\/boutique\/wp-content\/uploads\/2025\/11\/set-souvenirs-adulte-800x800-1.jpg","width":800,"height":800},{"@type":"BreadcrumbList","@id":"https:\/\/vulcania.com\/boutique\/produit\/set-carnet-vierge-noir-a-decoupe-volcan-stylo-a-gel-noir-porte-cle-eruption-vulcania\/#breadcrumb","itemListElement":[{"@type":"ListItem","position":1,"name":"Accueil","item":"https:\/\/vulcania.com\/boutique\/"},{"@type":"ListItem","position":2,"name":"Nos produits","item":"https:\/\/vulcania.com\/boutique\/nos-produits\/"},{"@type":"ListItem","position":3,"name":"Set carnet vierge noir \u00e0 d\u00e9coupe volcan + stylo \u00e0 gel noir + porte-cl\u00e9 \u00e9ruption Vulcania"}]},{"@type":"WebSite","@id":"https:\/\/vulcania.com\/boutique\/#website","url":"https:\/\/vulcania.com\/boutique\/","name":"Boutique Vulcania","description":"","potentialAction":[{"@type":"SearchAction","target":{"@type":"EntryPoint","urlTemplate":"https:\/\/vulcania.com\/boutique\/?s={search_term_string}"},"query-input":{"@type":"PropertyValueSpecification","valueRequired":true,"valueName":"search_term_string"}}],"inLanguage":"fr-FR"}]}},"jetpack_sharing_enabled":true,"_links":{"self":[{"href":"https:\/\/vulcania.com\/boutique\/wp-json\/wp\/v2\/product\/4974","targetHints":{"allow":["GET"]}}],"collection":[{"href":"https:\/\/vulcania.com\/boutique\/wp-json\/wp\/v2\/product"}],"about":[{"href":"https:\/\/vulcania.com\/boutique\/wp-json\/wp\/v2\/types\/product"}],"replies":[{"embeddable":true,"href":"https:\/\/vulcania.com\/boutique\/wp-json\/wp\/v2\/comments?post=4974"}],"version-history":[{"count":10,"href":"https:\/\/vulcania.com\/boutique\/wp-json\/wp\/v2\/product\/4974\/revisions"}],"predecessor-version":[{"id":5083,"href":"https:\/\/vulcania.com\/boutique\/wp-json\/wp\/v2\/product\/4974\/revisions\/5083"}],"wp:featuredmedia":[{"embeddable":true,"href":"https:\/\/vulcania.com\/boutique\/wp-json\/wp\/v2\/media\/4982"}],"wp:attachment":[{"href":"https:\/\/vulcania.com\/boutique\/wp-json\/wp\/v2\/media?parent=4974"}],"wp:term":[{"taxonomy":"product_brand","embeddable":true,"href":"https:\/\/vulcania.com\/boutique\/wp-json\/wp\/v2\/product_brand?post=4974"},{"taxonomy":"product_cat","embeddable":true,"href":"https:\/\/vulcania.com\/boutique\/wp-json\/wp\/v2\/product_cat?post=4974"},{"taxonomy":"product_tag","embeddable":true,"href":"https:\/\/vulcania.com\/boutique\/wp-json\/wp\/v2\/product_tag?post=4974"}],"curies":[{"name":"wp","href":"https:\/\/api.w.org\/{rel}","templated":true}]}}