{"id":4749,"date":"2025-09-11T14:17:07","date_gmt":"2025-09-11T12:17:07","guid":{"rendered":"https:\/\/vulcania.com\/boutique\/?post_type=product&#038;p=4749"},"modified":"2025-12-12T16:38:51","modified_gmt":"2025-12-12T15:38:51","slug":"carnet-vierge-decoupe-solaya","status":"publish","type":"product","link":"https:\/\/vulcania.com\/boutique\/produit\/carnet-vierge-decoupe-solaya\/","title":{"rendered":"Carnet vierge d\u00e9coup\u00e9 Solaya"},"content":{"rendered":"\t\t<div data-elementor-type=\"wp-post\" data-elementor-id=\"4749\" class=\"elementor elementor-4749\">\n\t\t\t\t\t\t<section class=\"elementor-section elementor-top-section elementor-element elementor-element-64ce770 elementor-section-boxed elementor-section-height-default elementor-section-height-default\" data-id=\"64ce770\" data-element_type=\"section\" data-e-type=\"section\">\n\t\t\t\t\t\t<div class=\"elementor-container elementor-column-gap-default\">\n\t\t\t\t\t<div class=\"elementor-column elementor-col-100 elementor-top-column elementor-element elementor-element-76e16c9\" data-id=\"76e16c9\" data-element_type=\"column\" data-e-type=\"column\">\n\t\t\t<div class=\"elementor-widget-wrap elementor-element-populated\">\n\t\t\t\t\t\t<div class=\"elementor-element elementor-element-9802cc5 elementor-widget elementor-widget-text-editor\" data-id=\"9802cc5\" data-element_type=\"widget\" data-e-type=\"widget\" data-widget_type=\"text-editor.default\">\n\t\t\t\t<div class=\"elementor-widget-container\">\n\t\t\t\t\t\t\t\t\t<p data-start=\"62\" data-end=\"325\"><span style=\"letter-spacing: 0px;\">Retrouvez toute la joie et la malice de <\/span><strong style=\"letter-spacing: 0px;\" data-start=\"117\" data-end=\"168\">Solaya, l\u2019\u00e9cureuil espi\u00e8gle et amie de Pitoufeu<\/strong><span style=\"letter-spacing: 0px;\">, dans ce carnet \u00e0 spirales original et color\u00e9.<\/span><\/p>\n<p data-start=\"62\" data-end=\"325\"><span style=\"letter-spacing: 0px;\">Le carnet compte <\/span><strong style=\"letter-spacing: 0px;\" data-start=\"358\" data-end=\"370\">80 pages<\/strong><span style=\"letter-spacing: 0px;\">, dont <\/span><strong style=\"letter-spacing: 0px;\" data-start=\"377\" data-end=\"414\">20 d\u00e9coup\u00e9es \u00e0 la forme de Solaya<\/strong><span style=\"letter-spacing: 0px;\">, pour des notes et dessins encore plus ludiques et cr\u00e9atifs. Parfait pour \u00e9crire ses histoires, dessiner ou garder ses petits secrets, il s\u00e9duira les enfants en recherche de fantaisie !<\/span><\/p>\n<p data-start=\"581\" data-end=\"718\"><span style=\"font-family: 'Titillium Web', -apple-system, BlinkMacSystemFont, 'Segoe UI', Roboto, Oxygen-Sans, Ubuntu, Cantarell, 'Helvetica Neue', sans-serif; font-size: 18px; font-style: normal; font-variant-ligatures: normal; font-variant-caps: normal; font-weight: 400;\">Cr\u00e9dit photo : \u00a9Vulcania<\/span><\/p>\t\t\t\t\t\t\t\t<\/div>\n\t\t\t\t<\/div>\n\t\t\t\t\t<\/div>\n\t\t<\/div>\n\t\t\t\t\t<\/div>\n\t\t<\/section>\n\t\t\t\t<\/div>\n\t\t","protected":false},"excerpt":{"rendered":"<p>Carnet vierge \u00e0 spirales de 80 pages \u00e0 l&rsquo;effigie de Solaya, l\u2019\u00e9cureuil malicieux, pour \u00e9crire et dessiner avec fantaisie.<\/p>\n<p>Cr\u00e9dit photo : \u00a9Vulcania<\/p>\n","protected":false},"featured_media":4750,"comment_status":"open","ping_status":"closed","template":"","meta":{"rs_blank_template":"","rs_page_bg_color":"","slide_template_v7":""},"product_brand":[],"product_cat":[89],"product_tag":[120,92],"class_list":{"0":"post-4749","1":"product","2":"type-product","3":"status-publish","4":"has-post-thumbnail","6":"product_cat-livres","7":"product_tag-solaya","8":"product_tag-vulcania","10":"first","11":"instock","12":"taxable","13":"shipping-taxable","14":"purchasable","15":"product-type-simple"},"yoast_head":"<!-- This site is optimized with the Yoast SEO plugin v27.3 - https:\/\/yoast.com\/product\/yoast-seo-wordpress\/ -->\n<title>Carnet vierge d\u00e9coup\u00e9 Solaya - Boutique Vulcania<\/title>\n<meta name=\"robots\" content=\"index, follow, max-snippet:-1, max-image-preview:large, max-video-preview:-1\" \/>\n<link rel=\"canonical\" href=\"https:\/\/vulcania.com\/boutique\/produit\/carnet-vierge-decoupe-solaya\/\" \/>\n<meta property=\"og:locale\" content=\"fr_FR\" \/>\n<meta property=\"og:type\" content=\"article\" \/>\n<meta property=\"og:title\" content=\"Carnet vierge d\u00e9coup\u00e9 Solaya - Boutique Vulcania\" \/>\n<meta property=\"og:description\" content=\"Carnet vierge \u00e0 spirales de 80 pages \u00e0 l&#039;effigie de Solaya, l\u2019\u00e9cureuil malicieux, pour \u00e9crire et dessiner avec fantaisie.  Cr\u00e9dit photo : \u00a9Vulcania\" \/>\n<meta property=\"og:url\" content=\"https:\/\/vulcania.com\/boutique\/produit\/carnet-vierge-decoupe-solaya\/\" \/>\n<meta property=\"og:site_name\" content=\"Boutique Vulcania\" \/>\n<meta property=\"article:modified_time\" content=\"2025-12-12T15:38:51+00:00\" \/>\n<meta property=\"og:image\" content=\"https:\/\/vulcania.com\/boutique\/wp-content\/uploads\/2025\/09\/carnet-solaya_800x800.jpg\" \/>\n\t<meta property=\"og:image:width\" content=\"800\" \/>\n\t<meta property=\"og:image:height\" content=\"800\" \/>\n\t<meta property=\"og:image:type\" content=\"image\/jpeg\" \/>\n<meta name=\"twitter:card\" content=\"summary_large_image\" \/>\n<meta name=\"twitter:label1\" content=\"Dur\u00e9e de lecture estim\u00e9e\" \/>\n\t<meta name=\"twitter:data1\" content=\"1 minute\" \/>\n<script type=\"application\/ld+json\" class=\"yoast-schema-graph\">{\"@context\":\"https:\\\/\\\/schema.org\",\"@graph\":[{\"@type\":\"WebPage\",\"@id\":\"https:\\\/\\\/vulcania.com\\\/boutique\\\/produit\\\/carnet-vierge-decoupe-solaya\\\/\",\"url\":\"https:\\\/\\\/vulcania.com\\\/boutique\\\/produit\\\/carnet-vierge-decoupe-solaya\\\/\",\"name\":\"Carnet vierge d\u00e9coup\u00e9 Solaya - Boutique Vulcania\",\"isPartOf\":{\"@id\":\"https:\\\/\\\/vulcania.com\\\/boutique\\\/#website\"},\"primaryImageOfPage\":{\"@id\":\"https:\\\/\\\/vulcania.com\\\/boutique\\\/produit\\\/carnet-vierge-decoupe-solaya\\\/#primaryimage\"},\"image\":{\"@id\":\"https:\\\/\\\/vulcania.com\\\/boutique\\\/produit\\\/carnet-vierge-decoupe-solaya\\\/#primaryimage\"},\"thumbnailUrl\":\"https:\\\/\\\/vulcania.com\\\/boutique\\\/wp-content\\\/uploads\\\/2025\\\/09\\\/carnet-solaya_800x800.jpg\",\"datePublished\":\"2025-09-11T12:17:07+00:00\",\"dateModified\":\"2025-12-12T15:38:51+00:00\",\"breadcrumb\":{\"@id\":\"https:\\\/\\\/vulcania.com\\\/boutique\\\/produit\\\/carnet-vierge-decoupe-solaya\\\/#breadcrumb\"},\"inLanguage\":\"fr-FR\",\"potentialAction\":[{\"@type\":\"ReadAction\",\"target\":[\"https:\\\/\\\/vulcania.com\\\/boutique\\\/produit\\\/carnet-vierge-decoupe-solaya\\\/\"]}]},{\"@type\":\"ImageObject\",\"inLanguage\":\"fr-FR\",\"@id\":\"https:\\\/\\\/vulcania.com\\\/boutique\\\/produit\\\/carnet-vierge-decoupe-solaya\\\/#primaryimage\",\"url\":\"https:\\\/\\\/vulcania.com\\\/boutique\\\/wp-content\\\/uploads\\\/2025\\\/09\\\/carnet-solaya_800x800.jpg\",\"contentUrl\":\"https:\\\/\\\/vulcania.com\\\/boutique\\\/wp-content\\\/uploads\\\/2025\\\/09\\\/carnet-solaya_800x800.jpg\",\"width\":800,\"height\":800},{\"@type\":\"BreadcrumbList\",\"@id\":\"https:\\\/\\\/vulcania.com\\\/boutique\\\/produit\\\/carnet-vierge-decoupe-solaya\\\/#breadcrumb\",\"itemListElement\":[{\"@type\":\"ListItem\",\"position\":1,\"name\":\"Accueil\",\"item\":\"https:\\\/\\\/vulcania.com\\\/boutique\\\/\"},{\"@type\":\"ListItem\",\"position\":2,\"name\":\"Nos produits\",\"item\":\"https:\\\/\\\/vulcania.com\\\/boutique\\\/nos-produits\\\/\"},{\"@type\":\"ListItem\",\"position\":3,\"name\":\"Carnet vierge d\u00e9coup\u00e9 Solaya\"}]},{\"@type\":\"WebSite\",\"@id\":\"https:\\\/\\\/vulcania.com\\\/boutique\\\/#website\",\"url\":\"https:\\\/\\\/vulcania.com\\\/boutique\\\/\",\"name\":\"Boutique Vulcania\",\"description\":\"\",\"potentialAction\":[{\"@type\":\"SearchAction\",\"target\":{\"@type\":\"EntryPoint\",\"urlTemplate\":\"https:\\\/\\\/vulcania.com\\\/boutique\\\/?s={search_term_string}\"},\"query-input\":{\"@type\":\"PropertyValueSpecification\",\"valueRequired\":true,\"valueName\":\"search_term_string\"}}],\"inLanguage\":\"fr-FR\"}]}<\/script>\n<!-- \/ Yoast SEO plugin. -->","yoast_head_json":{"title":"Carnet vierge d\u00e9coup\u00e9 Solaya - Boutique Vulcania","robots":{"index":"index","follow":"follow","max-snippet":"max-snippet:-1","max-image-preview":"max-image-preview:large","max-video-preview":"max-video-preview:-1"},"canonical":"https:\/\/vulcania.com\/boutique\/produit\/carnet-vierge-decoupe-solaya\/","og_locale":"fr_FR","og_type":"article","og_title":"Carnet vierge d\u00e9coup\u00e9 Solaya - Boutique Vulcania","og_description":"Carnet vierge \u00e0 spirales de 80 pages \u00e0 l'effigie de Solaya, l\u2019\u00e9cureuil malicieux, pour \u00e9crire et dessiner avec fantaisie.  Cr\u00e9dit photo : \u00a9Vulcania","og_url":"https:\/\/vulcania.com\/boutique\/produit\/carnet-vierge-decoupe-solaya\/","og_site_name":"Boutique Vulcania","article_modified_time":"2025-12-12T15:38:51+00:00","og_image":[{"width":800,"height":800,"url":"https:\/\/vulcania.com\/boutique\/wp-content\/uploads\/2025\/09\/carnet-solaya_800x800.jpg","type":"image\/jpeg"}],"twitter_card":"summary_large_image","twitter_misc":{"Dur\u00e9e de lecture estim\u00e9e":"1 minute"},"schema":{"@context":"https:\/\/schema.org","@graph":[{"@type":"WebPage","@id":"https:\/\/vulcania.com\/boutique\/produit\/carnet-vierge-decoupe-solaya\/","url":"https:\/\/vulcania.com\/boutique\/produit\/carnet-vierge-decoupe-solaya\/","name":"Carnet vierge d\u00e9coup\u00e9 Solaya - Boutique Vulcania","isPartOf":{"@id":"https:\/\/vulcania.com\/boutique\/#website"},"primaryImageOfPage":{"@id":"https:\/\/vulcania.com\/boutique\/produit\/carnet-vierge-decoupe-solaya\/#primaryimage"},"image":{"@id":"https:\/\/vulcania.com\/boutique\/produit\/carnet-vierge-decoupe-solaya\/#primaryimage"},"thumbnailUrl":"https:\/\/vulcania.com\/boutique\/wp-content\/uploads\/2025\/09\/carnet-solaya_800x800.jpg","datePublished":"2025-09-11T12:17:07+00:00","dateModified":"2025-12-12T15:38:51+00:00","breadcrumb":{"@id":"https:\/\/vulcania.com\/boutique\/produit\/carnet-vierge-decoupe-solaya\/#breadcrumb"},"inLanguage":"fr-FR","potentialAction":[{"@type":"ReadAction","target":["https:\/\/vulcania.com\/boutique\/produit\/carnet-vierge-decoupe-solaya\/"]}]},{"@type":"ImageObject","inLanguage":"fr-FR","@id":"https:\/\/vulcania.com\/boutique\/produit\/carnet-vierge-decoupe-solaya\/#primaryimage","url":"https:\/\/vulcania.com\/boutique\/wp-content\/uploads\/2025\/09\/carnet-solaya_800x800.jpg","contentUrl":"https:\/\/vulcania.com\/boutique\/wp-content\/uploads\/2025\/09\/carnet-solaya_800x800.jpg","width":800,"height":800},{"@type":"BreadcrumbList","@id":"https:\/\/vulcania.com\/boutique\/produit\/carnet-vierge-decoupe-solaya\/#breadcrumb","itemListElement":[{"@type":"ListItem","position":1,"name":"Accueil","item":"https:\/\/vulcania.com\/boutique\/"},{"@type":"ListItem","position":2,"name":"Nos produits","item":"https:\/\/vulcania.com\/boutique\/nos-produits\/"},{"@type":"ListItem","position":3,"name":"Carnet vierge d\u00e9coup\u00e9 Solaya"}]},{"@type":"WebSite","@id":"https:\/\/vulcania.com\/boutique\/#website","url":"https:\/\/vulcania.com\/boutique\/","name":"Boutique Vulcania","description":"","potentialAction":[{"@type":"SearchAction","target":{"@type":"EntryPoint","urlTemplate":"https:\/\/vulcania.com\/boutique\/?s={search_term_string}"},"query-input":{"@type":"PropertyValueSpecification","valueRequired":true,"valueName":"search_term_string"}}],"inLanguage":"fr-FR"}]}},"jetpack_sharing_enabled":true,"_links":{"self":[{"href":"https:\/\/vulcania.com\/boutique\/wp-json\/wp\/v2\/product\/4749","targetHints":{"allow":["GET"]}}],"collection":[{"href":"https:\/\/vulcania.com\/boutique\/wp-json\/wp\/v2\/product"}],"about":[{"href":"https:\/\/vulcania.com\/boutique\/wp-json\/wp\/v2\/types\/product"}],"replies":[{"embeddable":true,"href":"https:\/\/vulcania.com\/boutique\/wp-json\/wp\/v2\/comments?post=4749"}],"version-history":[{"count":10,"href":"https:\/\/vulcania.com\/boutique\/wp-json\/wp\/v2\/product\/4749\/revisions"}],"predecessor-version":[{"id":4761,"href":"https:\/\/vulcania.com\/boutique\/wp-json\/wp\/v2\/product\/4749\/revisions\/4761"}],"wp:featuredmedia":[{"embeddable":true,"href":"https:\/\/vulcania.com\/boutique\/wp-json\/wp\/v2\/media\/4750"}],"wp:attachment":[{"href":"https:\/\/vulcania.com\/boutique\/wp-json\/wp\/v2\/media?parent=4749"}],"wp:term":[{"taxonomy":"product_brand","embeddable":true,"href":"https:\/\/vulcania.com\/boutique\/wp-json\/wp\/v2\/product_brand?post=4749"},{"taxonomy":"product_cat","embeddable":true,"href":"https:\/\/vulcania.com\/boutique\/wp-json\/wp\/v2\/product_cat?post=4749"},{"taxonomy":"product_tag","embeddable":true,"href":"https:\/\/vulcania.com\/boutique\/wp-json\/wp\/v2\/product_tag?post=4749"}],"curies":[{"name":"wp","href":"https:\/\/api.w.org\/{rel}","templated":true}]}}