{"id":4725,"date":"2025-09-11T16:10:58","date_gmt":"2025-09-11T14:10:58","guid":{"rendered":"https:\/\/vulcania.com\/boutique\/?post_type=product&#038;p=4725"},"modified":"2025-12-12T16:37:57","modified_gmt":"2025-12-12T15:37:57","slug":"carnet-vierge-noir-a-decoupe-volcan","status":"publish","type":"product","link":"https:\/\/vulcania.com\/boutique\/produit\/carnet-vierge-noir-a-decoupe-volcan\/","title":{"rendered":"Carnet vierge noir \u00e0 d\u00e9coupe volcan"},"content":{"rendered":"\t\t<div data-elementor-type=\"wp-post\" data-elementor-id=\"4725\" class=\"elementor elementor-4725\">\n\t\t\t\t\t\t<section class=\"elementor-section elementor-top-section elementor-element elementor-element-64ce770 elementor-section-boxed elementor-section-height-default elementor-section-height-default\" data-id=\"64ce770\" data-element_type=\"section\" data-e-type=\"section\">\n\t\t\t\t\t\t<div class=\"elementor-container elementor-column-gap-default\">\n\t\t\t\t\t<div class=\"elementor-column elementor-col-100 elementor-top-column elementor-element elementor-element-76e16c9\" data-id=\"76e16c9\" data-element_type=\"column\" data-e-type=\"column\">\n\t\t\t<div class=\"elementor-widget-wrap elementor-element-populated\">\n\t\t\t\t\t\t<div class=\"elementor-element elementor-element-9802cc5 elementor-widget elementor-widget-text-editor\" data-id=\"9802cc5\" data-element_type=\"widget\" data-e-type=\"widget\" data-widget_type=\"text-editor.default\">\n\t\t\t\t<div class=\"elementor-widget-container\">\n\t\t\t\t\t\t\t\t\t<p data-start=\"62\" data-end=\"325\">La couverture noire \u00e9l\u00e9gante de ce <b>carnet vierge<\/b> est sublim\u00e9e par une<b> d\u00e9coupe originale <\/b>repr\u00e9sentant un <b>volcan en \u00e9ruption<\/b>, laissant appara\u00eetre un rouge flamboyant qui \u00e9voque la lave en fusion.<\/p>\n<p data-start=\"327\" data-end=\"579\">Avec ses <strong data-start=\"336\" data-end=\"357\">120 pages<\/strong>, ce carnet est l\u2019alli\u00e9 parfait pour noter vos id\u00e9es, griffonner vos croquis ou consigner vos souvenirs. \u00c0 la fois <b>sobre et audacieux<\/b>, il s\u00e9duira aussi bien les passionn\u00e9s de volcans que les amateurs de papeterie unique.<\/p>\n<p data-start=\"581\" data-end=\"718\">Un objet <b>pratique et inspirant<\/b>, \u00e0 offrir ou \u00e0 s\u2019offrir, pour garder un peu d\u2019\u00e9nergie volcanique toujours \u00e0 port\u00e9e de main !<\/p><p data-start=\"581\" data-end=\"718\"><span style=\"font-family: &quot;Titillium Web&quot;, -apple-system, BlinkMacSystemFont, &quot;Segoe UI&quot;, Roboto, Oxygen-Sans, Ubuntu, Cantarell, &quot;Helvetica Neue&quot;, sans-serif; font-size: 18px; font-style: normal; font-variant-ligatures: normal; font-variant-caps: normal; font-weight: 400;\">Cr\u00e9dit photo : \u00a9Vulcania<\/span><\/p>\t\t\t\t\t\t\t\t<\/div>\n\t\t\t\t<\/div>\n\t\t\t\t\t<\/div>\n\t\t<\/div>\n\t\t\t\t\t<\/div>\n\t\t<\/section>\n\t\t\t\t<\/div>\n\t\t","protected":false},"excerpt":{"rendered":"<p>Ce carnet vierge de 120 pages \u00e0 la couverture noire orn\u00e9e d\u2019une d\u00e9coupe volcan en \u00e9ruption allie praticit\u00e9 et originalit\u00e9, id\u00e9al pour \u00e9crire, dessiner ou offrir.<\/p>\n<p>Cr\u00e9dit photo : \u00a9Vulcania<\/p>\n","protected":false},"featured_media":4727,"comment_status":"open","ping_status":"closed","template":"","meta":{"rs_blank_template":"","rs_page_bg_color":"","slide_template_v7":""},"product_brand":[],"product_cat":[89],"product_tag":[92],"class_list":{"0":"post-4725","1":"product","2":"type-product","3":"status-publish","4":"has-post-thumbnail","6":"product_cat-livres","7":"product_tag-vulcania","9":"first","10":"instock","11":"taxable","12":"shipping-taxable","13":"purchasable","14":"product-type-simple"},"yoast_head":"<!-- This site is optimized with the Yoast SEO plugin v27.3 - https:\/\/yoast.com\/product\/yoast-seo-wordpress\/ -->\n<title>Carnet vierge noir \u00e0 d\u00e9coupe volcan - Boutique Vulcania<\/title>\n<meta name=\"robots\" content=\"index, follow, max-snippet:-1, max-image-preview:large, max-video-preview:-1\" \/>\n<link rel=\"canonical\" href=\"https:\/\/vulcania.com\/boutique\/produit\/carnet-vierge-noir-a-decoupe-volcan\/\" \/>\n<meta property=\"og:locale\" content=\"fr_FR\" \/>\n<meta property=\"og:type\" content=\"article\" \/>\n<meta property=\"og:title\" content=\"Carnet vierge noir \u00e0 d\u00e9coupe volcan - Boutique Vulcania\" \/>\n<meta property=\"og:description\" content=\"Ce carnet vierge de 120 pages \u00e0 la couverture noire orn\u00e9e d\u2019une d\u00e9coupe volcan en \u00e9ruption allie praticit\u00e9 et originalit\u00e9, id\u00e9al pour \u00e9crire, dessiner ou offrir.  Cr\u00e9dit photo : \u00a9Vulcania\" \/>\n<meta property=\"og:url\" content=\"https:\/\/vulcania.com\/boutique\/produit\/carnet-vierge-noir-a-decoupe-volcan\/\" \/>\n<meta property=\"og:site_name\" content=\"Boutique Vulcania\" \/>\n<meta property=\"article:modified_time\" content=\"2025-12-12T15:37:57+00:00\" \/>\n<meta property=\"og:image\" content=\"https:\/\/vulcania.com\/boutique\/wp-content\/uploads\/2025\/09\/carnet-volcan_800x800.jpg\" \/>\n\t<meta property=\"og:image:width\" content=\"800\" \/>\n\t<meta property=\"og:image:height\" content=\"800\" \/>\n\t<meta property=\"og:image:type\" content=\"image\/jpeg\" \/>\n<meta name=\"twitter:card\" content=\"summary_large_image\" \/>\n<meta name=\"twitter:label1\" content=\"Dur\u00e9e de lecture estim\u00e9e\" \/>\n\t<meta name=\"twitter:data1\" content=\"1 minute\" \/>\n<script type=\"application\/ld+json\" class=\"yoast-schema-graph\">{\"@context\":\"https:\\\/\\\/schema.org\",\"@graph\":[{\"@type\":\"WebPage\",\"@id\":\"https:\\\/\\\/vulcania.com\\\/boutique\\\/produit\\\/carnet-vierge-noir-a-decoupe-volcan\\\/\",\"url\":\"https:\\\/\\\/vulcania.com\\\/boutique\\\/produit\\\/carnet-vierge-noir-a-decoupe-volcan\\\/\",\"name\":\"Carnet vierge noir \u00e0 d\u00e9coupe volcan - Boutique Vulcania\",\"isPartOf\":{\"@id\":\"https:\\\/\\\/vulcania.com\\\/boutique\\\/#website\"},\"primaryImageOfPage\":{\"@id\":\"https:\\\/\\\/vulcania.com\\\/boutique\\\/produit\\\/carnet-vierge-noir-a-decoupe-volcan\\\/#primaryimage\"},\"image\":{\"@id\":\"https:\\\/\\\/vulcania.com\\\/boutique\\\/produit\\\/carnet-vierge-noir-a-decoupe-volcan\\\/#primaryimage\"},\"thumbnailUrl\":\"https:\\\/\\\/vulcania.com\\\/boutique\\\/wp-content\\\/uploads\\\/2025\\\/09\\\/carnet-volcan_800x800.jpg\",\"datePublished\":\"2025-09-11T14:10:58+00:00\",\"dateModified\":\"2025-12-12T15:37:57+00:00\",\"breadcrumb\":{\"@id\":\"https:\\\/\\\/vulcania.com\\\/boutique\\\/produit\\\/carnet-vierge-noir-a-decoupe-volcan\\\/#breadcrumb\"},\"inLanguage\":\"fr-FR\",\"potentialAction\":[{\"@type\":\"ReadAction\",\"target\":[\"https:\\\/\\\/vulcania.com\\\/boutique\\\/produit\\\/carnet-vierge-noir-a-decoupe-volcan\\\/\"]}]},{\"@type\":\"ImageObject\",\"inLanguage\":\"fr-FR\",\"@id\":\"https:\\\/\\\/vulcania.com\\\/boutique\\\/produit\\\/carnet-vierge-noir-a-decoupe-volcan\\\/#primaryimage\",\"url\":\"https:\\\/\\\/vulcania.com\\\/boutique\\\/wp-content\\\/uploads\\\/2025\\\/09\\\/carnet-volcan_800x800.jpg\",\"contentUrl\":\"https:\\\/\\\/vulcania.com\\\/boutique\\\/wp-content\\\/uploads\\\/2025\\\/09\\\/carnet-volcan_800x800.jpg\",\"width\":800,\"height\":800},{\"@type\":\"BreadcrumbList\",\"@id\":\"https:\\\/\\\/vulcania.com\\\/boutique\\\/produit\\\/carnet-vierge-noir-a-decoupe-volcan\\\/#breadcrumb\",\"itemListElement\":[{\"@type\":\"ListItem\",\"position\":1,\"name\":\"Accueil\",\"item\":\"https:\\\/\\\/vulcania.com\\\/boutique\\\/\"},{\"@type\":\"ListItem\",\"position\":2,\"name\":\"Nos produits\",\"item\":\"https:\\\/\\\/vulcania.com\\\/boutique\\\/nos-produits\\\/\"},{\"@type\":\"ListItem\",\"position\":3,\"name\":\"Carnet vierge noir \u00e0 d\u00e9coupe volcan\"}]},{\"@type\":\"WebSite\",\"@id\":\"https:\\\/\\\/vulcania.com\\\/boutique\\\/#website\",\"url\":\"https:\\\/\\\/vulcania.com\\\/boutique\\\/\",\"name\":\"Boutique Vulcania\",\"description\":\"\",\"potentialAction\":[{\"@type\":\"SearchAction\",\"target\":{\"@type\":\"EntryPoint\",\"urlTemplate\":\"https:\\\/\\\/vulcania.com\\\/boutique\\\/?s={search_term_string}\"},\"query-input\":{\"@type\":\"PropertyValueSpecification\",\"valueRequired\":true,\"valueName\":\"search_term_string\"}}],\"inLanguage\":\"fr-FR\"}]}<\/script>\n<!-- \/ Yoast SEO plugin. -->","yoast_head_json":{"title":"Carnet vierge noir \u00e0 d\u00e9coupe volcan - Boutique Vulcania","robots":{"index":"index","follow":"follow","max-snippet":"max-snippet:-1","max-image-preview":"max-image-preview:large","max-video-preview":"max-video-preview:-1"},"canonical":"https:\/\/vulcania.com\/boutique\/produit\/carnet-vierge-noir-a-decoupe-volcan\/","og_locale":"fr_FR","og_type":"article","og_title":"Carnet vierge noir \u00e0 d\u00e9coupe volcan - Boutique Vulcania","og_description":"Ce carnet vierge de 120 pages \u00e0 la couverture noire orn\u00e9e d\u2019une d\u00e9coupe volcan en \u00e9ruption allie praticit\u00e9 et originalit\u00e9, id\u00e9al pour \u00e9crire, dessiner ou offrir.  Cr\u00e9dit photo : \u00a9Vulcania","og_url":"https:\/\/vulcania.com\/boutique\/produit\/carnet-vierge-noir-a-decoupe-volcan\/","og_site_name":"Boutique Vulcania","article_modified_time":"2025-12-12T15:37:57+00:00","og_image":[{"width":800,"height":800,"url":"https:\/\/vulcania.com\/boutique\/wp-content\/uploads\/2025\/09\/carnet-volcan_800x800.jpg","type":"image\/jpeg"}],"twitter_card":"summary_large_image","twitter_misc":{"Dur\u00e9e de lecture estim\u00e9e":"1 minute"},"schema":{"@context":"https:\/\/schema.org","@graph":[{"@type":"WebPage","@id":"https:\/\/vulcania.com\/boutique\/produit\/carnet-vierge-noir-a-decoupe-volcan\/","url":"https:\/\/vulcania.com\/boutique\/produit\/carnet-vierge-noir-a-decoupe-volcan\/","name":"Carnet vierge noir \u00e0 d\u00e9coupe volcan - Boutique Vulcania","isPartOf":{"@id":"https:\/\/vulcania.com\/boutique\/#website"},"primaryImageOfPage":{"@id":"https:\/\/vulcania.com\/boutique\/produit\/carnet-vierge-noir-a-decoupe-volcan\/#primaryimage"},"image":{"@id":"https:\/\/vulcania.com\/boutique\/produit\/carnet-vierge-noir-a-decoupe-volcan\/#primaryimage"},"thumbnailUrl":"https:\/\/vulcania.com\/boutique\/wp-content\/uploads\/2025\/09\/carnet-volcan_800x800.jpg","datePublished":"2025-09-11T14:10:58+00:00","dateModified":"2025-12-12T15:37:57+00:00","breadcrumb":{"@id":"https:\/\/vulcania.com\/boutique\/produit\/carnet-vierge-noir-a-decoupe-volcan\/#breadcrumb"},"inLanguage":"fr-FR","potentialAction":[{"@type":"ReadAction","target":["https:\/\/vulcania.com\/boutique\/produit\/carnet-vierge-noir-a-decoupe-volcan\/"]}]},{"@type":"ImageObject","inLanguage":"fr-FR","@id":"https:\/\/vulcania.com\/boutique\/produit\/carnet-vierge-noir-a-decoupe-volcan\/#primaryimage","url":"https:\/\/vulcania.com\/boutique\/wp-content\/uploads\/2025\/09\/carnet-volcan_800x800.jpg","contentUrl":"https:\/\/vulcania.com\/boutique\/wp-content\/uploads\/2025\/09\/carnet-volcan_800x800.jpg","width":800,"height":800},{"@type":"BreadcrumbList","@id":"https:\/\/vulcania.com\/boutique\/produit\/carnet-vierge-noir-a-decoupe-volcan\/#breadcrumb","itemListElement":[{"@type":"ListItem","position":1,"name":"Accueil","item":"https:\/\/vulcania.com\/boutique\/"},{"@type":"ListItem","position":2,"name":"Nos produits","item":"https:\/\/vulcania.com\/boutique\/nos-produits\/"},{"@type":"ListItem","position":3,"name":"Carnet vierge noir \u00e0 d\u00e9coupe volcan"}]},{"@type":"WebSite","@id":"https:\/\/vulcania.com\/boutique\/#website","url":"https:\/\/vulcania.com\/boutique\/","name":"Boutique Vulcania","description":"","potentialAction":[{"@type":"SearchAction","target":{"@type":"EntryPoint","urlTemplate":"https:\/\/vulcania.com\/boutique\/?s={search_term_string}"},"query-input":{"@type":"PropertyValueSpecification","valueRequired":true,"valueName":"search_term_string"}}],"inLanguage":"fr-FR"}]}},"jetpack_sharing_enabled":true,"_links":{"self":[{"href":"https:\/\/vulcania.com\/boutique\/wp-json\/wp\/v2\/product\/4725","targetHints":{"allow":["GET"]}}],"collection":[{"href":"https:\/\/vulcania.com\/boutique\/wp-json\/wp\/v2\/product"}],"about":[{"href":"https:\/\/vulcania.com\/boutique\/wp-json\/wp\/v2\/types\/product"}],"replies":[{"embeddable":true,"href":"https:\/\/vulcania.com\/boutique\/wp-json\/wp\/v2\/comments?post=4725"}],"version-history":[{"count":9,"href":"https:\/\/vulcania.com\/boutique\/wp-json\/wp\/v2\/product\/4725\/revisions"}],"predecessor-version":[{"id":4737,"href":"https:\/\/vulcania.com\/boutique\/wp-json\/wp\/v2\/product\/4725\/revisions\/4737"}],"wp:featuredmedia":[{"embeddable":true,"href":"https:\/\/vulcania.com\/boutique\/wp-json\/wp\/v2\/media\/4727"}],"wp:attachment":[{"href":"https:\/\/vulcania.com\/boutique\/wp-json\/wp\/v2\/media?parent=4725"}],"wp:term":[{"taxonomy":"product_brand","embeddable":true,"href":"https:\/\/vulcania.com\/boutique\/wp-json\/wp\/v2\/product_brand?post=4725"},{"taxonomy":"product_cat","embeddable":true,"href":"https:\/\/vulcania.com\/boutique\/wp-json\/wp\/v2\/product_cat?post=4725"},{"taxonomy":"product_tag","embeddable":true,"href":"https:\/\/vulcania.com\/boutique\/wp-json\/wp\/v2\/product_tag?post=4725"}],"curies":[{"name":"wp","href":"https:\/\/api.w.org\/{rel}","templated":true}]}}