{"id":4663,"date":"2025-07-10T14:53:13","date_gmt":"2025-07-10T12:53:13","guid":{"rendered":"https:\/\/vulcania.com\/boutique\/?post_type=product&#038;p=4663"},"modified":"2025-12-12T16:50:34","modified_gmt":"2025-12-12T15:50:34","slug":"stylo-bic-mont-fuji","status":"publish","type":"product","link":"https:\/\/vulcania.com\/boutique\/produit\/stylo-bic-mont-fuji\/","title":{"rendered":"Stylo BIC &#8211; Mont Fuji"},"content":{"rendered":"\t\t<div data-elementor-type=\"wp-post\" data-elementor-id=\"4663\" class=\"elementor elementor-4663\">\n\t\t\t\t\t\t<section class=\"elementor-section elementor-top-section elementor-element elementor-element-cdfd5f2 elementor-section-boxed elementor-section-height-default elementor-section-height-default\" data-id=\"cdfd5f2\" data-element_type=\"section\" data-e-type=\"section\">\n\t\t\t\t\t\t<div class=\"elementor-container elementor-column-gap-default\">\n\t\t\t\t\t<div class=\"elementor-column elementor-col-100 elementor-top-column elementor-element elementor-element-b9796b2\" data-id=\"b9796b2\" data-element_type=\"column\" data-e-type=\"column\">\n\t\t\t<div class=\"elementor-widget-wrap elementor-element-populated\">\n\t\t\t\t\t\t<div class=\"elementor-element elementor-element-88e6fb0 elementor-widget elementor-widget-text-editor\" data-id=\"88e6fb0\" data-element_type=\"widget\" data-e-type=\"widget\" data-widget_type=\"text-editor.default\">\n\t\t\t\t<div class=\"elementor-widget-container\">\n\t\t\t\t\t\t\t\t\t<p>Stylo de la tr\u00e8s c\u00e9l\u00e8bre marque BIC \u00e0 l&rsquo;effigie de Vulcania et du <b>Mont Fuji<\/b>. Couleur disponible : <b>bleu<\/b>.<\/p>\n<p>La marque \u00ab\u00a0<b>BIC<\/b>\u00a0\u00bb d\u00e9cline ses <b>stylos 4 couleurs <\/b>en plusieurs mod\u00e8les \u00e0 l\u2019image du parc Vulcania, de ses attractions et de ses mascottes.&nbsp;<span style=\"letter-spacing: 0px;\">Mod\u00e8les disponibles : <\/span><b style=\"letter-spacing: 0px;\">plan\u00e9tarium, lave, dragon ride 2, volcan <\/b><span style=\"letter-spacing: 0px;\">(plusieurs couleurs)<\/span><b style=\"letter-spacing: 0px;\">,&nbsp; pitoufeu <\/b><span style=\"letter-spacing: 0px;\">(plusieurs couleurs) et <\/span><b style=\"letter-spacing: 0px;\">Cha\u00eene des Puys.<\/b><\/p>\n<p>Cr\u00e9dit photo : \u00a9Vulcania<\/p>\t\t\t\t\t\t\t\t<\/div>\n\t\t\t\t<\/div>\n\t\t\t\t\t<\/div>\n\t\t<\/div>\n\t\t\t\t\t<\/div>\n\t\t<\/section>\n\t\t\t\t<\/div>\n\t\t","protected":false},"excerpt":{"rendered":"<p>Stylo de la tr\u00e8s c\u00e9l\u00e8bre marque BIC \u00e0 l&rsquo;effigie de Vulcania et du Mont Fuji. Couleur disponible : bleu.<\/p>\n<p>La marque \u00ab BIC \u00bb d\u00e9cline ses stylos en plusieurs mod\u00e8les \u00e0 l\u2019image du parc Vulcania, de ses attractions et de ses mascottes. Mod\u00e8les disponibles : plan\u00e9tarium, lave, dragon ride 2, pitoufeu (plusieurs couleurs), volcan (plusieurs couleurs) et plein d&rsquo;autres&#8230;<\/p>\n<p>Cr\u00e9dit photo : \u00a9Vulcania<\/p>\n","protected":false},"featured_media":4664,"comment_status":"open","ping_status":"closed","template":"","meta":{"rs_blank_template":"","rs_page_bg_color":"","slide_template_v7":""},"product_brand":[],"product_cat":[90],"product_tag":[92],"class_list":{"0":"post-4663","1":"product","2":"type-product","3":"status-publish","4":"has-post-thumbnail","6":"product_cat-accessoires","7":"product_tag-vulcania","9":"first","10":"instock","11":"taxable","12":"shipping-taxable","13":"purchasable","14":"product-type-simple"},"yoast_head":"<!-- This site is optimized with the Yoast SEO plugin v27.3 - https:\/\/yoast.com\/product\/yoast-seo-wordpress\/ -->\n<title>Stylo BIC - Mont Fuji - Boutique Vulcania<\/title>\n<meta name=\"description\" content=\"Stylo de la tr\u00e8s c\u00e9l\u00e8bre marque BIC \u00e0 l&#039;effigie de Vulcania et du Mont Fuji. Couleur disponible : bleu.\" \/>\n<meta name=\"robots\" content=\"index, follow, max-snippet:-1, max-image-preview:large, max-video-preview:-1\" \/>\n<link rel=\"canonical\" href=\"https:\/\/vulcania.com\/boutique\/produit\/stylo-bic-mont-fuji\/\" \/>\n<meta property=\"og:locale\" content=\"fr_FR\" \/>\n<meta property=\"og:type\" content=\"article\" \/>\n<meta property=\"og:title\" content=\"Stylo BIC - Mont Fuji - Boutique Vulcania\" \/>\n<meta property=\"og:description\" content=\"Stylo de la tr\u00e8s c\u00e9l\u00e8bre marque BIC \u00e0 l&#039;effigie de Vulcania et du Mont Fuji. Couleur disponible : bleu.\" \/>\n<meta property=\"og:url\" content=\"https:\/\/vulcania.com\/boutique\/produit\/stylo-bic-mont-fuji\/\" \/>\n<meta property=\"og:site_name\" content=\"Boutique Vulcania\" \/>\n<meta property=\"article:modified_time\" content=\"2025-12-12T15:50:34+00:00\" \/>\n<meta property=\"og:image\" content=\"https:\/\/vulcania.com\/boutique\/wp-content\/uploads\/2025\/07\/BIC-mont-fuji-1.jpg\" \/>\n\t<meta property=\"og:image:width\" content=\"800\" \/>\n\t<meta property=\"og:image:height\" content=\"800\" \/>\n\t<meta property=\"og:image:type\" content=\"image\/jpeg\" \/>\n<meta name=\"twitter:card\" content=\"summary_large_image\" \/>\n<meta name=\"twitter:label1\" content=\"Dur\u00e9e de lecture estim\u00e9e\" \/>\n\t<meta name=\"twitter:data1\" content=\"1 minute\" \/>\n<script type=\"application\/ld+json\" class=\"yoast-schema-graph\">{\"@context\":\"https:\\\/\\\/schema.org\",\"@graph\":[{\"@type\":\"WebPage\",\"@id\":\"https:\\\/\\\/vulcania.com\\\/boutique\\\/produit\\\/stylo-bic-mont-fuji\\\/\",\"url\":\"https:\\\/\\\/vulcania.com\\\/boutique\\\/produit\\\/stylo-bic-mont-fuji\\\/\",\"name\":\"Stylo BIC - Mont Fuji - Boutique Vulcania\",\"isPartOf\":{\"@id\":\"https:\\\/\\\/vulcania.com\\\/boutique\\\/#website\"},\"primaryImageOfPage\":{\"@id\":\"https:\\\/\\\/vulcania.com\\\/boutique\\\/produit\\\/stylo-bic-mont-fuji\\\/#primaryimage\"},\"image\":{\"@id\":\"https:\\\/\\\/vulcania.com\\\/boutique\\\/produit\\\/stylo-bic-mont-fuji\\\/#primaryimage\"},\"thumbnailUrl\":\"https:\\\/\\\/vulcania.com\\\/boutique\\\/wp-content\\\/uploads\\\/2025\\\/07\\\/BIC-mont-fuji-1.jpg\",\"datePublished\":\"2025-07-10T12:53:13+00:00\",\"dateModified\":\"2025-12-12T15:50:34+00:00\",\"description\":\"Stylo de la tr\u00e8s c\u00e9l\u00e8bre marque BIC \u00e0 l'effigie de Vulcania et du Mont Fuji. Couleur disponible : bleu.\",\"breadcrumb\":{\"@id\":\"https:\\\/\\\/vulcania.com\\\/boutique\\\/produit\\\/stylo-bic-mont-fuji\\\/#breadcrumb\"},\"inLanguage\":\"fr-FR\",\"potentialAction\":[{\"@type\":\"ReadAction\",\"target\":[\"https:\\\/\\\/vulcania.com\\\/boutique\\\/produit\\\/stylo-bic-mont-fuji\\\/\"]}]},{\"@type\":\"ImageObject\",\"inLanguage\":\"fr-FR\",\"@id\":\"https:\\\/\\\/vulcania.com\\\/boutique\\\/produit\\\/stylo-bic-mont-fuji\\\/#primaryimage\",\"url\":\"https:\\\/\\\/vulcania.com\\\/boutique\\\/wp-content\\\/uploads\\\/2025\\\/07\\\/BIC-mont-fuji-1.jpg\",\"contentUrl\":\"https:\\\/\\\/vulcania.com\\\/boutique\\\/wp-content\\\/uploads\\\/2025\\\/07\\\/BIC-mont-fuji-1.jpg\",\"width\":800,\"height\":800},{\"@type\":\"BreadcrumbList\",\"@id\":\"https:\\\/\\\/vulcania.com\\\/boutique\\\/produit\\\/stylo-bic-mont-fuji\\\/#breadcrumb\",\"itemListElement\":[{\"@type\":\"ListItem\",\"position\":1,\"name\":\"Accueil\",\"item\":\"https:\\\/\\\/vulcania.com\\\/boutique\\\/\"},{\"@type\":\"ListItem\",\"position\":2,\"name\":\"Nos produits\",\"item\":\"https:\\\/\\\/vulcania.com\\\/boutique\\\/nos-produits\\\/\"},{\"@type\":\"ListItem\",\"position\":3,\"name\":\"Stylo BIC &#8211; Mont Fuji\"}]},{\"@type\":\"WebSite\",\"@id\":\"https:\\\/\\\/vulcania.com\\\/boutique\\\/#website\",\"url\":\"https:\\\/\\\/vulcania.com\\\/boutique\\\/\",\"name\":\"Boutique Vulcania\",\"description\":\"\",\"potentialAction\":[{\"@type\":\"SearchAction\",\"target\":{\"@type\":\"EntryPoint\",\"urlTemplate\":\"https:\\\/\\\/vulcania.com\\\/boutique\\\/?s={search_term_string}\"},\"query-input\":{\"@type\":\"PropertyValueSpecification\",\"valueRequired\":true,\"valueName\":\"search_term_string\"}}],\"inLanguage\":\"fr-FR\"}]}<\/script>\n<!-- \/ Yoast SEO plugin. -->","yoast_head_json":{"title":"Stylo BIC - Mont Fuji - Boutique Vulcania","description":"Stylo de la tr\u00e8s c\u00e9l\u00e8bre marque BIC \u00e0 l'effigie de Vulcania et du Mont Fuji. Couleur disponible : bleu.","robots":{"index":"index","follow":"follow","max-snippet":"max-snippet:-1","max-image-preview":"max-image-preview:large","max-video-preview":"max-video-preview:-1"},"canonical":"https:\/\/vulcania.com\/boutique\/produit\/stylo-bic-mont-fuji\/","og_locale":"fr_FR","og_type":"article","og_title":"Stylo BIC - Mont Fuji - Boutique Vulcania","og_description":"Stylo de la tr\u00e8s c\u00e9l\u00e8bre marque BIC \u00e0 l'effigie de Vulcania et du Mont Fuji. Couleur disponible : bleu.","og_url":"https:\/\/vulcania.com\/boutique\/produit\/stylo-bic-mont-fuji\/","og_site_name":"Boutique Vulcania","article_modified_time":"2025-12-12T15:50:34+00:00","og_image":[{"width":800,"height":800,"url":"https:\/\/vulcania.com\/boutique\/wp-content\/uploads\/2025\/07\/BIC-mont-fuji-1.jpg","type":"image\/jpeg"}],"twitter_card":"summary_large_image","twitter_misc":{"Dur\u00e9e de lecture estim\u00e9e":"1 minute"},"schema":{"@context":"https:\/\/schema.org","@graph":[{"@type":"WebPage","@id":"https:\/\/vulcania.com\/boutique\/produit\/stylo-bic-mont-fuji\/","url":"https:\/\/vulcania.com\/boutique\/produit\/stylo-bic-mont-fuji\/","name":"Stylo BIC - Mont Fuji - Boutique Vulcania","isPartOf":{"@id":"https:\/\/vulcania.com\/boutique\/#website"},"primaryImageOfPage":{"@id":"https:\/\/vulcania.com\/boutique\/produit\/stylo-bic-mont-fuji\/#primaryimage"},"image":{"@id":"https:\/\/vulcania.com\/boutique\/produit\/stylo-bic-mont-fuji\/#primaryimage"},"thumbnailUrl":"https:\/\/vulcania.com\/boutique\/wp-content\/uploads\/2025\/07\/BIC-mont-fuji-1.jpg","datePublished":"2025-07-10T12:53:13+00:00","dateModified":"2025-12-12T15:50:34+00:00","description":"Stylo de la tr\u00e8s c\u00e9l\u00e8bre marque BIC \u00e0 l'effigie de Vulcania et du Mont Fuji. Couleur disponible : bleu.","breadcrumb":{"@id":"https:\/\/vulcania.com\/boutique\/produit\/stylo-bic-mont-fuji\/#breadcrumb"},"inLanguage":"fr-FR","potentialAction":[{"@type":"ReadAction","target":["https:\/\/vulcania.com\/boutique\/produit\/stylo-bic-mont-fuji\/"]}]},{"@type":"ImageObject","inLanguage":"fr-FR","@id":"https:\/\/vulcania.com\/boutique\/produit\/stylo-bic-mont-fuji\/#primaryimage","url":"https:\/\/vulcania.com\/boutique\/wp-content\/uploads\/2025\/07\/BIC-mont-fuji-1.jpg","contentUrl":"https:\/\/vulcania.com\/boutique\/wp-content\/uploads\/2025\/07\/BIC-mont-fuji-1.jpg","width":800,"height":800},{"@type":"BreadcrumbList","@id":"https:\/\/vulcania.com\/boutique\/produit\/stylo-bic-mont-fuji\/#breadcrumb","itemListElement":[{"@type":"ListItem","position":1,"name":"Accueil","item":"https:\/\/vulcania.com\/boutique\/"},{"@type":"ListItem","position":2,"name":"Nos produits","item":"https:\/\/vulcania.com\/boutique\/nos-produits\/"},{"@type":"ListItem","position":3,"name":"Stylo BIC &#8211; Mont Fuji"}]},{"@type":"WebSite","@id":"https:\/\/vulcania.com\/boutique\/#website","url":"https:\/\/vulcania.com\/boutique\/","name":"Boutique Vulcania","description":"","potentialAction":[{"@type":"SearchAction","target":{"@type":"EntryPoint","urlTemplate":"https:\/\/vulcania.com\/boutique\/?s={search_term_string}"},"query-input":{"@type":"PropertyValueSpecification","valueRequired":true,"valueName":"search_term_string"}}],"inLanguage":"fr-FR"}]}},"jetpack_sharing_enabled":true,"_links":{"self":[{"href":"https:\/\/vulcania.com\/boutique\/wp-json\/wp\/v2\/product\/4663","targetHints":{"allow":["GET"]}}],"collection":[{"href":"https:\/\/vulcania.com\/boutique\/wp-json\/wp\/v2\/product"}],"about":[{"href":"https:\/\/vulcania.com\/boutique\/wp-json\/wp\/v2\/types\/product"}],"replies":[{"embeddable":true,"href":"https:\/\/vulcania.com\/boutique\/wp-json\/wp\/v2\/comments?post=4663"}],"version-history":[{"count":9,"href":"https:\/\/vulcania.com\/boutique\/wp-json\/wp\/v2\/product\/4663\/revisions"}],"predecessor-version":[{"id":4689,"href":"https:\/\/vulcania.com\/boutique\/wp-json\/wp\/v2\/product\/4663\/revisions\/4689"}],"wp:featuredmedia":[{"embeddable":true,"href":"https:\/\/vulcania.com\/boutique\/wp-json\/wp\/v2\/media\/4664"}],"wp:attachment":[{"href":"https:\/\/vulcania.com\/boutique\/wp-json\/wp\/v2\/media?parent=4663"}],"wp:term":[{"taxonomy":"product_brand","embeddable":true,"href":"https:\/\/vulcania.com\/boutique\/wp-json\/wp\/v2\/product_brand?post=4663"},{"taxonomy":"product_cat","embeddable":true,"href":"https:\/\/vulcania.com\/boutique\/wp-json\/wp\/v2\/product_cat?post=4663"},{"taxonomy":"product_tag","embeddable":true,"href":"https:\/\/vulcania.com\/boutique\/wp-json\/wp\/v2\/product_tag?post=4663"}],"curies":[{"name":"wp","href":"https:\/\/api.w.org\/{rel}","templated":true}]}}