{"id":4638,"date":"2025-07-09T13:37:34","date_gmt":"2025-07-09T11:37:34","guid":{"rendered":"https:\/\/vulcania.com\/boutique\/?post_type=product&#038;p=4638"},"modified":"2026-02-16T16:05:09","modified_gmt":"2026-02-16T15:05:09","slug":"stylo-bic-volcan-bois-noir-2","status":"publish","type":"product","link":"https:\/\/vulcania.com\/boutique\/produit\/stylo-bic-volcan-bois-noir-2\/","title":{"rendered":"Stylo BIC VOLCAN &#8211; Bois noir"},"content":{"rendered":"\t\t<div data-elementor-type=\"wp-post\" data-elementor-id=\"4638\" class=\"elementor elementor-4638\">\n\t\t\t\t\t\t<section class=\"elementor-section elementor-top-section elementor-element elementor-element-cdfd5f2 elementor-section-boxed elementor-section-height-default elementor-section-height-default\" data-id=\"cdfd5f2\" data-element_type=\"section\" data-e-type=\"section\">\n\t\t\t\t\t\t<div class=\"elementor-container elementor-column-gap-default\">\n\t\t\t\t\t<div class=\"elementor-column elementor-col-100 elementor-top-column elementor-element elementor-element-b9796b2\" data-id=\"b9796b2\" data-element_type=\"column\" data-e-type=\"column\">\n\t\t\t<div class=\"elementor-widget-wrap elementor-element-populated\">\n\t\t\t\t\t\t<div class=\"elementor-element elementor-element-88e6fb0 elementor-widget elementor-widget-text-editor\" data-id=\"88e6fb0\" data-element_type=\"widget\" data-e-type=\"widget\" data-widget_type=\"text-editor.default\">\n\t\t\t\t<div class=\"elementor-widget-container\">\n\t\t\t\t\t\t\t\t\t<p>La marque \u00ab\u00a0<b>BIC<\/b>\u00a0\u00bb d\u00e9cline ses <b>stylos 4 couleurs <\/b>en plusieurs mod\u00e8les \u00e0 l\u2019image du parc Vulcania, de ses attractions et de ses mascottes.<\/p>\n<p>Mod\u00e8les disponibles : <b>plan\u00e9tarium, lave, dragon ride 2, volcan <\/b>(plusieurs couleurs) <b>et pitoufeu <\/b>(plusieurs couleurs).<br><\/p>\n<p>Cr\u00e9dit photo : \u00a9Vulcania<\/p>\t\t\t\t\t\t\t\t<\/div>\n\t\t\t\t<\/div>\n\t\t\t\t\t<\/div>\n\t\t<\/div>\n\t\t\t\t\t<\/div>\n\t\t<\/section>\n\t\t\t\t<\/div>\n\t\t","protected":false},"excerpt":{"rendered":"<p>La marque \u00ab\u00a0BIC\u00a0\u00bb d\u00e9cline ses stylos 4 couleurs en plusieurs mod\u00e8les \u00e0 l\u2019image du parc Vulcania, de ses attractions et de ses mascottes.<\/p>\n<p>Mod\u00e8les disponibles : plan\u00e9tarium, lave, dragon ride 2, pitoufeu (plusieurs couleurs), volcan (plusieurs couleurs).<\/p>\n<p>Cr\u00e9dit photo : \u00a9Vulcania<\/p>\n","protected":false},"featured_media":4639,"comment_status":"open","ping_status":"closed","template":"","meta":{"rs_blank_template":"","rs_page_bg_color":"","slide_template_v7":""},"product_brand":[],"product_cat":[90,110],"product_tag":[92],"class_list":{"0":"post-4638","1":"product","2":"type-product","3":"status-publish","4":"has-post-thumbnail","6":"product_cat-accessoires","7":"product_cat-stylos-bic-4-couleurs","8":"product_tag-vulcania","10":"first","11":"instock","12":"taxable","13":"shipping-taxable","14":"purchasable","15":"product-type-simple"},"yoast_head":"<!-- This site is optimized with the Yoast SEO plugin v27.3 - https:\/\/yoast.com\/product\/yoast-seo-wordpress\/ -->\n<title>Stylo BIC VOLCAN - Bois noir - Boutique Vulcania<\/title>\n<meta name=\"description\" content=\"La marque \u00ab\u00a0BIC\u00a0\u00bb d\u00e9cline ses stylos 4 couleurs en plusieurs mod\u00e8les \u00e0 l\u2019image du parc Vulcania, de ses attractions et de ses mascottes.\" \/>\n<meta name=\"robots\" content=\"index, follow, max-snippet:-1, max-image-preview:large, max-video-preview:-1\" \/>\n<link rel=\"canonical\" href=\"https:\/\/vulcania.com\/boutique\/produit\/stylo-bic-volcan-bois-noir-2\/\" \/>\n<meta property=\"og:locale\" content=\"fr_FR\" \/>\n<meta property=\"og:type\" content=\"article\" \/>\n<meta property=\"og:title\" content=\"Stylo BIC VOLCAN - Bois noir - Boutique Vulcania\" \/>\n<meta property=\"og:description\" content=\"La marque \u00ab\u00a0BIC\u00a0\u00bb d\u00e9cline ses stylos 4 couleurs en plusieurs mod\u00e8les \u00e0 l\u2019image du parc Vulcania, de ses attractions et de ses mascottes.\" \/>\n<meta property=\"og:url\" content=\"https:\/\/vulcania.com\/boutique\/produit\/stylo-bic-volcan-bois-noir-2\/\" \/>\n<meta property=\"og:site_name\" content=\"Boutique Vulcania\" \/>\n<meta property=\"article:modified_time\" content=\"2026-02-16T15:05:09+00:00\" \/>\n<meta property=\"og:image\" content=\"https:\/\/vulcania.com\/boutique\/wp-content\/uploads\/2025\/07\/BIC-noir-volcan-rouge-1.jpg\" \/>\n\t<meta property=\"og:image:width\" content=\"800\" \/>\n\t<meta property=\"og:image:height\" content=\"800\" \/>\n\t<meta property=\"og:image:type\" content=\"image\/jpeg\" \/>\n<meta name=\"twitter:card\" content=\"summary_large_image\" \/>\n<meta name=\"twitter:label1\" content=\"Dur\u00e9e de lecture estim\u00e9e\" \/>\n\t<meta name=\"twitter:data1\" content=\"1 minute\" \/>\n<script type=\"application\/ld+json\" class=\"yoast-schema-graph\">{\"@context\":\"https:\\\/\\\/schema.org\",\"@graph\":[{\"@type\":\"WebPage\",\"@id\":\"https:\\\/\\\/vulcania.com\\\/boutique\\\/produit\\\/stylo-bic-volcan-bois-noir-2\\\/\",\"url\":\"https:\\\/\\\/vulcania.com\\\/boutique\\\/produit\\\/stylo-bic-volcan-bois-noir-2\\\/\",\"name\":\"Stylo BIC VOLCAN - Bois noir - Boutique Vulcania\",\"isPartOf\":{\"@id\":\"https:\\\/\\\/vulcania.com\\\/boutique\\\/#website\"},\"primaryImageOfPage\":{\"@id\":\"https:\\\/\\\/vulcania.com\\\/boutique\\\/produit\\\/stylo-bic-volcan-bois-noir-2\\\/#primaryimage\"},\"image\":{\"@id\":\"https:\\\/\\\/vulcania.com\\\/boutique\\\/produit\\\/stylo-bic-volcan-bois-noir-2\\\/#primaryimage\"},\"thumbnailUrl\":\"https:\\\/\\\/vulcania.com\\\/boutique\\\/wp-content\\\/uploads\\\/2025\\\/07\\\/BIC-noir-volcan-rouge-1.jpg\",\"datePublished\":\"2025-07-09T11:37:34+00:00\",\"dateModified\":\"2026-02-16T15:05:09+00:00\",\"description\":\"La marque \u00ab\u00a0BIC\u00a0\u00bb d\u00e9cline ses stylos 4 couleurs en plusieurs mod\u00e8les \u00e0 l\u2019image du parc Vulcania, de ses attractions et de ses mascottes.\",\"breadcrumb\":{\"@id\":\"https:\\\/\\\/vulcania.com\\\/boutique\\\/produit\\\/stylo-bic-volcan-bois-noir-2\\\/#breadcrumb\"},\"inLanguage\":\"fr-FR\",\"potentialAction\":[{\"@type\":\"ReadAction\",\"target\":[\"https:\\\/\\\/vulcania.com\\\/boutique\\\/produit\\\/stylo-bic-volcan-bois-noir-2\\\/\"]}]},{\"@type\":\"ImageObject\",\"inLanguage\":\"fr-FR\",\"@id\":\"https:\\\/\\\/vulcania.com\\\/boutique\\\/produit\\\/stylo-bic-volcan-bois-noir-2\\\/#primaryimage\",\"url\":\"https:\\\/\\\/vulcania.com\\\/boutique\\\/wp-content\\\/uploads\\\/2025\\\/07\\\/BIC-noir-volcan-rouge-1.jpg\",\"contentUrl\":\"https:\\\/\\\/vulcania.com\\\/boutique\\\/wp-content\\\/uploads\\\/2025\\\/07\\\/BIC-noir-volcan-rouge-1.jpg\",\"width\":800,\"height\":800},{\"@type\":\"BreadcrumbList\",\"@id\":\"https:\\\/\\\/vulcania.com\\\/boutique\\\/produit\\\/stylo-bic-volcan-bois-noir-2\\\/#breadcrumb\",\"itemListElement\":[{\"@type\":\"ListItem\",\"position\":1,\"name\":\"Accueil\",\"item\":\"https:\\\/\\\/vulcania.com\\\/boutique\\\/\"},{\"@type\":\"ListItem\",\"position\":2,\"name\":\"Nos produits\",\"item\":\"https:\\\/\\\/vulcania.com\\\/boutique\\\/nos-produits\\\/\"},{\"@type\":\"ListItem\",\"position\":3,\"name\":\"Stylo BIC VOLCAN &#8211; Bois noir\"}]},{\"@type\":\"WebSite\",\"@id\":\"https:\\\/\\\/vulcania.com\\\/boutique\\\/#website\",\"url\":\"https:\\\/\\\/vulcania.com\\\/boutique\\\/\",\"name\":\"Boutique Vulcania\",\"description\":\"\",\"potentialAction\":[{\"@type\":\"SearchAction\",\"target\":{\"@type\":\"EntryPoint\",\"urlTemplate\":\"https:\\\/\\\/vulcania.com\\\/boutique\\\/?s={search_term_string}\"},\"query-input\":{\"@type\":\"PropertyValueSpecification\",\"valueRequired\":true,\"valueName\":\"search_term_string\"}}],\"inLanguage\":\"fr-FR\"}]}<\/script>\n<!-- \/ Yoast SEO plugin. -->","yoast_head_json":{"title":"Stylo BIC VOLCAN - Bois noir - Boutique Vulcania","description":"La marque \u00ab\u00a0BIC\u00a0\u00bb d\u00e9cline ses stylos 4 couleurs en plusieurs mod\u00e8les \u00e0 l\u2019image du parc Vulcania, de ses attractions et de ses mascottes.","robots":{"index":"index","follow":"follow","max-snippet":"max-snippet:-1","max-image-preview":"max-image-preview:large","max-video-preview":"max-video-preview:-1"},"canonical":"https:\/\/vulcania.com\/boutique\/produit\/stylo-bic-volcan-bois-noir-2\/","og_locale":"fr_FR","og_type":"article","og_title":"Stylo BIC VOLCAN - Bois noir - Boutique Vulcania","og_description":"La marque \u00ab\u00a0BIC\u00a0\u00bb d\u00e9cline ses stylos 4 couleurs en plusieurs mod\u00e8les \u00e0 l\u2019image du parc Vulcania, de ses attractions et de ses mascottes.","og_url":"https:\/\/vulcania.com\/boutique\/produit\/stylo-bic-volcan-bois-noir-2\/","og_site_name":"Boutique Vulcania","article_modified_time":"2026-02-16T15:05:09+00:00","og_image":[{"width":800,"height":800,"url":"https:\/\/vulcania.com\/boutique\/wp-content\/uploads\/2025\/07\/BIC-noir-volcan-rouge-1.jpg","type":"image\/jpeg"}],"twitter_card":"summary_large_image","twitter_misc":{"Dur\u00e9e de lecture estim\u00e9e":"1 minute"},"schema":{"@context":"https:\/\/schema.org","@graph":[{"@type":"WebPage","@id":"https:\/\/vulcania.com\/boutique\/produit\/stylo-bic-volcan-bois-noir-2\/","url":"https:\/\/vulcania.com\/boutique\/produit\/stylo-bic-volcan-bois-noir-2\/","name":"Stylo BIC VOLCAN - Bois noir - Boutique Vulcania","isPartOf":{"@id":"https:\/\/vulcania.com\/boutique\/#website"},"primaryImageOfPage":{"@id":"https:\/\/vulcania.com\/boutique\/produit\/stylo-bic-volcan-bois-noir-2\/#primaryimage"},"image":{"@id":"https:\/\/vulcania.com\/boutique\/produit\/stylo-bic-volcan-bois-noir-2\/#primaryimage"},"thumbnailUrl":"https:\/\/vulcania.com\/boutique\/wp-content\/uploads\/2025\/07\/BIC-noir-volcan-rouge-1.jpg","datePublished":"2025-07-09T11:37:34+00:00","dateModified":"2026-02-16T15:05:09+00:00","description":"La marque \u00ab\u00a0BIC\u00a0\u00bb d\u00e9cline ses stylos 4 couleurs en plusieurs mod\u00e8les \u00e0 l\u2019image du parc Vulcania, de ses attractions et de ses mascottes.","breadcrumb":{"@id":"https:\/\/vulcania.com\/boutique\/produit\/stylo-bic-volcan-bois-noir-2\/#breadcrumb"},"inLanguage":"fr-FR","potentialAction":[{"@type":"ReadAction","target":["https:\/\/vulcania.com\/boutique\/produit\/stylo-bic-volcan-bois-noir-2\/"]}]},{"@type":"ImageObject","inLanguage":"fr-FR","@id":"https:\/\/vulcania.com\/boutique\/produit\/stylo-bic-volcan-bois-noir-2\/#primaryimage","url":"https:\/\/vulcania.com\/boutique\/wp-content\/uploads\/2025\/07\/BIC-noir-volcan-rouge-1.jpg","contentUrl":"https:\/\/vulcania.com\/boutique\/wp-content\/uploads\/2025\/07\/BIC-noir-volcan-rouge-1.jpg","width":800,"height":800},{"@type":"BreadcrumbList","@id":"https:\/\/vulcania.com\/boutique\/produit\/stylo-bic-volcan-bois-noir-2\/#breadcrumb","itemListElement":[{"@type":"ListItem","position":1,"name":"Accueil","item":"https:\/\/vulcania.com\/boutique\/"},{"@type":"ListItem","position":2,"name":"Nos produits","item":"https:\/\/vulcania.com\/boutique\/nos-produits\/"},{"@type":"ListItem","position":3,"name":"Stylo BIC VOLCAN &#8211; Bois noir"}]},{"@type":"WebSite","@id":"https:\/\/vulcania.com\/boutique\/#website","url":"https:\/\/vulcania.com\/boutique\/","name":"Boutique Vulcania","description":"","potentialAction":[{"@type":"SearchAction","target":{"@type":"EntryPoint","urlTemplate":"https:\/\/vulcania.com\/boutique\/?s={search_term_string}"},"query-input":{"@type":"PropertyValueSpecification","valueRequired":true,"valueName":"search_term_string"}}],"inLanguage":"fr-FR"}]}},"jetpack_sharing_enabled":true,"_links":{"self":[{"href":"https:\/\/vulcania.com\/boutique\/wp-json\/wp\/v2\/product\/4638","targetHints":{"allow":["GET"]}}],"collection":[{"href":"https:\/\/vulcania.com\/boutique\/wp-json\/wp\/v2\/product"}],"about":[{"href":"https:\/\/vulcania.com\/boutique\/wp-json\/wp\/v2\/types\/product"}],"replies":[{"embeddable":true,"href":"https:\/\/vulcania.com\/boutique\/wp-json\/wp\/v2\/comments?post=4638"}],"version-history":[{"count":1,"href":"https:\/\/vulcania.com\/boutique\/wp-json\/wp\/v2\/product\/4638\/revisions"}],"predecessor-version":[{"id":4641,"href":"https:\/\/vulcania.com\/boutique\/wp-json\/wp\/v2\/product\/4638\/revisions\/4641"}],"wp:featuredmedia":[{"embeddable":true,"href":"https:\/\/vulcania.com\/boutique\/wp-json\/wp\/v2\/media\/4639"}],"wp:attachment":[{"href":"https:\/\/vulcania.com\/boutique\/wp-json\/wp\/v2\/media?parent=4638"}],"wp:term":[{"taxonomy":"product_brand","embeddable":true,"href":"https:\/\/vulcania.com\/boutique\/wp-json\/wp\/v2\/product_brand?post=4638"},{"taxonomy":"product_cat","embeddable":true,"href":"https:\/\/vulcania.com\/boutique\/wp-json\/wp\/v2\/product_cat?post=4638"},{"taxonomy":"product_tag","embeddable":true,"href":"https:\/\/vulcania.com\/boutique\/wp-json\/wp\/v2\/product_tag?post=4638"}],"curies":[{"name":"wp","href":"https:\/\/api.w.org\/{rel}","templated":true}]}}