{"id":4450,"date":"2025-03-10T10:28:26","date_gmt":"2025-03-10T09:28:26","guid":{"rendered":"https:\/\/vulcania.com\/boutique\/?post_type=product&#038;p=4450"},"modified":"2025-10-24T15:43:56","modified_gmt":"2025-10-24T13:43:56","slug":"billet-euro-souvenir-0-euro-dinosaures","status":"publish","type":"product","link":"https:\/\/vulcania.com\/boutique\/produit\/billet-euro-souvenir-0-euro-dinosaures\/","title":{"rendered":"Billet Euro souvenir 0 euro &#8211; Dinosaures"},"content":{"rendered":"\t\t<div data-elementor-type=\"wp-post\" data-elementor-id=\"4450\" class=\"elementor elementor-4450\">\n\t\t\t\t\t\t<section class=\"elementor-section elementor-top-section elementor-element elementor-element-cdfd5f2 elementor-section-boxed elementor-section-height-default elementor-section-height-default\" data-id=\"cdfd5f2\" data-element_type=\"section\" data-e-type=\"section\">\n\t\t\t\t\t\t<div class=\"elementor-container elementor-column-gap-default\">\n\t\t\t\t\t<div class=\"elementor-column elementor-col-100 elementor-top-column elementor-element elementor-element-b9796b2\" data-id=\"b9796b2\" data-element_type=\"column\" data-e-type=\"column\">\n\t\t\t<div class=\"elementor-widget-wrap elementor-element-populated\">\n\t\t\t\t\t\t<div class=\"elementor-element elementor-element-9af49e3 elementor-widget elementor-widget-text-editor\" data-id=\"9af49e3\" data-element_type=\"widget\" data-e-type=\"widget\" data-widget_type=\"text-editor.default\">\n\t\t\t\t<div class=\"elementor-widget-container\">\n\t\t\t\t\t\t\t\t\t<p style=\"box-sizing: inherit; font-style: normal; font-variant-ligatures: normal; font-variant-caps: normal; font-weight: 400; font-size: 18px; font-family: 'Titillium Web', -apple-system, BlinkMacSystemFont, 'Segoe UI', Roboto, Oxygen-Sans, Ubuntu, Cantarell, 'Helvetica Neue', sans-serif; background-color: #fcfcfc;\"><strong>Billet de collection<\/strong> avec toutes les caract\u00e9ristiques d\u2019un billet de banque moderne : points de s\u00e9curit\u00e9, hologramme, U.V., filigrane, etc.<\/p><p style=\"box-sizing: inherit; font-style: normal; font-variant-ligatures: normal; font-variant-caps: normal; font-weight: 400; font-size: 18px; font-family: 'Titillium Web', -apple-system, BlinkMacSystemFont, 'Segoe UI', Roboto, Oxygen-Sans, Ubuntu, Cantarell, 'Helvetica Neue', sans-serif; background-color: #fcfcfc;\">Mod\u00e8les disponibles : <strong>volcanologue, dragon ride 2, volcan, dinosaures.<\/strong><\/p><p>Cr\u00e9dit photo : \u00a9Vulcania<\/p>\t\t\t\t\t\t\t\t<\/div>\n\t\t\t\t<\/div>\n\t\t\t\t\t<\/div>\n\t\t<\/div>\n\t\t\t\t\t<\/div>\n\t\t<\/section>\n\t\t\t\t<\/div>\n\t\t","protected":false},"excerpt":{"rendered":"<p>Billet de collection avec toutes les caract\u00e9ristiques d\u2019un billet de banque moderne : points de s\u00e9curit\u00e9, hologramme, U.V., filigrane, etc.<\/p>\n<p>Mod\u00e8les disponibles : volcanologue, dragon ride 2, volcan, dinosaures.<\/p>\n<p>Cr\u00e9dit photo : \u00a9Vulcania<\/p>\n","protected":false},"featured_media":4935,"comment_status":"open","ping_status":"closed","template":"","meta":{"rs_blank_template":"","rs_page_bg_color":"","slide_template_v7":""},"product_brand":[],"product_cat":[90,109,119],"product_tag":[92],"class_list":{"0":"post-4450","1":"product","2":"type-product","3":"status-publish","4":"has-post-thumbnail","6":"product_cat-accessoires","7":"product_cat-billets-euro-souvenir-0-euros","8":"product_cat-meilleures-ventes","9":"product_tag-vulcania","11":"first","12":"instock","13":"taxable","14":"shipping-taxable","15":"purchasable","16":"product-type-simple"},"yoast_head":"<!-- This site is optimized with the Yoast SEO plugin v27.3 - https:\/\/yoast.com\/product\/yoast-seo-wordpress\/ -->\n<title>Billet Euro souvenir 0 euro - Dinosaures - Boutique Vulcania<\/title>\n<meta name=\"robots\" content=\"index, follow, max-snippet:-1, max-image-preview:large, max-video-preview:-1\" \/>\n<link rel=\"canonical\" href=\"https:\/\/vulcania.com\/boutique\/produit\/billet-euro-souvenir-0-euro-dinosaures\/\" \/>\n<meta property=\"og:locale\" content=\"fr_FR\" \/>\n<meta property=\"og:type\" content=\"article\" \/>\n<meta property=\"og:title\" content=\"Billet Euro souvenir 0 euro - Dinosaures - Boutique Vulcania\" \/>\n<meta property=\"og:description\" content=\"Billet de collection avec toutes les caract\u00e9ristiques d\u2019un billet de banque moderne : points de s\u00e9curit\u00e9, hologramme, U.V., filigrane, etc.  Mod\u00e8les disponibles : volcanologue, dragon ride 2, volcan, dinosaures.  Cr\u00e9dit photo : \u00a9Vulcania\" \/>\n<meta property=\"og:url\" content=\"https:\/\/vulcania.com\/boutique\/produit\/billet-euro-souvenir-0-euro-dinosaures\/\" \/>\n<meta property=\"og:site_name\" content=\"Boutique Vulcania\" \/>\n<meta property=\"article:modified_time\" content=\"2025-10-24T13:43:56+00:00\" \/>\n<meta property=\"og:image\" content=\"https:\/\/vulcania.com\/boutique\/wp-content\/uploads\/2025\/03\/billet-euro-souvenir-dinosaures.jpg\" \/>\n\t<meta property=\"og:image:width\" content=\"800\" \/>\n\t<meta property=\"og:image:height\" content=\"800\" \/>\n\t<meta property=\"og:image:type\" content=\"image\/jpeg\" \/>\n<meta name=\"twitter:card\" content=\"summary_large_image\" \/>\n<meta name=\"twitter:label1\" content=\"Dur\u00e9e de lecture estim\u00e9e\" \/>\n\t<meta name=\"twitter:data1\" content=\"1 minute\" \/>\n<script type=\"application\/ld+json\" class=\"yoast-schema-graph\">{\"@context\":\"https:\\\/\\\/schema.org\",\"@graph\":[{\"@type\":\"WebPage\",\"@id\":\"https:\\\/\\\/vulcania.com\\\/boutique\\\/produit\\\/billet-euro-souvenir-0-euro-dinosaures\\\/\",\"url\":\"https:\\\/\\\/vulcania.com\\\/boutique\\\/produit\\\/billet-euro-souvenir-0-euro-dinosaures\\\/\",\"name\":\"Billet Euro souvenir 0 euro - Dinosaures - Boutique Vulcania\",\"isPartOf\":{\"@id\":\"https:\\\/\\\/vulcania.com\\\/boutique\\\/#website\"},\"primaryImageOfPage\":{\"@id\":\"https:\\\/\\\/vulcania.com\\\/boutique\\\/produit\\\/billet-euro-souvenir-0-euro-dinosaures\\\/#primaryimage\"},\"image\":{\"@id\":\"https:\\\/\\\/vulcania.com\\\/boutique\\\/produit\\\/billet-euro-souvenir-0-euro-dinosaures\\\/#primaryimage\"},\"thumbnailUrl\":\"https:\\\/\\\/vulcania.com\\\/boutique\\\/wp-content\\\/uploads\\\/2025\\\/03\\\/billet-euro-souvenir-dinosaures.jpg\",\"datePublished\":\"2025-03-10T09:28:26+00:00\",\"dateModified\":\"2025-10-24T13:43:56+00:00\",\"breadcrumb\":{\"@id\":\"https:\\\/\\\/vulcania.com\\\/boutique\\\/produit\\\/billet-euro-souvenir-0-euro-dinosaures\\\/#breadcrumb\"},\"inLanguage\":\"fr-FR\",\"potentialAction\":[{\"@type\":\"ReadAction\",\"target\":[\"https:\\\/\\\/vulcania.com\\\/boutique\\\/produit\\\/billet-euro-souvenir-0-euro-dinosaures\\\/\"]}]},{\"@type\":\"ImageObject\",\"inLanguage\":\"fr-FR\",\"@id\":\"https:\\\/\\\/vulcania.com\\\/boutique\\\/produit\\\/billet-euro-souvenir-0-euro-dinosaures\\\/#primaryimage\",\"url\":\"https:\\\/\\\/vulcania.com\\\/boutique\\\/wp-content\\\/uploads\\\/2025\\\/03\\\/billet-euro-souvenir-dinosaures.jpg\",\"contentUrl\":\"https:\\\/\\\/vulcania.com\\\/boutique\\\/wp-content\\\/uploads\\\/2025\\\/03\\\/billet-euro-souvenir-dinosaures.jpg\",\"width\":800,\"height\":800},{\"@type\":\"BreadcrumbList\",\"@id\":\"https:\\\/\\\/vulcania.com\\\/boutique\\\/produit\\\/billet-euro-souvenir-0-euro-dinosaures\\\/#breadcrumb\",\"itemListElement\":[{\"@type\":\"ListItem\",\"position\":1,\"name\":\"Accueil\",\"item\":\"https:\\\/\\\/vulcania.com\\\/boutique\\\/\"},{\"@type\":\"ListItem\",\"position\":2,\"name\":\"Nos produits\",\"item\":\"https:\\\/\\\/vulcania.com\\\/boutique\\\/nos-produits\\\/\"},{\"@type\":\"ListItem\",\"position\":3,\"name\":\"Billet Euro souvenir 0 euro &#8211; Dinosaures\"}]},{\"@type\":\"WebSite\",\"@id\":\"https:\\\/\\\/vulcania.com\\\/boutique\\\/#website\",\"url\":\"https:\\\/\\\/vulcania.com\\\/boutique\\\/\",\"name\":\"Boutique Vulcania\",\"description\":\"\",\"potentialAction\":[{\"@type\":\"SearchAction\",\"target\":{\"@type\":\"EntryPoint\",\"urlTemplate\":\"https:\\\/\\\/vulcania.com\\\/boutique\\\/?s={search_term_string}\"},\"query-input\":{\"@type\":\"PropertyValueSpecification\",\"valueRequired\":true,\"valueName\":\"search_term_string\"}}],\"inLanguage\":\"fr-FR\"}]}<\/script>\n<!-- \/ Yoast SEO plugin. -->","yoast_head_json":{"title":"Billet Euro souvenir 0 euro - Dinosaures - Boutique Vulcania","robots":{"index":"index","follow":"follow","max-snippet":"max-snippet:-1","max-image-preview":"max-image-preview:large","max-video-preview":"max-video-preview:-1"},"canonical":"https:\/\/vulcania.com\/boutique\/produit\/billet-euro-souvenir-0-euro-dinosaures\/","og_locale":"fr_FR","og_type":"article","og_title":"Billet Euro souvenir 0 euro - Dinosaures - Boutique Vulcania","og_description":"Billet de collection avec toutes les caract\u00e9ristiques d\u2019un billet de banque moderne : points de s\u00e9curit\u00e9, hologramme, U.V., filigrane, etc.  Mod\u00e8les disponibles : volcanologue, dragon ride 2, volcan, dinosaures.  Cr\u00e9dit photo : \u00a9Vulcania","og_url":"https:\/\/vulcania.com\/boutique\/produit\/billet-euro-souvenir-0-euro-dinosaures\/","og_site_name":"Boutique Vulcania","article_modified_time":"2025-10-24T13:43:56+00:00","og_image":[{"width":800,"height":800,"url":"https:\/\/vulcania.com\/boutique\/wp-content\/uploads\/2025\/03\/billet-euro-souvenir-dinosaures.jpg","type":"image\/jpeg"}],"twitter_card":"summary_large_image","twitter_misc":{"Dur\u00e9e de lecture estim\u00e9e":"1 minute"},"schema":{"@context":"https:\/\/schema.org","@graph":[{"@type":"WebPage","@id":"https:\/\/vulcania.com\/boutique\/produit\/billet-euro-souvenir-0-euro-dinosaures\/","url":"https:\/\/vulcania.com\/boutique\/produit\/billet-euro-souvenir-0-euro-dinosaures\/","name":"Billet Euro souvenir 0 euro - Dinosaures - Boutique Vulcania","isPartOf":{"@id":"https:\/\/vulcania.com\/boutique\/#website"},"primaryImageOfPage":{"@id":"https:\/\/vulcania.com\/boutique\/produit\/billet-euro-souvenir-0-euro-dinosaures\/#primaryimage"},"image":{"@id":"https:\/\/vulcania.com\/boutique\/produit\/billet-euro-souvenir-0-euro-dinosaures\/#primaryimage"},"thumbnailUrl":"https:\/\/vulcania.com\/boutique\/wp-content\/uploads\/2025\/03\/billet-euro-souvenir-dinosaures.jpg","datePublished":"2025-03-10T09:28:26+00:00","dateModified":"2025-10-24T13:43:56+00:00","breadcrumb":{"@id":"https:\/\/vulcania.com\/boutique\/produit\/billet-euro-souvenir-0-euro-dinosaures\/#breadcrumb"},"inLanguage":"fr-FR","potentialAction":[{"@type":"ReadAction","target":["https:\/\/vulcania.com\/boutique\/produit\/billet-euro-souvenir-0-euro-dinosaures\/"]}]},{"@type":"ImageObject","inLanguage":"fr-FR","@id":"https:\/\/vulcania.com\/boutique\/produit\/billet-euro-souvenir-0-euro-dinosaures\/#primaryimage","url":"https:\/\/vulcania.com\/boutique\/wp-content\/uploads\/2025\/03\/billet-euro-souvenir-dinosaures.jpg","contentUrl":"https:\/\/vulcania.com\/boutique\/wp-content\/uploads\/2025\/03\/billet-euro-souvenir-dinosaures.jpg","width":800,"height":800},{"@type":"BreadcrumbList","@id":"https:\/\/vulcania.com\/boutique\/produit\/billet-euro-souvenir-0-euro-dinosaures\/#breadcrumb","itemListElement":[{"@type":"ListItem","position":1,"name":"Accueil","item":"https:\/\/vulcania.com\/boutique\/"},{"@type":"ListItem","position":2,"name":"Nos produits","item":"https:\/\/vulcania.com\/boutique\/nos-produits\/"},{"@type":"ListItem","position":3,"name":"Billet Euro souvenir 0 euro &#8211; Dinosaures"}]},{"@type":"WebSite","@id":"https:\/\/vulcania.com\/boutique\/#website","url":"https:\/\/vulcania.com\/boutique\/","name":"Boutique Vulcania","description":"","potentialAction":[{"@type":"SearchAction","target":{"@type":"EntryPoint","urlTemplate":"https:\/\/vulcania.com\/boutique\/?s={search_term_string}"},"query-input":{"@type":"PropertyValueSpecification","valueRequired":true,"valueName":"search_term_string"}}],"inLanguage":"fr-FR"}]}},"jetpack_sharing_enabled":true,"_links":{"self":[{"href":"https:\/\/vulcania.com\/boutique\/wp-json\/wp\/v2\/product\/4450","targetHints":{"allow":["GET"]}}],"collection":[{"href":"https:\/\/vulcania.com\/boutique\/wp-json\/wp\/v2\/product"}],"about":[{"href":"https:\/\/vulcania.com\/boutique\/wp-json\/wp\/v2\/types\/product"}],"replies":[{"embeddable":true,"href":"https:\/\/vulcania.com\/boutique\/wp-json\/wp\/v2\/comments?post=4450"}],"version-history":[{"count":16,"href":"https:\/\/vulcania.com\/boutique\/wp-json\/wp\/v2\/product\/4450\/revisions"}],"predecessor-version":[{"id":4936,"href":"https:\/\/vulcania.com\/boutique\/wp-json\/wp\/v2\/product\/4450\/revisions\/4936"}],"wp:featuredmedia":[{"embeddable":true,"href":"https:\/\/vulcania.com\/boutique\/wp-json\/wp\/v2\/media\/4935"}],"wp:attachment":[{"href":"https:\/\/vulcania.com\/boutique\/wp-json\/wp\/v2\/media?parent=4450"}],"wp:term":[{"taxonomy":"product_brand","embeddable":true,"href":"https:\/\/vulcania.com\/boutique\/wp-json\/wp\/v2\/product_brand?post=4450"},{"taxonomy":"product_cat","embeddable":true,"href":"https:\/\/vulcania.com\/boutique\/wp-json\/wp\/v2\/product_cat?post=4450"},{"taxonomy":"product_tag","embeddable":true,"href":"https:\/\/vulcania.com\/boutique\/wp-json\/wp\/v2\/product_tag?post=4450"}],"curies":[{"name":"wp","href":"https:\/\/api.w.org\/{rel}","templated":true}]}}