{"id":4355,"date":"2024-11-27T10:06:18","date_gmt":"2024-11-27T09:06:18","guid":{"rendered":"https:\/\/vulcania.com\/boutique\/?post_type=product&#038;p=4355"},"modified":"2026-01-05T11:51:11","modified_gmt":"2026-01-05T10:51:11","slug":"le-tresor-perdu-de-vulcain","status":"publish","type":"product","link":"https:\/\/vulcania.com\/boutique\/produit\/le-tresor-perdu-de-vulcain\/","title":{"rendered":"Le Tr\u00e9sor Perdu de Vulcain"},"content":{"rendered":"\t\t<div data-elementor-type=\"wp-post\" data-elementor-id=\"4355\" class=\"elementor elementor-4355\">\n\t\t\t\t\t\t<section class=\"elementor-section elementor-top-section elementor-element elementor-element-cdfd5f2 elementor-section-boxed elementor-section-height-default elementor-section-height-default\" data-id=\"cdfd5f2\" data-element_type=\"section\" data-e-type=\"section\">\n\t\t\t\t\t\t<div class=\"elementor-container elementor-column-gap-default\">\n\t\t\t\t\t<div class=\"elementor-column elementor-col-100 elementor-top-column elementor-element elementor-element-b9796b2\" data-id=\"b9796b2\" data-element_type=\"column\" data-e-type=\"column\">\n\t\t\t<div class=\"elementor-widget-wrap elementor-element-populated\">\n\t\t\t\t\t\t<div class=\"elementor-element elementor-element-88e6fb0 elementor-widget elementor-widget-text-editor\" data-id=\"88e6fb0\" data-element_type=\"widget\" data-e-type=\"widget\" data-widget_type=\"text-editor.default\">\n\t\t\t\t<div class=\"elementor-widget-container\">\n\t\t\t\t\t\t\t\t\t<p>Dans sa forge install\u00e9e sous un volcan, <strong>Vulcain<\/strong>, le dieu du feu, admirait le <strong>casque en or<\/strong> qu&rsquo;il venait de r\u00e9aliser pour Pluton, le dieu des enfers. Fier de son travail, il d\u00e9cida d&rsquo;en couler une<strong> r\u00e9plique<\/strong> et de la <strong>cacher<\/strong> dans l&rsquo;une des failles de son volcan. La <strong>l\u00e9gende<\/strong> raconte qu&rsquo;elle y serait encore&#8230;<\/p><p><b>\u00c0 vous de collecter les six indices qui vous permettront de g\u00e9olocaliser ce tr\u00e9sor&#8230;<\/b><\/p><ol><li>Placez votre pion sur l&rsquo;un des 6 sites du volcan dont vous souhaiteriez d\u00e9couvrir l&rsquo;indice.<\/li><li>\u00a0R\u00e9pondez \u00e0 l&rsquo;une des questions de Cerb\u00e8re (cartes QUIZ), le terrible chien gardien du volcan, ou relevez ses d\u00e9fis (cartes D\u00c9FI) afin qu&rsquo;il vous c\u00e8de l&rsquo;indice.<\/li><li>Ne vous laissez pas perturber par les grondements du volcan et m\u00e9morisez les indices pour d\u00e9finir l&rsquo;endroit o\u00f9 est cach\u00e9 le tr\u00e9sor.<\/li><\/ol><p>Ce jeu a \u00e9t\u00e9 r\u00e9alis\u00e9 par <strong>Vulcania<\/strong> et la <strong>R\u00e9gion Auvergne-Rh\u00f4ne-Alpes<\/strong>, en partenariat avec le <strong>Panoramique des D\u00f4mes<\/strong> et le <strong>Mus\u00e9e de Gergovie<\/strong>.<\/p><p><strong>Mat\u00e9riel\u00a0<\/strong>: 1 plateau de jeu, 5 pions Explorateur, 1 pion Cerb\u00e8re, 1 d\u00e9, 8 cartes \u00ab indice \u00bb, 6 cartes \u00ab site \u00bb, 30 cartes \u00ab d\u00e9fi \u00bb, 50 cartes \u00ab quiz \u00bb, 1 livret \u00ab r\u00e8gle du jeu \u00bb.<\/p><p>\u26a0\ufe0f <strong>Ne convient pas aux enfants de moins de 3 ans.<\/strong><\/p><p>Cr\u00e9dit photo : \u00a9 Vulcania<\/p>\t\t\t\t\t\t\t\t<\/div>\n\t\t\t\t<\/div>\n\t\t\t\t\t<\/div>\n\t\t<\/div>\n\t\t\t\t\t<\/div>\n\t\t<\/section>\n\t\t\t\t<\/div>\n\t\t","protected":false},"excerpt":{"rendered":"<p>Dans sa forge install\u00e9e sous un volcan, Vulcain, le dieu du feu, admirait le casque en or qu&rsquo;il venait de r\u00e9aliser pour Pluton, le dieu des enfers. Fier de son travail, il d\u00e9cida d&rsquo;en couler une r\u00e9plique et de la cacher dans l&rsquo;une des failles de son volcan. La l\u00e9gende raconte qu&rsquo;elle y serait encore&#8230;<\/p>\n<p>Cr\u00e9dit photo : \u00a9 Vulcania<\/p>\n","protected":false},"featured_media":4356,"comment_status":"open","ping_status":"closed","template":"","meta":{"rs_blank_template":"","rs_page_bg_color":"","slide_template_v7":""},"product_brand":[],"product_cat":[118,88],"product_tag":[92],"class_list":{"0":"post-4355","1":"product","2":"type-product","3":"status-publish","4":"has-post-thumbnail","6":"product_cat-jeux-de-societe","7":"product_cat-jeux-pour-enfants","8":"product_tag-vulcania","10":"first","11":"instock","12":"taxable","13":"shipping-taxable","14":"purchasable","15":"product-type-simple"},"yoast_head":"<!-- This site is optimized with the Yoast SEO plugin v27.4 - https:\/\/yoast.com\/product\/yoast-seo-wordpress\/ -->\n<title>Le Tr\u00e9sor Perdu de Vulcain - Boutique Vulcania<\/title>\n<meta name=\"description\" content=\"Un souvenir parfait, la peluche d&#039;\u00e9paule Pitoufeu de Vulcania, faite \u00e0 partir de produits recycl\u00e9s !\" \/>\n<meta name=\"robots\" content=\"index, follow, max-snippet:-1, max-image-preview:large, max-video-preview:-1\" \/>\n<link rel=\"canonical\" href=\"https:\/\/vulcania.com\/boutique\/produit\/le-tresor-perdu-de-vulcain\/\" \/>\n<meta property=\"og:locale\" content=\"fr_FR\" \/>\n<meta property=\"og:type\" content=\"article\" \/>\n<meta property=\"og:title\" content=\"Le Tr\u00e9sor Perdu de Vulcain - Boutique Vulcania\" \/>\n<meta property=\"og:description\" content=\"Un souvenir parfait, la peluche d&#039;\u00e9paule Pitoufeu de Vulcania, faite \u00e0 partir de produits recycl\u00e9s !\" \/>\n<meta property=\"og:url\" content=\"https:\/\/vulcania.com\/boutique\/produit\/le-tresor-perdu-de-vulcain\/\" \/>\n<meta property=\"og:site_name\" content=\"Boutique Vulcania\" \/>\n<meta property=\"article:modified_time\" content=\"2026-01-05T10:51:11+00:00\" \/>\n<meta property=\"og:image\" content=\"https:\/\/vulcania.com\/boutique\/wp-content\/uploads\/2024\/11\/tresor-perdu-de-vulcain_800x800_1.jpg\" \/>\n\t<meta property=\"og:image:width\" content=\"800\" \/>\n\t<meta property=\"og:image:height\" content=\"800\" \/>\n\t<meta property=\"og:image:type\" content=\"image\/jpeg\" \/>\n<meta name=\"twitter:card\" content=\"summary_large_image\" \/>\n<meta name=\"twitter:label1\" content=\"Dur\u00e9e de lecture estim\u00e9e\" \/>\n\t<meta name=\"twitter:data1\" content=\"2 minutes\" \/>\n<script type=\"application\/ld+json\" class=\"yoast-schema-graph\">{\"@context\":\"https:\\\/\\\/schema.org\",\"@graph\":[{\"@type\":\"WebPage\",\"@id\":\"https:\\\/\\\/vulcania.com\\\/boutique\\\/produit\\\/le-tresor-perdu-de-vulcain\\\/\",\"url\":\"https:\\\/\\\/vulcania.com\\\/boutique\\\/produit\\\/le-tresor-perdu-de-vulcain\\\/\",\"name\":\"Le Tr\u00e9sor Perdu de Vulcain - Boutique Vulcania\",\"isPartOf\":{\"@id\":\"https:\\\/\\\/vulcania.com\\\/boutique\\\/#website\"},\"primaryImageOfPage\":{\"@id\":\"https:\\\/\\\/vulcania.com\\\/boutique\\\/produit\\\/le-tresor-perdu-de-vulcain\\\/#primaryimage\"},\"image\":{\"@id\":\"https:\\\/\\\/vulcania.com\\\/boutique\\\/produit\\\/le-tresor-perdu-de-vulcain\\\/#primaryimage\"},\"thumbnailUrl\":\"https:\\\/\\\/vulcania.com\\\/boutique\\\/wp-content\\\/uploads\\\/2024\\\/11\\\/tresor-perdu-de-vulcain_800x800_1.jpg\",\"datePublished\":\"2024-11-27T09:06:18+00:00\",\"dateModified\":\"2026-01-05T10:51:11+00:00\",\"description\":\"Un souvenir parfait, la peluche d'\u00e9paule Pitoufeu de Vulcania, faite \u00e0 partir de produits recycl\u00e9s !\",\"breadcrumb\":{\"@id\":\"https:\\\/\\\/vulcania.com\\\/boutique\\\/produit\\\/le-tresor-perdu-de-vulcain\\\/#breadcrumb\"},\"inLanguage\":\"fr-FR\",\"potentialAction\":[{\"@type\":\"ReadAction\",\"target\":[\"https:\\\/\\\/vulcania.com\\\/boutique\\\/produit\\\/le-tresor-perdu-de-vulcain\\\/\"]}]},{\"@type\":\"ImageObject\",\"inLanguage\":\"fr-FR\",\"@id\":\"https:\\\/\\\/vulcania.com\\\/boutique\\\/produit\\\/le-tresor-perdu-de-vulcain\\\/#primaryimage\",\"url\":\"https:\\\/\\\/vulcania.com\\\/boutique\\\/wp-content\\\/uploads\\\/2024\\\/11\\\/tresor-perdu-de-vulcain_800x800_1.jpg\",\"contentUrl\":\"https:\\\/\\\/vulcania.com\\\/boutique\\\/wp-content\\\/uploads\\\/2024\\\/11\\\/tresor-perdu-de-vulcain_800x800_1.jpg\",\"width\":800,\"height\":800},{\"@type\":\"BreadcrumbList\",\"@id\":\"https:\\\/\\\/vulcania.com\\\/boutique\\\/produit\\\/le-tresor-perdu-de-vulcain\\\/#breadcrumb\",\"itemListElement\":[{\"@type\":\"ListItem\",\"position\":1,\"name\":\"Accueil\",\"item\":\"https:\\\/\\\/vulcania.com\\\/boutique\\\/\"},{\"@type\":\"ListItem\",\"position\":2,\"name\":\"Nos produits\",\"item\":\"https:\\\/\\\/vulcania.com\\\/boutique\\\/nos-produits\\\/\"},{\"@type\":\"ListItem\",\"position\":3,\"name\":\"Le Tr\u00e9sor Perdu de Vulcain\"}]},{\"@type\":\"WebSite\",\"@id\":\"https:\\\/\\\/vulcania.com\\\/boutique\\\/#website\",\"url\":\"https:\\\/\\\/vulcania.com\\\/boutique\\\/\",\"name\":\"Boutique Vulcania\",\"description\":\"\",\"potentialAction\":[{\"@type\":\"SearchAction\",\"target\":{\"@type\":\"EntryPoint\",\"urlTemplate\":\"https:\\\/\\\/vulcania.com\\\/boutique\\\/?s={search_term_string}\"},\"query-input\":{\"@type\":\"PropertyValueSpecification\",\"valueRequired\":true,\"valueName\":\"search_term_string\"}}],\"inLanguage\":\"fr-FR\"}]}<\/script>\n<!-- \/ Yoast SEO plugin. -->","yoast_head_json":{"title":"Le Tr\u00e9sor Perdu de Vulcain - Boutique Vulcania","description":"Un souvenir parfait, la peluche d'\u00e9paule Pitoufeu de Vulcania, faite \u00e0 partir de produits recycl\u00e9s !","robots":{"index":"index","follow":"follow","max-snippet":"max-snippet:-1","max-image-preview":"max-image-preview:large","max-video-preview":"max-video-preview:-1"},"canonical":"https:\/\/vulcania.com\/boutique\/produit\/le-tresor-perdu-de-vulcain\/","og_locale":"fr_FR","og_type":"article","og_title":"Le Tr\u00e9sor Perdu de Vulcain - Boutique Vulcania","og_description":"Un souvenir parfait, la peluche d'\u00e9paule Pitoufeu de Vulcania, faite \u00e0 partir de produits recycl\u00e9s !","og_url":"https:\/\/vulcania.com\/boutique\/produit\/le-tresor-perdu-de-vulcain\/","og_site_name":"Boutique Vulcania","article_modified_time":"2026-01-05T10:51:11+00:00","og_image":[{"width":800,"height":800,"url":"https:\/\/vulcania.com\/boutique\/wp-content\/uploads\/2024\/11\/tresor-perdu-de-vulcain_800x800_1.jpg","type":"image\/jpeg"}],"twitter_card":"summary_large_image","twitter_misc":{"Dur\u00e9e de lecture estim\u00e9e":"2 minutes"},"schema":{"@context":"https:\/\/schema.org","@graph":[{"@type":"WebPage","@id":"https:\/\/vulcania.com\/boutique\/produit\/le-tresor-perdu-de-vulcain\/","url":"https:\/\/vulcania.com\/boutique\/produit\/le-tresor-perdu-de-vulcain\/","name":"Le Tr\u00e9sor Perdu de Vulcain - Boutique Vulcania","isPartOf":{"@id":"https:\/\/vulcania.com\/boutique\/#website"},"primaryImageOfPage":{"@id":"https:\/\/vulcania.com\/boutique\/produit\/le-tresor-perdu-de-vulcain\/#primaryimage"},"image":{"@id":"https:\/\/vulcania.com\/boutique\/produit\/le-tresor-perdu-de-vulcain\/#primaryimage"},"thumbnailUrl":"https:\/\/vulcania.com\/boutique\/wp-content\/uploads\/2024\/11\/tresor-perdu-de-vulcain_800x800_1.jpg","datePublished":"2024-11-27T09:06:18+00:00","dateModified":"2026-01-05T10:51:11+00:00","description":"Un souvenir parfait, la peluche d'\u00e9paule Pitoufeu de Vulcania, faite \u00e0 partir de produits recycl\u00e9s !","breadcrumb":{"@id":"https:\/\/vulcania.com\/boutique\/produit\/le-tresor-perdu-de-vulcain\/#breadcrumb"},"inLanguage":"fr-FR","potentialAction":[{"@type":"ReadAction","target":["https:\/\/vulcania.com\/boutique\/produit\/le-tresor-perdu-de-vulcain\/"]}]},{"@type":"ImageObject","inLanguage":"fr-FR","@id":"https:\/\/vulcania.com\/boutique\/produit\/le-tresor-perdu-de-vulcain\/#primaryimage","url":"https:\/\/vulcania.com\/boutique\/wp-content\/uploads\/2024\/11\/tresor-perdu-de-vulcain_800x800_1.jpg","contentUrl":"https:\/\/vulcania.com\/boutique\/wp-content\/uploads\/2024\/11\/tresor-perdu-de-vulcain_800x800_1.jpg","width":800,"height":800},{"@type":"BreadcrumbList","@id":"https:\/\/vulcania.com\/boutique\/produit\/le-tresor-perdu-de-vulcain\/#breadcrumb","itemListElement":[{"@type":"ListItem","position":1,"name":"Accueil","item":"https:\/\/vulcania.com\/boutique\/"},{"@type":"ListItem","position":2,"name":"Nos produits","item":"https:\/\/vulcania.com\/boutique\/nos-produits\/"},{"@type":"ListItem","position":3,"name":"Le Tr\u00e9sor Perdu de Vulcain"}]},{"@type":"WebSite","@id":"https:\/\/vulcania.com\/boutique\/#website","url":"https:\/\/vulcania.com\/boutique\/","name":"Boutique Vulcania","description":"","potentialAction":[{"@type":"SearchAction","target":{"@type":"EntryPoint","urlTemplate":"https:\/\/vulcania.com\/boutique\/?s={search_term_string}"},"query-input":{"@type":"PropertyValueSpecification","valueRequired":true,"valueName":"search_term_string"}}],"inLanguage":"fr-FR"}]}},"jetpack_sharing_enabled":true,"_links":{"self":[{"href":"https:\/\/vulcania.com\/boutique\/wp-json\/wp\/v2\/product\/4355","targetHints":{"allow":["GET"]}}],"collection":[{"href":"https:\/\/vulcania.com\/boutique\/wp-json\/wp\/v2\/product"}],"about":[{"href":"https:\/\/vulcania.com\/boutique\/wp-json\/wp\/v2\/types\/product"}],"replies":[{"embeddable":true,"href":"https:\/\/vulcania.com\/boutique\/wp-json\/wp\/v2\/comments?post=4355"}],"version-history":[{"count":9,"href":"https:\/\/vulcania.com\/boutique\/wp-json\/wp\/v2\/product\/4355\/revisions"}],"predecessor-version":[{"id":4513,"href":"https:\/\/vulcania.com\/boutique\/wp-json\/wp\/v2\/product\/4355\/revisions\/4513"}],"wp:featuredmedia":[{"embeddable":true,"href":"https:\/\/vulcania.com\/boutique\/wp-json\/wp\/v2\/media\/4356"}],"wp:attachment":[{"href":"https:\/\/vulcania.com\/boutique\/wp-json\/wp\/v2\/media?parent=4355"}],"wp:term":[{"taxonomy":"product_brand","embeddable":true,"href":"https:\/\/vulcania.com\/boutique\/wp-json\/wp\/v2\/product_brand?post=4355"},{"taxonomy":"product_cat","embeddable":true,"href":"https:\/\/vulcania.com\/boutique\/wp-json\/wp\/v2\/product_cat?post=4355"},{"taxonomy":"product_tag","embeddable":true,"href":"https:\/\/vulcania.com\/boutique\/wp-json\/wp\/v2\/product_tag?post=4355"}],"curies":[{"name":"wp","href":"https:\/\/api.w.org\/{rel}","templated":true}]}}