{"id":4162,"date":"2024-08-30T11:21:11","date_gmt":"2024-08-30T09:21:11","guid":{"rendered":"https:\/\/vulcania.com\/boutique\/?post_type=product&#038;p=4162"},"modified":"2026-02-22T15:42:30","modified_gmt":"2026-02-22T14:42:30","slug":"peluche-depaule-pitoufeu","status":"publish","type":"product","link":"https:\/\/vulcania.com\/boutique\/produit\/peluche-depaule-pitoufeu\/","title":{"rendered":"Peluche d&rsquo;\u00e9paule Pitoufeu"},"content":{"rendered":"\t\t<div data-elementor-type=\"wp-post\" data-elementor-id=\"4162\" class=\"elementor elementor-4162\">\n\t\t\t\t\t\t<section class=\"elementor-section elementor-top-section elementor-element elementor-element-cdfd5f2 elementor-section-boxed elementor-section-height-default elementor-section-height-default\" data-id=\"cdfd5f2\" data-element_type=\"section\" data-e-type=\"section\">\n\t\t\t\t\t\t<div class=\"elementor-container elementor-column-gap-default\">\n\t\t\t\t\t<div class=\"elementor-column elementor-col-100 elementor-top-column elementor-element elementor-element-b9796b2\" data-id=\"b9796b2\" data-element_type=\"column\" data-e-type=\"column\">\n\t\t\t<div class=\"elementor-widget-wrap elementor-element-populated\">\n\t\t\t\t\t\t<div class=\"elementor-element elementor-element-88e6fb0 elementor-widget elementor-widget-text-editor\" data-id=\"88e6fb0\" data-element_type=\"widget\" data-e-type=\"widget\" data-widget_type=\"text-editor.default\">\n\t\t\t\t<div class=\"elementor-widget-container\">\n\t\t\t\t\t\t\t\t\t<p>Apportez une touche de magie volcanique \u00e0 votre quotidien avec la <strong>peluche d\u2019\u00e9paule<\/strong> Pitoufeu de Vulcania. Con\u00e7ue pour tenir confortablement sur votre \u00e9paule, et fabriqu\u00e9e en <strong>peluche ultra-douce<\/strong>, Pitoufeu devient votre compagnon id\u00e9al pour vos aventures de tous les jours !<\/p>\n<p>Cr\u00e9dit photo : \u00a9 Vulcania<\/p>\t\t\t\t\t\t\t\t<\/div>\n\t\t\t\t<\/div>\n\t\t\t\t\t<\/div>\n\t\t<\/div>\n\t\t\t\t\t<\/div>\n\t\t<\/section>\n\t\t\t\t<\/div>\n\t\t","protected":false},"excerpt":{"rendered":"<p>Apportez une touche de magie volcanique \u00e0 votre quotidien avec la peluche d\u2019\u00e9paule Pitoufeu de Vulcania.<\/p>\n<p>Cr\u00e9dit photo : \u00a9 Vulcania<\/p>\n","protected":false},"featured_media":4881,"comment_status":"open","ping_status":"closed","template":"","meta":{"rs_blank_template":"","rs_page_bg_color":"","slide_template_v7":""},"product_brand":[],"product_cat":[88,116],"product_tag":[106,92],"class_list":{"0":"post-4162","1":"product","2":"type-product","3":"status-publish","4":"has-post-thumbnail","6":"product_cat-jeux-pour-enfants","7":"product_cat-peluches","8":"product_tag-pitoufeu","9":"product_tag-vulcania","11":"first","12":"instock","13":"taxable","14":"shipping-taxable","15":"purchasable","16":"product-type-simple"},"yoast_head":"<!-- This site is optimized with the Yoast SEO plugin v27.3 - https:\/\/yoast.com\/product\/yoast-seo-wordpress\/ -->\n<title>Peluche d&#039;\u00e9paule Pitoufeu - Boutique Vulcania<\/title>\n<meta name=\"description\" content=\"Un souvenir parfait, la peluche d&#039;\u00e9paule Pitoufeu de Vulcania, faite \u00e0 partir de produits recycl\u00e9s !\" \/>\n<meta name=\"robots\" content=\"index, follow, max-snippet:-1, max-image-preview:large, max-video-preview:-1\" \/>\n<link rel=\"canonical\" href=\"https:\/\/vulcania.com\/boutique\/produit\/peluche-depaule-pitoufeu\/\" \/>\n<meta property=\"og:locale\" content=\"fr_FR\" \/>\n<meta property=\"og:type\" content=\"article\" \/>\n<meta property=\"og:title\" content=\"Peluche d&#039;\u00e9paule Pitoufeu - Boutique Vulcania\" \/>\n<meta property=\"og:description\" content=\"Un souvenir parfait, la peluche d&#039;\u00e9paule Pitoufeu de Vulcania, faite \u00e0 partir de produits recycl\u00e9s !\" \/>\n<meta property=\"og:url\" content=\"https:\/\/vulcania.com\/boutique\/produit\/peluche-depaule-pitoufeu\/\" \/>\n<meta property=\"og:site_name\" content=\"Boutique Vulcania\" \/>\n<meta property=\"article:modified_time\" content=\"2026-02-22T14:42:30+00:00\" \/>\n<meta property=\"og:image\" content=\"https:\/\/vulcania.com\/boutique\/wp-content\/uploads\/2024\/08\/Peluche-depaule-Pitoufeu.jpg\" \/>\n\t<meta property=\"og:image:width\" content=\"800\" \/>\n\t<meta property=\"og:image:height\" content=\"800\" \/>\n\t<meta property=\"og:image:type\" content=\"image\/jpeg\" \/>\n<meta name=\"twitter:card\" content=\"summary_large_image\" \/>\n<meta name=\"twitter:label1\" content=\"Dur\u00e9e de lecture estim\u00e9e\" \/>\n\t<meta name=\"twitter:data1\" content=\"1 minute\" \/>\n<script type=\"application\/ld+json\" class=\"yoast-schema-graph\">{\"@context\":\"https:\\\/\\\/schema.org\",\"@graph\":[{\"@type\":\"WebPage\",\"@id\":\"https:\\\/\\\/vulcania.com\\\/boutique\\\/produit\\\/peluche-depaule-pitoufeu\\\/\",\"url\":\"https:\\\/\\\/vulcania.com\\\/boutique\\\/produit\\\/peluche-depaule-pitoufeu\\\/\",\"name\":\"Peluche d'\u00e9paule Pitoufeu - Boutique Vulcania\",\"isPartOf\":{\"@id\":\"https:\\\/\\\/vulcania.com\\\/boutique\\\/#website\"},\"primaryImageOfPage\":{\"@id\":\"https:\\\/\\\/vulcania.com\\\/boutique\\\/produit\\\/peluche-depaule-pitoufeu\\\/#primaryimage\"},\"image\":{\"@id\":\"https:\\\/\\\/vulcania.com\\\/boutique\\\/produit\\\/peluche-depaule-pitoufeu\\\/#primaryimage\"},\"thumbnailUrl\":\"https:\\\/\\\/vulcania.com\\\/boutique\\\/wp-content\\\/uploads\\\/2024\\\/08\\\/Peluche-depaule-Pitoufeu.jpg\",\"datePublished\":\"2024-08-30T09:21:11+00:00\",\"dateModified\":\"2026-02-22T14:42:30+00:00\",\"description\":\"Un souvenir parfait, la peluche d'\u00e9paule Pitoufeu de Vulcania, faite \u00e0 partir de produits recycl\u00e9s !\",\"breadcrumb\":{\"@id\":\"https:\\\/\\\/vulcania.com\\\/boutique\\\/produit\\\/peluche-depaule-pitoufeu\\\/#breadcrumb\"},\"inLanguage\":\"fr-FR\",\"potentialAction\":[{\"@type\":\"ReadAction\",\"target\":[\"https:\\\/\\\/vulcania.com\\\/boutique\\\/produit\\\/peluche-depaule-pitoufeu\\\/\"]}]},{\"@type\":\"ImageObject\",\"inLanguage\":\"fr-FR\",\"@id\":\"https:\\\/\\\/vulcania.com\\\/boutique\\\/produit\\\/peluche-depaule-pitoufeu\\\/#primaryimage\",\"url\":\"https:\\\/\\\/vulcania.com\\\/boutique\\\/wp-content\\\/uploads\\\/2024\\\/08\\\/Peluche-depaule-Pitoufeu.jpg\",\"contentUrl\":\"https:\\\/\\\/vulcania.com\\\/boutique\\\/wp-content\\\/uploads\\\/2024\\\/08\\\/Peluche-depaule-Pitoufeu.jpg\",\"width\":800,\"height\":800},{\"@type\":\"BreadcrumbList\",\"@id\":\"https:\\\/\\\/vulcania.com\\\/boutique\\\/produit\\\/peluche-depaule-pitoufeu\\\/#breadcrumb\",\"itemListElement\":[{\"@type\":\"ListItem\",\"position\":1,\"name\":\"Accueil\",\"item\":\"https:\\\/\\\/vulcania.com\\\/boutique\\\/\"},{\"@type\":\"ListItem\",\"position\":2,\"name\":\"Nos produits\",\"item\":\"https:\\\/\\\/vulcania.com\\\/boutique\\\/nos-produits\\\/\"},{\"@type\":\"ListItem\",\"position\":3,\"name\":\"Peluche d&rsquo;\u00e9paule Pitoufeu\"}]},{\"@type\":\"WebSite\",\"@id\":\"https:\\\/\\\/vulcania.com\\\/boutique\\\/#website\",\"url\":\"https:\\\/\\\/vulcania.com\\\/boutique\\\/\",\"name\":\"Boutique Vulcania\",\"description\":\"\",\"potentialAction\":[{\"@type\":\"SearchAction\",\"target\":{\"@type\":\"EntryPoint\",\"urlTemplate\":\"https:\\\/\\\/vulcania.com\\\/boutique\\\/?s={search_term_string}\"},\"query-input\":{\"@type\":\"PropertyValueSpecification\",\"valueRequired\":true,\"valueName\":\"search_term_string\"}}],\"inLanguage\":\"fr-FR\"}]}<\/script>\n<!-- \/ Yoast SEO plugin. -->","yoast_head_json":{"title":"Peluche d'\u00e9paule Pitoufeu - Boutique Vulcania","description":"Un souvenir parfait, la peluche d'\u00e9paule Pitoufeu de Vulcania, faite \u00e0 partir de produits recycl\u00e9s !","robots":{"index":"index","follow":"follow","max-snippet":"max-snippet:-1","max-image-preview":"max-image-preview:large","max-video-preview":"max-video-preview:-1"},"canonical":"https:\/\/vulcania.com\/boutique\/produit\/peluche-depaule-pitoufeu\/","og_locale":"fr_FR","og_type":"article","og_title":"Peluche d'\u00e9paule Pitoufeu - Boutique Vulcania","og_description":"Un souvenir parfait, la peluche d'\u00e9paule Pitoufeu de Vulcania, faite \u00e0 partir de produits recycl\u00e9s !","og_url":"https:\/\/vulcania.com\/boutique\/produit\/peluche-depaule-pitoufeu\/","og_site_name":"Boutique Vulcania","article_modified_time":"2026-02-22T14:42:30+00:00","og_image":[{"width":800,"height":800,"url":"https:\/\/vulcania.com\/boutique\/wp-content\/uploads\/2024\/08\/Peluche-depaule-Pitoufeu.jpg","type":"image\/jpeg"}],"twitter_card":"summary_large_image","twitter_misc":{"Dur\u00e9e de lecture estim\u00e9e":"1 minute"},"schema":{"@context":"https:\/\/schema.org","@graph":[{"@type":"WebPage","@id":"https:\/\/vulcania.com\/boutique\/produit\/peluche-depaule-pitoufeu\/","url":"https:\/\/vulcania.com\/boutique\/produit\/peluche-depaule-pitoufeu\/","name":"Peluche d'\u00e9paule Pitoufeu - Boutique Vulcania","isPartOf":{"@id":"https:\/\/vulcania.com\/boutique\/#website"},"primaryImageOfPage":{"@id":"https:\/\/vulcania.com\/boutique\/produit\/peluche-depaule-pitoufeu\/#primaryimage"},"image":{"@id":"https:\/\/vulcania.com\/boutique\/produit\/peluche-depaule-pitoufeu\/#primaryimage"},"thumbnailUrl":"https:\/\/vulcania.com\/boutique\/wp-content\/uploads\/2024\/08\/Peluche-depaule-Pitoufeu.jpg","datePublished":"2024-08-30T09:21:11+00:00","dateModified":"2026-02-22T14:42:30+00:00","description":"Un souvenir parfait, la peluche d'\u00e9paule Pitoufeu de Vulcania, faite \u00e0 partir de produits recycl\u00e9s !","breadcrumb":{"@id":"https:\/\/vulcania.com\/boutique\/produit\/peluche-depaule-pitoufeu\/#breadcrumb"},"inLanguage":"fr-FR","potentialAction":[{"@type":"ReadAction","target":["https:\/\/vulcania.com\/boutique\/produit\/peluche-depaule-pitoufeu\/"]}]},{"@type":"ImageObject","inLanguage":"fr-FR","@id":"https:\/\/vulcania.com\/boutique\/produit\/peluche-depaule-pitoufeu\/#primaryimage","url":"https:\/\/vulcania.com\/boutique\/wp-content\/uploads\/2024\/08\/Peluche-depaule-Pitoufeu.jpg","contentUrl":"https:\/\/vulcania.com\/boutique\/wp-content\/uploads\/2024\/08\/Peluche-depaule-Pitoufeu.jpg","width":800,"height":800},{"@type":"BreadcrumbList","@id":"https:\/\/vulcania.com\/boutique\/produit\/peluche-depaule-pitoufeu\/#breadcrumb","itemListElement":[{"@type":"ListItem","position":1,"name":"Accueil","item":"https:\/\/vulcania.com\/boutique\/"},{"@type":"ListItem","position":2,"name":"Nos produits","item":"https:\/\/vulcania.com\/boutique\/nos-produits\/"},{"@type":"ListItem","position":3,"name":"Peluche d&rsquo;\u00e9paule Pitoufeu"}]},{"@type":"WebSite","@id":"https:\/\/vulcania.com\/boutique\/#website","url":"https:\/\/vulcania.com\/boutique\/","name":"Boutique Vulcania","description":"","potentialAction":[{"@type":"SearchAction","target":{"@type":"EntryPoint","urlTemplate":"https:\/\/vulcania.com\/boutique\/?s={search_term_string}"},"query-input":{"@type":"PropertyValueSpecification","valueRequired":true,"valueName":"search_term_string"}}],"inLanguage":"fr-FR"}]}},"jetpack_sharing_enabled":true,"_links":{"self":[{"href":"https:\/\/vulcania.com\/boutique\/wp-json\/wp\/v2\/product\/4162","targetHints":{"allow":["GET"]}}],"collection":[{"href":"https:\/\/vulcania.com\/boutique\/wp-json\/wp\/v2\/product"}],"about":[{"href":"https:\/\/vulcania.com\/boutique\/wp-json\/wp\/v2\/types\/product"}],"replies":[{"embeddable":true,"href":"https:\/\/vulcania.com\/boutique\/wp-json\/wp\/v2\/comments?post=4162"}],"version-history":[{"count":15,"href":"https:\/\/vulcania.com\/boutique\/wp-json\/wp\/v2\/product\/4162\/revisions"}],"predecessor-version":[{"id":4722,"href":"https:\/\/vulcania.com\/boutique\/wp-json\/wp\/v2\/product\/4162\/revisions\/4722"}],"wp:featuredmedia":[{"embeddable":true,"href":"https:\/\/vulcania.com\/boutique\/wp-json\/wp\/v2\/media\/4881"}],"wp:attachment":[{"href":"https:\/\/vulcania.com\/boutique\/wp-json\/wp\/v2\/media?parent=4162"}],"wp:term":[{"taxonomy":"product_brand","embeddable":true,"href":"https:\/\/vulcania.com\/boutique\/wp-json\/wp\/v2\/product_brand?post=4162"},{"taxonomy":"product_cat","embeddable":true,"href":"https:\/\/vulcania.com\/boutique\/wp-json\/wp\/v2\/product_cat?post=4162"},{"taxonomy":"product_tag","embeddable":true,"href":"https:\/\/vulcania.com\/boutique\/wp-json\/wp\/v2\/product_tag?post=4162"}],"curies":[{"name":"wp","href":"https:\/\/api.w.org\/{rel}","templated":true}]}}