{"id":4109,"date":"2024-08-23T12:12:41","date_gmt":"2024-08-23T10:12:41","guid":{"rendered":"https:\/\/vulcania.com\/boutique\/?post_type=product&#038;p=4109"},"modified":"2025-12-16T12:16:37","modified_gmt":"2025-12-16T11:16:37","slug":"gourde-naturevac-deluxebase-isotherme-espace","status":"publish","type":"product","link":"https:\/\/vulcania.com\/boutique\/produit\/gourde-naturevac-deluxebase-isotherme-espace\/","title":{"rendered":"Gourde Naturevac Deluxebase isotherme &#8211; Espace"},"content":{"rendered":"\t\t<div data-elementor-type=\"wp-post\" data-elementor-id=\"4109\" class=\"elementor elementor-4109\">\n\t\t\t\t\t\t<section class=\"elementor-section elementor-top-section elementor-element elementor-element-cdfd5f2 elementor-section-boxed elementor-section-height-default elementor-section-height-default\" data-id=\"cdfd5f2\" data-element_type=\"section\" data-e-type=\"section\">\n\t\t\t\t\t\t<div class=\"elementor-container elementor-column-gap-default\">\n\t\t\t\t\t<div class=\"elementor-column elementor-col-100 elementor-top-column elementor-element elementor-element-b9796b2\" data-id=\"b9796b2\" data-element_type=\"column\" data-e-type=\"column\">\n\t\t\t<div class=\"elementor-widget-wrap elementor-element-populated\">\n\t\t\t\t\t\t<div class=\"elementor-element elementor-element-88e6fb0 elementor-widget elementor-widget-text-editor\" data-id=\"88e6fb0\" data-element_type=\"widget\" data-e-type=\"widget\" data-widget_type=\"text-editor.default\">\n\t\t\t\t<div class=\"elementor-widget-container\">\n\t\t\t\t\t\t\t\t\t<p>Embarquez pour une<b> aventure spatiale <\/b>avec notre<b> gourde isotherme <\/b>cosmique ! Fabriqu\u00e9e en <b>acier inoxydable<\/b> de haute qualit\u00e9, cette gourde est \u00e0 la fois <b>durable <\/b>et <b>l\u00e9g\u00e8re<\/b>, parfaite pour vous accompagner dans toutes vos explorations. Avec une capacit\u00e9 de <b>500 ml<\/b>, elle garde vos boissons fra\u00eeches ou chaudes pendant des heures. Id\u00e9ale pour l\u2019\u00e9cole, le sport ou les sorties, cette gourde est un cadeau parfait pour les amateurs d\u2019espace et de d\u00e9couvertes.<\/p><p>Cr\u00e9dit photo : \u00a9Vulcania<\/p>\t\t\t\t\t\t\t\t<\/div>\n\t\t\t\t<\/div>\n\t\t\t\t\t<\/div>\n\t\t<\/div>\n\t\t\t\t\t<\/div>\n\t\t<\/section>\n\t\t\t\t<\/div>\n\t\t","protected":false},"excerpt":{"rendered":"<p>Embarquez pour une aventure spatiale avec notre gourde isotherme cosmique ! Fabriqu\u00e9e en acier inoxydable de haute qualit\u00e9, cette gourde est \u00e0 la fois durable et l\u00e9g\u00e8re, parfaite pour vous accompagner dans toutes vos explorations.<\/p>\n<p>Cr\u00e9dit photo : \u00a9Vulcania<\/p>\n","protected":false},"featured_media":4897,"comment_status":"open","ping_status":"closed","template":"","meta":{"rs_blank_template":"","rs_page_bg_color":"","slide_template_v7":""},"product_brand":[],"product_cat":[90],"product_tag":[86],"class_list":{"0":"post-4109","1":"product","2":"type-product","3":"status-publish","4":"has-post-thumbnail","6":"product_cat-accessoires","7":"product_tag-espace","9":"first","10":"instock","11":"taxable","12":"shipping-taxable","13":"purchasable","14":"product-type-simple"},"yoast_head":"<!-- This site is optimized with the Yoast SEO plugin v27.3 - https:\/\/yoast.com\/product\/yoast-seo-wordpress\/ -->\n<title>Gourde Naturevac Deluxebase isotherme - Espace - Boutique Vulcania<\/title>\n<meta name=\"description\" content=\"La gourde Fus\u00e9e est enfin disponible sur la boutique en ligne !\" \/>\n<meta name=\"robots\" content=\"index, follow, max-snippet:-1, max-image-preview:large, max-video-preview:-1\" \/>\n<link rel=\"canonical\" href=\"https:\/\/vulcania.com\/boutique\/produit\/gourde-naturevac-deluxebase-isotherme-espace\/\" \/>\n<meta property=\"og:locale\" content=\"fr_FR\" \/>\n<meta property=\"og:type\" content=\"article\" \/>\n<meta property=\"og:title\" content=\"Gourde Naturevac Deluxebase isotherme - Espace - Boutique Vulcania\" \/>\n<meta property=\"og:description\" content=\"La gourde Fus\u00e9e est enfin disponible sur la boutique en ligne !\" \/>\n<meta property=\"og:url\" content=\"https:\/\/vulcania.com\/boutique\/produit\/gourde-naturevac-deluxebase-isotherme-espace\/\" \/>\n<meta property=\"og:site_name\" content=\"Boutique Vulcania\" \/>\n<meta property=\"article:modified_time\" content=\"2025-12-16T11:16:37+00:00\" \/>\n<meta property=\"og:image\" content=\"https:\/\/vulcania.com\/boutique\/wp-content\/uploads\/2024\/08\/Gourde-Naturevac-Deluxebase-isotherme-\u2013-Espace-4.jpg\" \/>\n\t<meta property=\"og:image:width\" content=\"800\" \/>\n\t<meta property=\"og:image:height\" content=\"800\" \/>\n\t<meta property=\"og:image:type\" content=\"image\/jpeg\" \/>\n<meta name=\"twitter:card\" content=\"summary_large_image\" \/>\n<meta name=\"twitter:label1\" content=\"Dur\u00e9e de lecture estim\u00e9e\" \/>\n\t<meta name=\"twitter:data1\" content=\"1 minute\" \/>\n<script type=\"application\/ld+json\" class=\"yoast-schema-graph\">{\"@context\":\"https:\\\/\\\/schema.org\",\"@graph\":[{\"@type\":\"WebPage\",\"@id\":\"https:\\\/\\\/vulcania.com\\\/boutique\\\/produit\\\/gourde-naturevac-deluxebase-isotherme-espace\\\/\",\"url\":\"https:\\\/\\\/vulcania.com\\\/boutique\\\/produit\\\/gourde-naturevac-deluxebase-isotherme-espace\\\/\",\"name\":\"Gourde Naturevac Deluxebase isotherme - Espace - Boutique Vulcania\",\"isPartOf\":{\"@id\":\"https:\\\/\\\/vulcania.com\\\/boutique\\\/#website\"},\"primaryImageOfPage\":{\"@id\":\"https:\\\/\\\/vulcania.com\\\/boutique\\\/produit\\\/gourde-naturevac-deluxebase-isotherme-espace\\\/#primaryimage\"},\"image\":{\"@id\":\"https:\\\/\\\/vulcania.com\\\/boutique\\\/produit\\\/gourde-naturevac-deluxebase-isotherme-espace\\\/#primaryimage\"},\"thumbnailUrl\":\"https:\\\/\\\/vulcania.com\\\/boutique\\\/wp-content\\\/uploads\\\/2024\\\/08\\\/Gourde-Naturevac-Deluxebase-isotherme-\u2013-Espace-4.jpg\",\"datePublished\":\"2024-08-23T10:12:41+00:00\",\"dateModified\":\"2025-12-16T11:16:37+00:00\",\"description\":\"La gourde Fus\u00e9e est enfin disponible sur la boutique en ligne !\",\"breadcrumb\":{\"@id\":\"https:\\\/\\\/vulcania.com\\\/boutique\\\/produit\\\/gourde-naturevac-deluxebase-isotherme-espace\\\/#breadcrumb\"},\"inLanguage\":\"fr-FR\",\"potentialAction\":[{\"@type\":\"ReadAction\",\"target\":[\"https:\\\/\\\/vulcania.com\\\/boutique\\\/produit\\\/gourde-naturevac-deluxebase-isotherme-espace\\\/\"]}]},{\"@type\":\"ImageObject\",\"inLanguage\":\"fr-FR\",\"@id\":\"https:\\\/\\\/vulcania.com\\\/boutique\\\/produit\\\/gourde-naturevac-deluxebase-isotherme-espace\\\/#primaryimage\",\"url\":\"https:\\\/\\\/vulcania.com\\\/boutique\\\/wp-content\\\/uploads\\\/2024\\\/08\\\/Gourde-Naturevac-Deluxebase-isotherme-\u2013-Espace-4.jpg\",\"contentUrl\":\"https:\\\/\\\/vulcania.com\\\/boutique\\\/wp-content\\\/uploads\\\/2024\\\/08\\\/Gourde-Naturevac-Deluxebase-isotherme-\u2013-Espace-4.jpg\",\"width\":800,\"height\":800},{\"@type\":\"BreadcrumbList\",\"@id\":\"https:\\\/\\\/vulcania.com\\\/boutique\\\/produit\\\/gourde-naturevac-deluxebase-isotherme-espace\\\/#breadcrumb\",\"itemListElement\":[{\"@type\":\"ListItem\",\"position\":1,\"name\":\"Accueil\",\"item\":\"https:\\\/\\\/vulcania.com\\\/boutique\\\/\"},{\"@type\":\"ListItem\",\"position\":2,\"name\":\"Nos produits\",\"item\":\"https:\\\/\\\/vulcania.com\\\/boutique\\\/nos-produits\\\/\"},{\"@type\":\"ListItem\",\"position\":3,\"name\":\"Gourde Naturevac Deluxebase isotherme &#8211; Espace\"}]},{\"@type\":\"WebSite\",\"@id\":\"https:\\\/\\\/vulcania.com\\\/boutique\\\/#website\",\"url\":\"https:\\\/\\\/vulcania.com\\\/boutique\\\/\",\"name\":\"Boutique Vulcania\",\"description\":\"\",\"potentialAction\":[{\"@type\":\"SearchAction\",\"target\":{\"@type\":\"EntryPoint\",\"urlTemplate\":\"https:\\\/\\\/vulcania.com\\\/boutique\\\/?s={search_term_string}\"},\"query-input\":{\"@type\":\"PropertyValueSpecification\",\"valueRequired\":true,\"valueName\":\"search_term_string\"}}],\"inLanguage\":\"fr-FR\"}]}<\/script>\n<!-- \/ Yoast SEO plugin. -->","yoast_head_json":{"title":"Gourde Naturevac Deluxebase isotherme - Espace - Boutique Vulcania","description":"La gourde Fus\u00e9e est enfin disponible sur la boutique en ligne !","robots":{"index":"index","follow":"follow","max-snippet":"max-snippet:-1","max-image-preview":"max-image-preview:large","max-video-preview":"max-video-preview:-1"},"canonical":"https:\/\/vulcania.com\/boutique\/produit\/gourde-naturevac-deluxebase-isotherme-espace\/","og_locale":"fr_FR","og_type":"article","og_title":"Gourde Naturevac Deluxebase isotherme - Espace - Boutique Vulcania","og_description":"La gourde Fus\u00e9e est enfin disponible sur la boutique en ligne !","og_url":"https:\/\/vulcania.com\/boutique\/produit\/gourde-naturevac-deluxebase-isotherme-espace\/","og_site_name":"Boutique Vulcania","article_modified_time":"2025-12-16T11:16:37+00:00","og_image":[{"width":800,"height":800,"url":"https:\/\/vulcania.com\/boutique\/wp-content\/uploads\/2024\/08\/Gourde-Naturevac-Deluxebase-isotherme-\u2013-Espace-4.jpg","type":"image\/jpeg"}],"twitter_card":"summary_large_image","twitter_misc":{"Dur\u00e9e de lecture estim\u00e9e":"1 minute"},"schema":{"@context":"https:\/\/schema.org","@graph":[{"@type":"WebPage","@id":"https:\/\/vulcania.com\/boutique\/produit\/gourde-naturevac-deluxebase-isotherme-espace\/","url":"https:\/\/vulcania.com\/boutique\/produit\/gourde-naturevac-deluxebase-isotherme-espace\/","name":"Gourde Naturevac Deluxebase isotherme - Espace - Boutique Vulcania","isPartOf":{"@id":"https:\/\/vulcania.com\/boutique\/#website"},"primaryImageOfPage":{"@id":"https:\/\/vulcania.com\/boutique\/produit\/gourde-naturevac-deluxebase-isotherme-espace\/#primaryimage"},"image":{"@id":"https:\/\/vulcania.com\/boutique\/produit\/gourde-naturevac-deluxebase-isotherme-espace\/#primaryimage"},"thumbnailUrl":"https:\/\/vulcania.com\/boutique\/wp-content\/uploads\/2024\/08\/Gourde-Naturevac-Deluxebase-isotherme-\u2013-Espace-4.jpg","datePublished":"2024-08-23T10:12:41+00:00","dateModified":"2025-12-16T11:16:37+00:00","description":"La gourde Fus\u00e9e est enfin disponible sur la boutique en ligne !","breadcrumb":{"@id":"https:\/\/vulcania.com\/boutique\/produit\/gourde-naturevac-deluxebase-isotherme-espace\/#breadcrumb"},"inLanguage":"fr-FR","potentialAction":[{"@type":"ReadAction","target":["https:\/\/vulcania.com\/boutique\/produit\/gourde-naturevac-deluxebase-isotherme-espace\/"]}]},{"@type":"ImageObject","inLanguage":"fr-FR","@id":"https:\/\/vulcania.com\/boutique\/produit\/gourde-naturevac-deluxebase-isotherme-espace\/#primaryimage","url":"https:\/\/vulcania.com\/boutique\/wp-content\/uploads\/2024\/08\/Gourde-Naturevac-Deluxebase-isotherme-\u2013-Espace-4.jpg","contentUrl":"https:\/\/vulcania.com\/boutique\/wp-content\/uploads\/2024\/08\/Gourde-Naturevac-Deluxebase-isotherme-\u2013-Espace-4.jpg","width":800,"height":800},{"@type":"BreadcrumbList","@id":"https:\/\/vulcania.com\/boutique\/produit\/gourde-naturevac-deluxebase-isotherme-espace\/#breadcrumb","itemListElement":[{"@type":"ListItem","position":1,"name":"Accueil","item":"https:\/\/vulcania.com\/boutique\/"},{"@type":"ListItem","position":2,"name":"Nos produits","item":"https:\/\/vulcania.com\/boutique\/nos-produits\/"},{"@type":"ListItem","position":3,"name":"Gourde Naturevac Deluxebase isotherme &#8211; Espace"}]},{"@type":"WebSite","@id":"https:\/\/vulcania.com\/boutique\/#website","url":"https:\/\/vulcania.com\/boutique\/","name":"Boutique Vulcania","description":"","potentialAction":[{"@type":"SearchAction","target":{"@type":"EntryPoint","urlTemplate":"https:\/\/vulcania.com\/boutique\/?s={search_term_string}"},"query-input":{"@type":"PropertyValueSpecification","valueRequired":true,"valueName":"search_term_string"}}],"inLanguage":"fr-FR"}]}},"jetpack_sharing_enabled":true,"_links":{"self":[{"href":"https:\/\/vulcania.com\/boutique\/wp-json\/wp\/v2\/product\/4109","targetHints":{"allow":["GET"]}}],"collection":[{"href":"https:\/\/vulcania.com\/boutique\/wp-json\/wp\/v2\/product"}],"about":[{"href":"https:\/\/vulcania.com\/boutique\/wp-json\/wp\/v2\/types\/product"}],"replies":[{"embeddable":true,"href":"https:\/\/vulcania.com\/boutique\/wp-json\/wp\/v2\/comments?post=4109"}],"version-history":[{"count":17,"href":"https:\/\/vulcania.com\/boutique\/wp-json\/wp\/v2\/product\/4109\/revisions"}],"predecessor-version":[{"id":5160,"href":"https:\/\/vulcania.com\/boutique\/wp-json\/wp\/v2\/product\/4109\/revisions\/5160"}],"wp:featuredmedia":[{"embeddable":true,"href":"https:\/\/vulcania.com\/boutique\/wp-json\/wp\/v2\/media\/4897"}],"wp:attachment":[{"href":"https:\/\/vulcania.com\/boutique\/wp-json\/wp\/v2\/media?parent=4109"}],"wp:term":[{"taxonomy":"product_brand","embeddable":true,"href":"https:\/\/vulcania.com\/boutique\/wp-json\/wp\/v2\/product_brand?post=4109"},{"taxonomy":"product_cat","embeddable":true,"href":"https:\/\/vulcania.com\/boutique\/wp-json\/wp\/v2\/product_cat?post=4109"},{"taxonomy":"product_tag","embeddable":true,"href":"https:\/\/vulcania.com\/boutique\/wp-json\/wp\/v2\/product_tag?post=4109"}],"curies":[{"name":"wp","href":"https:\/\/api.w.org\/{rel}","templated":true}]}}