{"id":3880,"date":"2024-08-05T14:26:55","date_gmt":"2024-08-05T12:26:55","guid":{"rendered":"https:\/\/vulcania.com\/boutique\/?post_type=product&#038;p=3880"},"modified":"2025-12-26T04:12:38","modified_gmt":"2025-12-26T03:12:38","slug":"kit-riviere-des-mineraux","status":"publish","type":"product","link":"https:\/\/vulcania.com\/boutique\/produit\/kit-riviere-des-mineraux\/","title":{"rendered":"Kit Rivi\u00e8re des Min\u00e9raux"},"content":{"rendered":"\t\t<div data-elementor-type=\"wp-post\" data-elementor-id=\"3880\" class=\"elementor elementor-3880\">\n\t\t\t\t\t\t<section class=\"elementor-section elementor-top-section elementor-element elementor-element-cdfd5f2 elementor-section-boxed elementor-section-height-default elementor-section-height-default\" data-id=\"cdfd5f2\" data-element_type=\"section\" data-e-type=\"section\">\n\t\t\t\t\t\t<div class=\"elementor-container elementor-column-gap-default\">\n\t\t\t\t\t<div class=\"elementor-column elementor-col-100 elementor-top-column elementor-element elementor-element-b9796b2\" data-id=\"b9796b2\" data-element_type=\"column\" data-e-type=\"column\">\n\t\t\t<div class=\"elementor-widget-wrap elementor-element-populated\">\n\t\t\t\t\t\t<div class=\"elementor-element elementor-element-88e6fb0 elementor-widget elementor-widget-text-editor\" data-id=\"88e6fb0\" data-element_type=\"widget\" data-e-type=\"widget\" data-widget_type=\"text-editor.default\">\n\t\t\t\t<div class=\"elementor-widget-container\">\n\t\t\t\t\t\t\t\t\t<p>D\u00e9couvrez une <b>exclusivit\u00e9 Vulcania<\/b> : Le Kit Rivi\u00e8re des Min\u00e9raux, d\u00e9riv\u00e9 de l&rsquo;animation du parc \u00ab\u00a0La Rivi\u00e8re des Min\u00e9raux\u00a0\u00bb, inaugur\u00e9e en 2024.<\/p>\n<p>Pour apprendre en s&rsquo;amusant, le Kit Rivi\u00e8re des Min\u00e9raux est parfaitement adapt\u00e9 aux enfants <b>d\u00e8s l&rsquo;\u00e2ge de 6 ans<\/b>. Voyez votre enfant devenir <b>orpailleur<\/b> ! Ce kit comprend&nbsp;<span style=\"font-family: &quot;Titillium Web&quot;, -apple-system, BlinkMacSystemFont, &quot;Segoe UI&quot;, Roboto, Oxygen-Sans, Ubuntu, Cantarell, &quot;Helvetica Neue&quot;, sans-serif; font-size: 18px; font-style: normal; font-variant-ligatures: normal; font-variant-caps: normal; font-weight: 400; letter-spacing: 0px;\">un <\/span><span style=\"font-family: &quot;Titillium Web&quot;, -apple-system, BlinkMacSystemFont, &quot;Segoe UI&quot;, Roboto, Oxygen-Sans, Ubuntu, Cantarell, &quot;Helvetica Neue&quot;, sans-serif; font-size: 18px; font-style: normal; font-variant-ligatures: normal; font-variant-caps: normal; letter-spacing: 0px;\"><b>sac de sable et de min\u00e9raux<\/b><\/span><span style=\"font-family: &quot;Titillium Web&quot;, -apple-system, BlinkMacSystemFont, &quot;Segoe UI&quot;, Roboto, Oxygen-Sans, Ubuntu, Cantarell, &quot;Helvetica Neue&quot;, sans-serif; font-size: 18px; font-style: normal; font-variant-ligatures: normal; font-variant-caps: normal; font-weight: 400; letter-spacing: 0px;\">, un<\/span><span style=\"font-family: &quot;Titillium Web&quot;, -apple-system, BlinkMacSystemFont, &quot;Segoe UI&quot;, Roboto, Oxygen-Sans, Ubuntu, Cantarell, &quot;Helvetica Neue&quot;, sans-serif; font-size: 18px; font-style: normal; font-variant-ligatures: normal; font-variant-caps: normal; letter-spacing: 0px;\"><b> tamis<\/b>, une<b> pochette <\/b>de conservation<\/span><span style=\"font-family: &quot;Titillium Web&quot;, -apple-system, BlinkMacSystemFont, &quot;Segoe UI&quot;, Roboto, Oxygen-Sans, Ubuntu, Cantarell, &quot;Helvetica Neue&quot;, sans-serif; font-size: 18px; font-style: normal; font-variant-ligatures: normal; font-variant-caps: normal; letter-spacing: 0px;\"> <\/span><span style=\"font-family: &quot;Titillium Web&quot;, -apple-system, BlinkMacSystemFont, &quot;Segoe UI&quot;, Roboto, Oxygen-Sans, Ubuntu, Cantarell, &quot;Helvetica Neue&quot;, sans-serif; font-size: 18px; font-style: normal; font-variant-ligatures: normal; font-variant-caps: normal; font-weight: 400; letter-spacing: 0px;\">et&nbsp;<\/span><span style=\"letter-spacing: 0px;\">un <b>guide<\/b> vous indiquant les 12 min\u00e9raux \u00e0 trouver.&nbsp;<\/span><\/p><p>Peut-\u00eatre que votre enfant est en passe de devenir le prochain James Marshall&#8230;<\/p>\n<p>\u26a0\ufe0f <b>Attention \u00e0 ne pas verser directement le sable dans l&rsquo;\u00e9vier, la douche ou la baignoire au risque de les boucher. Produit d\u00e9conseill\u00e9 aux enfants de<span style=\"letter-spacing: 0px;\">&nbsp;moins de 3 ans.<\/span><\/b><\/p>\n<p>Cr\u00e9dit photo : \u00a9 Vulcania<\/p>\t\t\t\t\t\t\t\t<\/div>\n\t\t\t\t<\/div>\n\t\t\t\t\t<\/div>\n\t\t<\/div>\n\t\t\t\t\t<\/div>\n\t\t<\/section>\n\t\t\t\t<\/div>\n\t\t","protected":false},"excerpt":{"rendered":"<p>Exclusivit\u00e9 Vulcania pour apprendre en s&rsquo;amusant, le kit de la rivi\u00e8re des min\u00e9raux est parfaitement adapt\u00e9 aux enfants d\u00e8s l&rsquo;\u00e2ge de 6 ans. Voyez votre enfant devenir orpailleur !<\/p>\n<p>Cr\u00e9dit photo : \u00a9 Vulcania<\/p>\n","protected":false},"featured_media":4860,"comment_status":"open","ping_status":"closed","template":"","meta":{"rs_blank_template":"","rs_page_bg_color":"","slide_template_v7":""},"product_brand":[],"product_cat":[88,117],"product_tag":[85,92],"class_list":{"0":"post-3880","1":"product","2":"type-product","3":"status-publish","4":"has-post-thumbnail","6":"product_cat-jeux-pour-enfants","7":"product_cat-kits","8":"product_tag-volcans","9":"product_tag-vulcania","11":"first","12":"instock","13":"taxable","14":"shipping-taxable","15":"purchasable","16":"product-type-simple"},"yoast_head":"<!-- This site is optimized with the Yoast SEO plugin v27.3 - https:\/\/yoast.com\/product\/yoast-seo-wordpress\/ -->\n<title>Kit Rivi\u00e8re des Min\u00e9raux - Boutique Vulcania<\/title>\n<meta name=\"description\" content=\"Pour apprendre en s&#039;amusant, le kit de la rivi\u00e8re des min\u00e9raux est parfaitement adapt\u00e9. Voyez votre enfant devenir orpailleur !\" \/>\n<meta name=\"robots\" content=\"index, follow, max-snippet:-1, max-image-preview:large, max-video-preview:-1\" \/>\n<link rel=\"canonical\" href=\"https:\/\/vulcania.com\/boutique\/produit\/kit-riviere-des-mineraux\/\" \/>\n<meta property=\"og:locale\" content=\"fr_FR\" \/>\n<meta property=\"og:type\" content=\"article\" \/>\n<meta property=\"og:title\" content=\"Kit Rivi\u00e8re des Min\u00e9raux - Boutique Vulcania\" \/>\n<meta property=\"og:description\" content=\"Pour apprendre en s&#039;amusant, le kit de la rivi\u00e8re des min\u00e9raux est parfaitement adapt\u00e9. Voyez votre enfant devenir orpailleur !\" \/>\n<meta property=\"og:url\" content=\"https:\/\/vulcania.com\/boutique\/produit\/kit-riviere-des-mineraux\/\" \/>\n<meta property=\"og:site_name\" content=\"Boutique Vulcania\" \/>\n<meta property=\"article:modified_time\" content=\"2025-12-26T03:12:38+00:00\" \/>\n<meta property=\"og:image\" content=\"https:\/\/vulcania.com\/boutique\/wp-content\/uploads\/2024\/08\/kit-riviere-des-mineraux-2025.jpg\" \/>\n\t<meta property=\"og:image:width\" content=\"800\" \/>\n\t<meta property=\"og:image:height\" content=\"800\" \/>\n\t<meta property=\"og:image:type\" content=\"image\/jpeg\" \/>\n<meta name=\"twitter:card\" content=\"summary_large_image\" \/>\n<meta name=\"twitter:label1\" content=\"Dur\u00e9e de lecture estim\u00e9e\" \/>\n\t<meta name=\"twitter:data1\" content=\"1 minute\" \/>\n<script type=\"application\/ld+json\" class=\"yoast-schema-graph\">{\"@context\":\"https:\\\/\\\/schema.org\",\"@graph\":[{\"@type\":\"WebPage\",\"@id\":\"https:\\\/\\\/vulcania.com\\\/boutique\\\/produit\\\/kit-riviere-des-mineraux\\\/\",\"url\":\"https:\\\/\\\/vulcania.com\\\/boutique\\\/produit\\\/kit-riviere-des-mineraux\\\/\",\"name\":\"Kit Rivi\u00e8re des Min\u00e9raux - Boutique Vulcania\",\"isPartOf\":{\"@id\":\"https:\\\/\\\/vulcania.com\\\/boutique\\\/#website\"},\"primaryImageOfPage\":{\"@id\":\"https:\\\/\\\/vulcania.com\\\/boutique\\\/produit\\\/kit-riviere-des-mineraux\\\/#primaryimage\"},\"image\":{\"@id\":\"https:\\\/\\\/vulcania.com\\\/boutique\\\/produit\\\/kit-riviere-des-mineraux\\\/#primaryimage\"},\"thumbnailUrl\":\"https:\\\/\\\/vulcania.com\\\/boutique\\\/wp-content\\\/uploads\\\/2024\\\/08\\\/kit-riviere-des-mineraux-2025.jpg\",\"datePublished\":\"2024-08-05T12:26:55+00:00\",\"dateModified\":\"2025-12-26T03:12:38+00:00\",\"description\":\"Pour apprendre en s'amusant, le kit de la rivi\u00e8re des min\u00e9raux est parfaitement adapt\u00e9. Voyez votre enfant devenir orpailleur !\",\"breadcrumb\":{\"@id\":\"https:\\\/\\\/vulcania.com\\\/boutique\\\/produit\\\/kit-riviere-des-mineraux\\\/#breadcrumb\"},\"inLanguage\":\"fr-FR\",\"potentialAction\":[{\"@type\":\"ReadAction\",\"target\":[\"https:\\\/\\\/vulcania.com\\\/boutique\\\/produit\\\/kit-riviere-des-mineraux\\\/\"]}]},{\"@type\":\"ImageObject\",\"inLanguage\":\"fr-FR\",\"@id\":\"https:\\\/\\\/vulcania.com\\\/boutique\\\/produit\\\/kit-riviere-des-mineraux\\\/#primaryimage\",\"url\":\"https:\\\/\\\/vulcania.com\\\/boutique\\\/wp-content\\\/uploads\\\/2024\\\/08\\\/kit-riviere-des-mineraux-2025.jpg\",\"contentUrl\":\"https:\\\/\\\/vulcania.com\\\/boutique\\\/wp-content\\\/uploads\\\/2024\\\/08\\\/kit-riviere-des-mineraux-2025.jpg\",\"width\":800,\"height\":800},{\"@type\":\"BreadcrumbList\",\"@id\":\"https:\\\/\\\/vulcania.com\\\/boutique\\\/produit\\\/kit-riviere-des-mineraux\\\/#breadcrumb\",\"itemListElement\":[{\"@type\":\"ListItem\",\"position\":1,\"name\":\"Accueil\",\"item\":\"https:\\\/\\\/vulcania.com\\\/boutique\\\/\"},{\"@type\":\"ListItem\",\"position\":2,\"name\":\"Nos produits\",\"item\":\"https:\\\/\\\/vulcania.com\\\/boutique\\\/nos-produits\\\/\"},{\"@type\":\"ListItem\",\"position\":3,\"name\":\"Kit Rivi\u00e8re des Min\u00e9raux\"}]},{\"@type\":\"WebSite\",\"@id\":\"https:\\\/\\\/vulcania.com\\\/boutique\\\/#website\",\"url\":\"https:\\\/\\\/vulcania.com\\\/boutique\\\/\",\"name\":\"Boutique Vulcania\",\"description\":\"\",\"potentialAction\":[{\"@type\":\"SearchAction\",\"target\":{\"@type\":\"EntryPoint\",\"urlTemplate\":\"https:\\\/\\\/vulcania.com\\\/boutique\\\/?s={search_term_string}\"},\"query-input\":{\"@type\":\"PropertyValueSpecification\",\"valueRequired\":true,\"valueName\":\"search_term_string\"}}],\"inLanguage\":\"fr-FR\"}]}<\/script>\n<!-- \/ Yoast SEO plugin. -->","yoast_head_json":{"title":"Kit Rivi\u00e8re des Min\u00e9raux - Boutique Vulcania","description":"Pour apprendre en s'amusant, le kit de la rivi\u00e8re des min\u00e9raux est parfaitement adapt\u00e9. Voyez votre enfant devenir orpailleur !","robots":{"index":"index","follow":"follow","max-snippet":"max-snippet:-1","max-image-preview":"max-image-preview:large","max-video-preview":"max-video-preview:-1"},"canonical":"https:\/\/vulcania.com\/boutique\/produit\/kit-riviere-des-mineraux\/","og_locale":"fr_FR","og_type":"article","og_title":"Kit Rivi\u00e8re des Min\u00e9raux - Boutique Vulcania","og_description":"Pour apprendre en s'amusant, le kit de la rivi\u00e8re des min\u00e9raux est parfaitement adapt\u00e9. Voyez votre enfant devenir orpailleur !","og_url":"https:\/\/vulcania.com\/boutique\/produit\/kit-riviere-des-mineraux\/","og_site_name":"Boutique Vulcania","article_modified_time":"2025-12-26T03:12:38+00:00","og_image":[{"width":800,"height":800,"url":"https:\/\/vulcania.com\/boutique\/wp-content\/uploads\/2024\/08\/kit-riviere-des-mineraux-2025.jpg","type":"image\/jpeg"}],"twitter_card":"summary_large_image","twitter_misc":{"Dur\u00e9e de lecture estim\u00e9e":"1 minute"},"schema":{"@context":"https:\/\/schema.org","@graph":[{"@type":"WebPage","@id":"https:\/\/vulcania.com\/boutique\/produit\/kit-riviere-des-mineraux\/","url":"https:\/\/vulcania.com\/boutique\/produit\/kit-riviere-des-mineraux\/","name":"Kit Rivi\u00e8re des Min\u00e9raux - Boutique Vulcania","isPartOf":{"@id":"https:\/\/vulcania.com\/boutique\/#website"},"primaryImageOfPage":{"@id":"https:\/\/vulcania.com\/boutique\/produit\/kit-riviere-des-mineraux\/#primaryimage"},"image":{"@id":"https:\/\/vulcania.com\/boutique\/produit\/kit-riviere-des-mineraux\/#primaryimage"},"thumbnailUrl":"https:\/\/vulcania.com\/boutique\/wp-content\/uploads\/2024\/08\/kit-riviere-des-mineraux-2025.jpg","datePublished":"2024-08-05T12:26:55+00:00","dateModified":"2025-12-26T03:12:38+00:00","description":"Pour apprendre en s'amusant, le kit de la rivi\u00e8re des min\u00e9raux est parfaitement adapt\u00e9. Voyez votre enfant devenir orpailleur !","breadcrumb":{"@id":"https:\/\/vulcania.com\/boutique\/produit\/kit-riviere-des-mineraux\/#breadcrumb"},"inLanguage":"fr-FR","potentialAction":[{"@type":"ReadAction","target":["https:\/\/vulcania.com\/boutique\/produit\/kit-riviere-des-mineraux\/"]}]},{"@type":"ImageObject","inLanguage":"fr-FR","@id":"https:\/\/vulcania.com\/boutique\/produit\/kit-riviere-des-mineraux\/#primaryimage","url":"https:\/\/vulcania.com\/boutique\/wp-content\/uploads\/2024\/08\/kit-riviere-des-mineraux-2025.jpg","contentUrl":"https:\/\/vulcania.com\/boutique\/wp-content\/uploads\/2024\/08\/kit-riviere-des-mineraux-2025.jpg","width":800,"height":800},{"@type":"BreadcrumbList","@id":"https:\/\/vulcania.com\/boutique\/produit\/kit-riviere-des-mineraux\/#breadcrumb","itemListElement":[{"@type":"ListItem","position":1,"name":"Accueil","item":"https:\/\/vulcania.com\/boutique\/"},{"@type":"ListItem","position":2,"name":"Nos produits","item":"https:\/\/vulcania.com\/boutique\/nos-produits\/"},{"@type":"ListItem","position":3,"name":"Kit Rivi\u00e8re des Min\u00e9raux"}]},{"@type":"WebSite","@id":"https:\/\/vulcania.com\/boutique\/#website","url":"https:\/\/vulcania.com\/boutique\/","name":"Boutique Vulcania","description":"","potentialAction":[{"@type":"SearchAction","target":{"@type":"EntryPoint","urlTemplate":"https:\/\/vulcania.com\/boutique\/?s={search_term_string}"},"query-input":{"@type":"PropertyValueSpecification","valueRequired":true,"valueName":"search_term_string"}}],"inLanguage":"fr-FR"}]}},"jetpack_sharing_enabled":true,"_links":{"self":[{"href":"https:\/\/vulcania.com\/boutique\/wp-json\/wp\/v2\/product\/3880","targetHints":{"allow":["GET"]}}],"collection":[{"href":"https:\/\/vulcania.com\/boutique\/wp-json\/wp\/v2\/product"}],"about":[{"href":"https:\/\/vulcania.com\/boutique\/wp-json\/wp\/v2\/types\/product"}],"replies":[{"embeddable":true,"href":"https:\/\/vulcania.com\/boutique\/wp-json\/wp\/v2\/comments?post=3880"}],"version-history":[{"count":35,"href":"https:\/\/vulcania.com\/boutique\/wp-json\/wp\/v2\/product\/3880\/revisions"}],"predecessor-version":[{"id":4509,"href":"https:\/\/vulcania.com\/boutique\/wp-json\/wp\/v2\/product\/3880\/revisions\/4509"}],"wp:featuredmedia":[{"embeddable":true,"href":"https:\/\/vulcania.com\/boutique\/wp-json\/wp\/v2\/media\/4860"}],"wp:attachment":[{"href":"https:\/\/vulcania.com\/boutique\/wp-json\/wp\/v2\/media?parent=3880"}],"wp:term":[{"taxonomy":"product_brand","embeddable":true,"href":"https:\/\/vulcania.com\/boutique\/wp-json\/wp\/v2\/product_brand?post=3880"},{"taxonomy":"product_cat","embeddable":true,"href":"https:\/\/vulcania.com\/boutique\/wp-json\/wp\/v2\/product_cat?post=3880"},{"taxonomy":"product_tag","embeddable":true,"href":"https:\/\/vulcania.com\/boutique\/wp-json\/wp\/v2\/product_tag?post=3880"}],"curies":[{"name":"wp","href":"https:\/\/api.w.org\/{rel}","templated":true}]}}