{"id":3852,"date":"2024-08-05T13:52:57","date_gmt":"2024-08-05T11:52:57","guid":{"rendered":"https:\/\/vulcania.com\/boutique\/?post_type=product&#038;p=3852"},"modified":"2025-12-12T16:46:45","modified_gmt":"2025-12-12T15:46:45","slug":"boule-a-neige-volcan-bleu","status":"publish","type":"product","link":"https:\/\/vulcania.com\/boutique\/produit\/boule-a-neige-volcan-bleu\/","title":{"rendered":"Boule \u00e0 neige Volcan Bleu"},"content":{"rendered":"\t\t<div data-elementor-type=\"wp-post\" data-elementor-id=\"3852\" class=\"elementor elementor-3852\">\n\t\t\t\t\t\t<section class=\"elementor-section elementor-top-section elementor-element elementor-element-cdfd5f2 elementor-section-boxed elementor-section-height-default elementor-section-height-default\" data-id=\"cdfd5f2\" data-element_type=\"section\" data-e-type=\"section\">\n\t\t\t\t\t\t<div class=\"elementor-container elementor-column-gap-default\">\n\t\t\t\t\t<div class=\"elementor-column elementor-col-100 elementor-top-column elementor-element elementor-element-b9796b2\" data-id=\"b9796b2\" data-element_type=\"column\" data-e-type=\"column\">\n\t\t\t<div class=\"elementor-widget-wrap elementor-element-populated\">\n\t\t\t\t\t\t<div class=\"elementor-element elementor-element-88e6fb0 elementor-widget elementor-widget-text-editor\" data-id=\"88e6fb0\" data-element_type=\"widget\" data-e-type=\"widget\" data-widget_type=\"text-editor.default\">\n\t\t\t\t<div class=\"elementor-widget-container\">\n\t\t\t\t\t\t\t\t\t<p style=\"font-style: normal; font-variant-ligatures: normal; font-variant-caps: normal; font-weight: 400; font-size: 18px; font-family: &quot;Titillium Web&quot;, -apple-system, BlinkMacSystemFont, &quot;Segoe UI&quot;, Roboto, Oxygen-Sans, Ubuntu, Cantarell, &quot;Helvetica Neue&quot;, sans-serif;\"><span style=\"font-weight: 700;\">Fabriqu\u00e9e en France<\/span>, cette boule \u00e0 neige Vulcania scintillante illustre l&#8217;embl\u00e9matique&nbsp;<span style=\"font-weight: 700;\">Puy de d\u00f4me<\/span>, volcan incontournable de la Cha\u00eene des Puys. Cet objet d\u00e9coratif vous permettra \u00e0 la fois de valoriser le&nbsp;<span style=\"font-weight: 700;\">savoir-faire fran\u00e7ais<\/span>&nbsp;et le&nbsp;<span style=\"font-weight: 700;\">patrimoine naturel de l&rsquo;Auvergne<\/span>.<\/p><p style=\"\">Plongez dans la magie des Volcans d&rsquo;Auvergne avec cette magnifique boule \u00e0 neige. Ce d\u00e9licat globe en verre renferme une sc\u00e8ne miniature f\u00e9\u00e9rique, o\u00f9 chaque secousse fait tourbillonner des flocons scintillants, cr\u00e9ant une ambiance apaisante et nostalgique. Parfait pour d\u00e9corer votre int\u00e9rieur ou offrir en cadeau, cette boule \u00e0 neige est un souvenir intemporel qui captivera les petits et les grands. Ajoutez une touche de charme Volcanique \u00e0 votre espace avec ce v\u00e9ritable objet de collection.<br><\/p>\n<p style=\"font-style: normal; font-variant-ligatures: normal; font-variant-caps: normal; font-weight: 400; font-size: 18px; font-family: &quot;Titillium Web&quot;, -apple-system, BlinkMacSystemFont, &quot;Segoe UI&quot;, Roboto, Oxygen-Sans, Ubuntu, Cantarell, &quot;Helvetica Neue&quot;, sans-serif;\">Disponible en&nbsp;<span style=\"font-weight: 700;\">Bleu<\/span>&nbsp;ou en&nbsp;<span style=\"font-weight: 700;\">Rouge<\/span>.<\/p>\n<p style=\"font-style: normal; font-variant-ligatures: normal; font-variant-caps: normal; font-weight: 400; font-size: 18px; font-family: &quot;Titillium Web&quot;, -apple-system, BlinkMacSystemFont, &quot;Segoe UI&quot;, Roboto, Oxygen-Sans, Ubuntu, Cantarell, &quot;Helvetica Neue&quot;, sans-serif;\">Cr\u00e9dit photo : \u00a9 Vulcania<\/p>\t\t\t\t\t\t\t\t<\/div>\n\t\t\t\t<\/div>\n\t\t\t\t\t<\/div>\n\t\t<\/div>\n\t\t\t\t\t<\/div>\n\t\t<\/section>\n\t\t\t\t<\/div>\n\t\t","protected":false},"excerpt":{"rendered":"<p>Fabriqu\u00e9e en France, cette boule \u00e0 neige scintillante, \u00e0 l&rsquo;image de Vulcania et du Puy de D\u00f4me, met en valeur le savoir-faire fran\u00e7ais et le patrimoine auvergnat.<\/p>\n<p>Disponible en bleu ou en rouge.<\/p>\n<p>Cr\u00e9dit photo : \u00a9 Vulcania<\/p>\n","protected":false},"featured_media":4892,"comment_status":"open","ping_status":"closed","template":"","meta":{"rs_blank_template":"","rs_page_bg_color":"","slide_template_v7":""},"product_brand":[],"product_cat":[90],"product_tag":[92],"class_list":{"0":"post-3852","1":"product","2":"type-product","3":"status-publish","4":"has-post-thumbnail","6":"product_cat-accessoires","7":"product_tag-vulcania","9":"first","10":"instock","11":"taxable","12":"shipping-taxable","13":"purchasable","14":"product-type-simple"},"yoast_head":"<!-- This site is optimized with the Yoast SEO plugin v27.4 - https:\/\/yoast.com\/product\/yoast-seo-wordpress\/ -->\n<title>Boule \u00e0 neige Volcan Bleu - Boutique Vulcania<\/title>\n<meta name=\"description\" content=\"Un souvenir parfait, la boule \u00e0 neige Vulcania aux couleurs de la chaine des Puys d&#039;Auvergne.\" \/>\n<meta name=\"robots\" content=\"index, follow, max-snippet:-1, max-image-preview:large, max-video-preview:-1\" \/>\n<link rel=\"canonical\" href=\"https:\/\/vulcania.com\/boutique\/produit\/boule-a-neige-volcan-bleu\/\" \/>\n<meta property=\"og:locale\" content=\"fr_FR\" \/>\n<meta property=\"og:type\" content=\"article\" \/>\n<meta property=\"og:title\" content=\"Boule \u00e0 neige Volcan Bleu - Boutique Vulcania\" \/>\n<meta property=\"og:description\" content=\"Un souvenir parfait, la boule \u00e0 neige Vulcania aux couleurs de la chaine des Puys d&#039;Auvergne.\" \/>\n<meta property=\"og:url\" content=\"https:\/\/vulcania.com\/boutique\/produit\/boule-a-neige-volcan-bleu\/\" \/>\n<meta property=\"og:site_name\" content=\"Boutique Vulcania\" \/>\n<meta property=\"article:modified_time\" content=\"2025-12-12T15:46:45+00:00\" \/>\n<meta property=\"og:image\" content=\"https:\/\/vulcania.com\/boutique\/wp-content\/uploads\/2024\/08\/Boule-a-neige-Volcan-Bleu.jpg\" \/>\n\t<meta property=\"og:image:width\" content=\"800\" \/>\n\t<meta property=\"og:image:height\" content=\"800\" \/>\n\t<meta property=\"og:image:type\" content=\"image\/jpeg\" \/>\n<meta name=\"twitter:card\" content=\"summary_large_image\" \/>\n<meta name=\"twitter:label1\" content=\"Dur\u00e9e de lecture estim\u00e9e\" \/>\n\t<meta name=\"twitter:data1\" content=\"1 minute\" \/>\n<script type=\"application\/ld+json\" class=\"yoast-schema-graph\">{\"@context\":\"https:\\\/\\\/schema.org\",\"@graph\":[{\"@type\":\"WebPage\",\"@id\":\"https:\\\/\\\/vulcania.com\\\/boutique\\\/produit\\\/boule-a-neige-volcan-bleu\\\/\",\"url\":\"https:\\\/\\\/vulcania.com\\\/boutique\\\/produit\\\/boule-a-neige-volcan-bleu\\\/\",\"name\":\"Boule \u00e0 neige Volcan Bleu - Boutique Vulcania\",\"isPartOf\":{\"@id\":\"https:\\\/\\\/vulcania.com\\\/boutique\\\/#website\"},\"primaryImageOfPage\":{\"@id\":\"https:\\\/\\\/vulcania.com\\\/boutique\\\/produit\\\/boule-a-neige-volcan-bleu\\\/#primaryimage\"},\"image\":{\"@id\":\"https:\\\/\\\/vulcania.com\\\/boutique\\\/produit\\\/boule-a-neige-volcan-bleu\\\/#primaryimage\"},\"thumbnailUrl\":\"https:\\\/\\\/vulcania.com\\\/boutique\\\/wp-content\\\/uploads\\\/2024\\\/08\\\/Boule-a-neige-Volcan-Bleu.jpg\",\"datePublished\":\"2024-08-05T11:52:57+00:00\",\"dateModified\":\"2025-12-12T15:46:45+00:00\",\"description\":\"Un souvenir parfait, la boule \u00e0 neige Vulcania aux couleurs de la chaine des Puys d'Auvergne.\",\"breadcrumb\":{\"@id\":\"https:\\\/\\\/vulcania.com\\\/boutique\\\/produit\\\/boule-a-neige-volcan-bleu\\\/#breadcrumb\"},\"inLanguage\":\"fr-FR\",\"potentialAction\":[{\"@type\":\"ReadAction\",\"target\":[\"https:\\\/\\\/vulcania.com\\\/boutique\\\/produit\\\/boule-a-neige-volcan-bleu\\\/\"]}]},{\"@type\":\"ImageObject\",\"inLanguage\":\"fr-FR\",\"@id\":\"https:\\\/\\\/vulcania.com\\\/boutique\\\/produit\\\/boule-a-neige-volcan-bleu\\\/#primaryimage\",\"url\":\"https:\\\/\\\/vulcania.com\\\/boutique\\\/wp-content\\\/uploads\\\/2024\\\/08\\\/Boule-a-neige-Volcan-Bleu.jpg\",\"contentUrl\":\"https:\\\/\\\/vulcania.com\\\/boutique\\\/wp-content\\\/uploads\\\/2024\\\/08\\\/Boule-a-neige-Volcan-Bleu.jpg\",\"width\":800,\"height\":800},{\"@type\":\"BreadcrumbList\",\"@id\":\"https:\\\/\\\/vulcania.com\\\/boutique\\\/produit\\\/boule-a-neige-volcan-bleu\\\/#breadcrumb\",\"itemListElement\":[{\"@type\":\"ListItem\",\"position\":1,\"name\":\"Accueil\",\"item\":\"https:\\\/\\\/vulcania.com\\\/boutique\\\/\"},{\"@type\":\"ListItem\",\"position\":2,\"name\":\"Nos produits\",\"item\":\"https:\\\/\\\/vulcania.com\\\/boutique\\\/nos-produits\\\/\"},{\"@type\":\"ListItem\",\"position\":3,\"name\":\"Boule \u00e0 neige Volcan Bleu\"}]},{\"@type\":\"WebSite\",\"@id\":\"https:\\\/\\\/vulcania.com\\\/boutique\\\/#website\",\"url\":\"https:\\\/\\\/vulcania.com\\\/boutique\\\/\",\"name\":\"Boutique Vulcania\",\"description\":\"\",\"potentialAction\":[{\"@type\":\"SearchAction\",\"target\":{\"@type\":\"EntryPoint\",\"urlTemplate\":\"https:\\\/\\\/vulcania.com\\\/boutique\\\/?s={search_term_string}\"},\"query-input\":{\"@type\":\"PropertyValueSpecification\",\"valueRequired\":true,\"valueName\":\"search_term_string\"}}],\"inLanguage\":\"fr-FR\"}]}<\/script>\n<!-- \/ Yoast SEO plugin. -->","yoast_head_json":{"title":"Boule \u00e0 neige Volcan Bleu - Boutique Vulcania","description":"Un souvenir parfait, la boule \u00e0 neige Vulcania aux couleurs de la chaine des Puys d'Auvergne.","robots":{"index":"index","follow":"follow","max-snippet":"max-snippet:-1","max-image-preview":"max-image-preview:large","max-video-preview":"max-video-preview:-1"},"canonical":"https:\/\/vulcania.com\/boutique\/produit\/boule-a-neige-volcan-bleu\/","og_locale":"fr_FR","og_type":"article","og_title":"Boule \u00e0 neige Volcan Bleu - Boutique Vulcania","og_description":"Un souvenir parfait, la boule \u00e0 neige Vulcania aux couleurs de la chaine des Puys d'Auvergne.","og_url":"https:\/\/vulcania.com\/boutique\/produit\/boule-a-neige-volcan-bleu\/","og_site_name":"Boutique Vulcania","article_modified_time":"2025-12-12T15:46:45+00:00","og_image":[{"width":800,"height":800,"url":"https:\/\/vulcania.com\/boutique\/wp-content\/uploads\/2024\/08\/Boule-a-neige-Volcan-Bleu.jpg","type":"image\/jpeg"}],"twitter_card":"summary_large_image","twitter_misc":{"Dur\u00e9e de lecture estim\u00e9e":"1 minute"},"schema":{"@context":"https:\/\/schema.org","@graph":[{"@type":"WebPage","@id":"https:\/\/vulcania.com\/boutique\/produit\/boule-a-neige-volcan-bleu\/","url":"https:\/\/vulcania.com\/boutique\/produit\/boule-a-neige-volcan-bleu\/","name":"Boule \u00e0 neige Volcan Bleu - Boutique Vulcania","isPartOf":{"@id":"https:\/\/vulcania.com\/boutique\/#website"},"primaryImageOfPage":{"@id":"https:\/\/vulcania.com\/boutique\/produit\/boule-a-neige-volcan-bleu\/#primaryimage"},"image":{"@id":"https:\/\/vulcania.com\/boutique\/produit\/boule-a-neige-volcan-bleu\/#primaryimage"},"thumbnailUrl":"https:\/\/vulcania.com\/boutique\/wp-content\/uploads\/2024\/08\/Boule-a-neige-Volcan-Bleu.jpg","datePublished":"2024-08-05T11:52:57+00:00","dateModified":"2025-12-12T15:46:45+00:00","description":"Un souvenir parfait, la boule \u00e0 neige Vulcania aux couleurs de la chaine des Puys d'Auvergne.","breadcrumb":{"@id":"https:\/\/vulcania.com\/boutique\/produit\/boule-a-neige-volcan-bleu\/#breadcrumb"},"inLanguage":"fr-FR","potentialAction":[{"@type":"ReadAction","target":["https:\/\/vulcania.com\/boutique\/produit\/boule-a-neige-volcan-bleu\/"]}]},{"@type":"ImageObject","inLanguage":"fr-FR","@id":"https:\/\/vulcania.com\/boutique\/produit\/boule-a-neige-volcan-bleu\/#primaryimage","url":"https:\/\/vulcania.com\/boutique\/wp-content\/uploads\/2024\/08\/Boule-a-neige-Volcan-Bleu.jpg","contentUrl":"https:\/\/vulcania.com\/boutique\/wp-content\/uploads\/2024\/08\/Boule-a-neige-Volcan-Bleu.jpg","width":800,"height":800},{"@type":"BreadcrumbList","@id":"https:\/\/vulcania.com\/boutique\/produit\/boule-a-neige-volcan-bleu\/#breadcrumb","itemListElement":[{"@type":"ListItem","position":1,"name":"Accueil","item":"https:\/\/vulcania.com\/boutique\/"},{"@type":"ListItem","position":2,"name":"Nos produits","item":"https:\/\/vulcania.com\/boutique\/nos-produits\/"},{"@type":"ListItem","position":3,"name":"Boule \u00e0 neige Volcan Bleu"}]},{"@type":"WebSite","@id":"https:\/\/vulcania.com\/boutique\/#website","url":"https:\/\/vulcania.com\/boutique\/","name":"Boutique Vulcania","description":"","potentialAction":[{"@type":"SearchAction","target":{"@type":"EntryPoint","urlTemplate":"https:\/\/vulcania.com\/boutique\/?s={search_term_string}"},"query-input":{"@type":"PropertyValueSpecification","valueRequired":true,"valueName":"search_term_string"}}],"inLanguage":"fr-FR"}]}},"jetpack_sharing_enabled":true,"_links":{"self":[{"href":"https:\/\/vulcania.com\/boutique\/wp-json\/wp\/v2\/product\/3852","targetHints":{"allow":["GET"]}}],"collection":[{"href":"https:\/\/vulcania.com\/boutique\/wp-json\/wp\/v2\/product"}],"about":[{"href":"https:\/\/vulcania.com\/boutique\/wp-json\/wp\/v2\/types\/product"}],"replies":[{"embeddable":true,"href":"https:\/\/vulcania.com\/boutique\/wp-json\/wp\/v2\/comments?post=3852"}],"version-history":[{"count":18,"href":"https:\/\/vulcania.com\/boutique\/wp-json\/wp\/v2\/product\/3852\/revisions"}],"predecessor-version":[{"id":4893,"href":"https:\/\/vulcania.com\/boutique\/wp-json\/wp\/v2\/product\/3852\/revisions\/4893"}],"wp:featuredmedia":[{"embeddable":true,"href":"https:\/\/vulcania.com\/boutique\/wp-json\/wp\/v2\/media\/4892"}],"wp:attachment":[{"href":"https:\/\/vulcania.com\/boutique\/wp-json\/wp\/v2\/media?parent=3852"}],"wp:term":[{"taxonomy":"product_brand","embeddable":true,"href":"https:\/\/vulcania.com\/boutique\/wp-json\/wp\/v2\/product_brand?post=3852"},{"taxonomy":"product_cat","embeddable":true,"href":"https:\/\/vulcania.com\/boutique\/wp-json\/wp\/v2\/product_cat?post=3852"},{"taxonomy":"product_tag","embeddable":true,"href":"https:\/\/vulcania.com\/boutique\/wp-json\/wp\/v2\/product_tag?post=3852"}],"curies":[{"name":"wp","href":"https:\/\/api.w.org\/{rel}","templated":true}]}}