{"id":3146,"date":"2023-11-16T15:04:10","date_gmt":"2023-11-16T14:04:10","guid":{"rendered":"https:\/\/vulcania.com\/boutique\/\/?post_type=product&#038;p=3146"},"modified":"2025-12-16T12:22:10","modified_gmt":"2025-12-16T11:22:10","slug":"defis-nature-mineraux","status":"publish","type":"product","link":"https:\/\/vulcania.com\/boutique\/produit\/defis-nature-mineraux\/","title":{"rendered":"D\u00e9fis nature &#8211; Min\u00e9raux"},"content":{"rendered":"<p>Jeu de cartes de <b>fabrication fran\u00e7aise<\/b> pour les enfants \u00e2g\u00e9s de <b>7 ans et plus<\/b>.\u00a0D\u00e9couvrez les volcans les plus impressionnants de notre plan\u00e8te\u00a0! Rassemblez toutes les cartes du jeu en misant sur les points forts de vos volcans et la partie est gagn\u00e9e\u00a0!<\/p>\n<p>Cr\u00e9dit photo : \u00a9BioViva<\/p>\n","protected":false},"excerpt":{"rendered":"<p>Jeu de cartes de fabrication fran\u00e7aise pour les enfants \u00e2g\u00e9s de 7 ans et plus. D\u00e9couvrez les plus beaux min\u00e9raux de notre plan\u00e8tes ! Rassemblez toutes les cartes du jeu en misant sur les points forts de vos volcans et la partie est gagn\u00e9e !<\/p>\n<p>Cr\u00e9dit photo : \u00a9BioViva<\/p>\n","protected":false},"featured_media":3217,"comment_status":"open","ping_status":"closed","template":"","meta":{"rs_blank_template":"","rs_page_bg_color":"","slide_template_v7":""},"product_brand":[],"product_cat":[118,88],"product_tag":[85],"class_list":{"0":"post-3146","1":"product","2":"type-product","3":"status-publish","4":"has-post-thumbnail","6":"product_cat-jeux-de-societe","7":"product_cat-jeux-pour-enfants","8":"product_tag-volcans","10":"first","11":"instock","12":"taxable","13":"shipping-taxable","14":"purchasable","15":"product-type-simple"},"yoast_head":"<!-- This site is optimized with the Yoast SEO plugin v27.3 - https:\/\/yoast.com\/product\/yoast-seo-wordpress\/ -->\n<title>D\u00e9fis nature - Min\u00e9raux - Boutique Vulcania<\/title>\n<meta name=\"robots\" content=\"index, follow, max-snippet:-1, max-image-preview:large, max-video-preview:-1\" \/>\n<link rel=\"canonical\" href=\"https:\/\/vulcania.com\/boutique\/produit\/defis-nature-mineraux\/\" \/>\n<meta property=\"og:locale\" content=\"fr_FR\" \/>\n<meta property=\"og:type\" content=\"article\" \/>\n<meta property=\"og:title\" content=\"D\u00e9fis nature - Min\u00e9raux - Boutique Vulcania\" \/>\n<meta property=\"og:description\" content=\"Jeu de cartes de fabrication fran\u00e7aise pour les enfants \u00e2g\u00e9s de 7 ans et plus. D\u00e9couvrez les plus beaux min\u00e9raux de notre plan\u00e8tes ! Rassemblez toutes les cartes du jeu en misant sur les points forts de vos volcans et la partie est gagn\u00e9e !  Cr\u00e9dit photo : \u00a9BioViva\" \/>\n<meta property=\"og:url\" content=\"https:\/\/vulcania.com\/boutique\/produit\/defis-nature-mineraux\/\" \/>\n<meta property=\"og:site_name\" content=\"Boutique Vulcania\" \/>\n<meta property=\"article:modified_time\" content=\"2025-12-16T11:22:10+00:00\" \/>\n<meta property=\"og:image\" content=\"https:\/\/vulcania.com\/boutique\/wp-content\/uploads\/2023\/11\/bioviva-defis-nature-mineraux.jpg\" \/>\n\t<meta property=\"og:image:width\" content=\"800\" \/>\n\t<meta property=\"og:image:height\" content=\"800\" \/>\n\t<meta property=\"og:image:type\" content=\"image\/jpeg\" \/>\n<meta name=\"twitter:card\" content=\"summary_large_image\" \/>\n<meta name=\"twitter:label1\" content=\"Dur\u00e9e de lecture estim\u00e9e\" \/>\n\t<meta name=\"twitter:data1\" content=\"1 minute\" \/>\n<script type=\"application\/ld+json\" class=\"yoast-schema-graph\">{\"@context\":\"https:\\\/\\\/schema.org\",\"@graph\":[{\"@type\":\"WebPage\",\"@id\":\"https:\\\/\\\/vulcania.com\\\/boutique\\\/produit\\\/defis-nature-mineraux\\\/\",\"url\":\"https:\\\/\\\/vulcania.com\\\/boutique\\\/produit\\\/defis-nature-mineraux\\\/\",\"name\":\"D\u00e9fis nature - Min\u00e9raux - Boutique Vulcania\",\"isPartOf\":{\"@id\":\"https:\\\/\\\/vulcania.com\\\/boutique\\\/#website\"},\"primaryImageOfPage\":{\"@id\":\"https:\\\/\\\/vulcania.com\\\/boutique\\\/produit\\\/defis-nature-mineraux\\\/#primaryimage\"},\"image\":{\"@id\":\"https:\\\/\\\/vulcania.com\\\/boutique\\\/produit\\\/defis-nature-mineraux\\\/#primaryimage\"},\"thumbnailUrl\":\"https:\\\/\\\/vulcania.com\\\/boutique\\\/wp-content\\\/uploads\\\/2023\\\/11\\\/bioviva-defis-nature-mineraux.jpg\",\"datePublished\":\"2023-11-16T14:04:10+00:00\",\"dateModified\":\"2025-12-16T11:22:10+00:00\",\"breadcrumb\":{\"@id\":\"https:\\\/\\\/vulcania.com\\\/boutique\\\/produit\\\/defis-nature-mineraux\\\/#breadcrumb\"},\"inLanguage\":\"fr-FR\",\"potentialAction\":[{\"@type\":\"ReadAction\",\"target\":[\"https:\\\/\\\/vulcania.com\\\/boutique\\\/produit\\\/defis-nature-mineraux\\\/\"]}]},{\"@type\":\"ImageObject\",\"inLanguage\":\"fr-FR\",\"@id\":\"https:\\\/\\\/vulcania.com\\\/boutique\\\/produit\\\/defis-nature-mineraux\\\/#primaryimage\",\"url\":\"https:\\\/\\\/vulcania.com\\\/boutique\\\/wp-content\\\/uploads\\\/2023\\\/11\\\/bioviva-defis-nature-mineraux.jpg\",\"contentUrl\":\"https:\\\/\\\/vulcania.com\\\/boutique\\\/wp-content\\\/uploads\\\/2023\\\/11\\\/bioviva-defis-nature-mineraux.jpg\",\"width\":800,\"height\":800},{\"@type\":\"BreadcrumbList\",\"@id\":\"https:\\\/\\\/vulcania.com\\\/boutique\\\/produit\\\/defis-nature-mineraux\\\/#breadcrumb\",\"itemListElement\":[{\"@type\":\"ListItem\",\"position\":1,\"name\":\"Accueil\",\"item\":\"https:\\\/\\\/vulcania.com\\\/boutique\\\/\"},{\"@type\":\"ListItem\",\"position\":2,\"name\":\"Nos produits\",\"item\":\"https:\\\/\\\/vulcania.com\\\/boutique\\\/nos-produits\\\/\"},{\"@type\":\"ListItem\",\"position\":3,\"name\":\"D\u00e9fis nature &#8211; Min\u00e9raux\"}]},{\"@type\":\"WebSite\",\"@id\":\"https:\\\/\\\/vulcania.com\\\/boutique\\\/#website\",\"url\":\"https:\\\/\\\/vulcania.com\\\/boutique\\\/\",\"name\":\"Boutique Vulcania\",\"description\":\"\",\"potentialAction\":[{\"@type\":\"SearchAction\",\"target\":{\"@type\":\"EntryPoint\",\"urlTemplate\":\"https:\\\/\\\/vulcania.com\\\/boutique\\\/?s={search_term_string}\"},\"query-input\":{\"@type\":\"PropertyValueSpecification\",\"valueRequired\":true,\"valueName\":\"search_term_string\"}}],\"inLanguage\":\"fr-FR\"}]}<\/script>\n<!-- \/ Yoast SEO plugin. -->","yoast_head_json":{"title":"D\u00e9fis nature - Min\u00e9raux - Boutique Vulcania","robots":{"index":"index","follow":"follow","max-snippet":"max-snippet:-1","max-image-preview":"max-image-preview:large","max-video-preview":"max-video-preview:-1"},"canonical":"https:\/\/vulcania.com\/boutique\/produit\/defis-nature-mineraux\/","og_locale":"fr_FR","og_type":"article","og_title":"D\u00e9fis nature - Min\u00e9raux - Boutique Vulcania","og_description":"Jeu de cartes de fabrication fran\u00e7aise pour les enfants \u00e2g\u00e9s de 7 ans et plus. D\u00e9couvrez les plus beaux min\u00e9raux de notre plan\u00e8tes ! Rassemblez toutes les cartes du jeu en misant sur les points forts de vos volcans et la partie est gagn\u00e9e !  Cr\u00e9dit photo : \u00a9BioViva","og_url":"https:\/\/vulcania.com\/boutique\/produit\/defis-nature-mineraux\/","og_site_name":"Boutique Vulcania","article_modified_time":"2025-12-16T11:22:10+00:00","og_image":[{"width":800,"height":800,"url":"https:\/\/vulcania.com\/boutique\/wp-content\/uploads\/2023\/11\/bioviva-defis-nature-mineraux.jpg","type":"image\/jpeg"}],"twitter_card":"summary_large_image","twitter_misc":{"Dur\u00e9e de lecture estim\u00e9e":"1 minute"},"schema":{"@context":"https:\/\/schema.org","@graph":[{"@type":"WebPage","@id":"https:\/\/vulcania.com\/boutique\/produit\/defis-nature-mineraux\/","url":"https:\/\/vulcania.com\/boutique\/produit\/defis-nature-mineraux\/","name":"D\u00e9fis nature - Min\u00e9raux - Boutique Vulcania","isPartOf":{"@id":"https:\/\/vulcania.com\/boutique\/#website"},"primaryImageOfPage":{"@id":"https:\/\/vulcania.com\/boutique\/produit\/defis-nature-mineraux\/#primaryimage"},"image":{"@id":"https:\/\/vulcania.com\/boutique\/produit\/defis-nature-mineraux\/#primaryimage"},"thumbnailUrl":"https:\/\/vulcania.com\/boutique\/wp-content\/uploads\/2023\/11\/bioviva-defis-nature-mineraux.jpg","datePublished":"2023-11-16T14:04:10+00:00","dateModified":"2025-12-16T11:22:10+00:00","breadcrumb":{"@id":"https:\/\/vulcania.com\/boutique\/produit\/defis-nature-mineraux\/#breadcrumb"},"inLanguage":"fr-FR","potentialAction":[{"@type":"ReadAction","target":["https:\/\/vulcania.com\/boutique\/produit\/defis-nature-mineraux\/"]}]},{"@type":"ImageObject","inLanguage":"fr-FR","@id":"https:\/\/vulcania.com\/boutique\/produit\/defis-nature-mineraux\/#primaryimage","url":"https:\/\/vulcania.com\/boutique\/wp-content\/uploads\/2023\/11\/bioviva-defis-nature-mineraux.jpg","contentUrl":"https:\/\/vulcania.com\/boutique\/wp-content\/uploads\/2023\/11\/bioviva-defis-nature-mineraux.jpg","width":800,"height":800},{"@type":"BreadcrumbList","@id":"https:\/\/vulcania.com\/boutique\/produit\/defis-nature-mineraux\/#breadcrumb","itemListElement":[{"@type":"ListItem","position":1,"name":"Accueil","item":"https:\/\/vulcania.com\/boutique\/"},{"@type":"ListItem","position":2,"name":"Nos produits","item":"https:\/\/vulcania.com\/boutique\/nos-produits\/"},{"@type":"ListItem","position":3,"name":"D\u00e9fis nature &#8211; Min\u00e9raux"}]},{"@type":"WebSite","@id":"https:\/\/vulcania.com\/boutique\/#website","url":"https:\/\/vulcania.com\/boutique\/","name":"Boutique Vulcania","description":"","potentialAction":[{"@type":"SearchAction","target":{"@type":"EntryPoint","urlTemplate":"https:\/\/vulcania.com\/boutique\/?s={search_term_string}"},"query-input":{"@type":"PropertyValueSpecification","valueRequired":true,"valueName":"search_term_string"}}],"inLanguage":"fr-FR"}]}},"jetpack_sharing_enabled":true,"_links":{"self":[{"href":"https:\/\/vulcania.com\/boutique\/wp-json\/wp\/v2\/product\/3146","targetHints":{"allow":["GET"]}}],"collection":[{"href":"https:\/\/vulcania.com\/boutique\/wp-json\/wp\/v2\/product"}],"about":[{"href":"https:\/\/vulcania.com\/boutique\/wp-json\/wp\/v2\/types\/product"}],"replies":[{"embeddable":true,"href":"https:\/\/vulcania.com\/boutique\/wp-json\/wp\/v2\/comments?post=3146"}],"version-history":[{"count":5,"href":"https:\/\/vulcania.com\/boutique\/wp-json\/wp\/v2\/product\/3146\/revisions"}],"predecessor-version":[{"id":3154,"href":"https:\/\/vulcania.com\/boutique\/wp-json\/wp\/v2\/product\/3146\/revisions\/3154"}],"wp:featuredmedia":[{"embeddable":true,"href":"https:\/\/vulcania.com\/boutique\/wp-json\/wp\/v2\/media\/3217"}],"wp:attachment":[{"href":"https:\/\/vulcania.com\/boutique\/wp-json\/wp\/v2\/media?parent=3146"}],"wp:term":[{"taxonomy":"product_brand","embeddable":true,"href":"https:\/\/vulcania.com\/boutique\/wp-json\/wp\/v2\/product_brand?post=3146"},{"taxonomy":"product_cat","embeddable":true,"href":"https:\/\/vulcania.com\/boutique\/wp-json\/wp\/v2\/product_cat?post=3146"},{"taxonomy":"product_tag","embeddable":true,"href":"https:\/\/vulcania.com\/boutique\/wp-json\/wp\/v2\/product_tag?post=3146"}],"curies":[{"name":"wp","href":"https:\/\/api.w.org\/{rel}","templated":true}]}}