{"id":3141,"date":"2023-11-16T14:57:25","date_gmt":"2023-11-16T13:57:25","guid":{"rendered":"https:\/\/vulcania.com\/boutique\/\/?post_type=product&#038;p=3141"},"modified":"2025-12-16T12:09:55","modified_gmt":"2025-12-16T11:09:55","slug":"mes-premieres-activites-arts-crafts-dinosaures","status":"publish","type":"product","link":"https:\/\/vulcania.com\/boutique\/produit\/mes-premieres-activites-arts-crafts-dinosaures\/","title":{"rendered":"Mes premi\u00e8res activit\u00e9s arts &#038; crafts les dinosaures"},"content":{"rendered":"\t\t<div data-elementor-type=\"wp-post\" data-elementor-id=\"3141\" class=\"elementor elementor-3141\">\n\t\t\t\t\t\t<section class=\"elementor-section elementor-top-section elementor-element elementor-element-11165888 elementor-section-boxed elementor-section-height-default elementor-section-height-default\" data-id=\"11165888\" data-element_type=\"section\" data-e-type=\"section\">\n\t\t\t\t\t\t<div class=\"elementor-container elementor-column-gap-default\">\n\t\t\t\t\t<div class=\"elementor-column elementor-col-100 elementor-top-column elementor-element elementor-element-7ef711d7\" data-id=\"7ef711d7\" data-element_type=\"column\" data-e-type=\"column\">\n\t\t\t<div class=\"elementor-widget-wrap elementor-element-populated\">\n\t\t\t\t\t\t<div class=\"elementor-element elementor-element-68a3bce5 elementor-widget elementor-widget-text-editor\" data-id=\"68a3bce5\" data-element_type=\"widget\" data-e-type=\"widget\" data-widget_type=\"text-editor.default\">\n\t\t\t\t<div class=\"elementor-widget-container\">\n\t\t\t\t\t\t\t\t\t<p style=\"box-sizing: inherit; font-style: normal; font-variant-ligatures: normal; font-variant-caps: normal; font-size: 18px; font-family: 'Titillium Web', -apple-system, BlinkMacSystemFont, 'Segoe UI', Roboto, Oxygen-Sans, Ubuntu, Cantarell, 'Helvetica Neue', sans-serif; background-color: #fcfcfc;\"><span style=\"font-family: 'Titillium Web', -apple-system, BlinkMacSystemFont, 'Segoe UI', Roboto, Oxygen-Sans, Ubuntu, Cantarell, 'Helvetica Neue', sans-serif; font-size: 18px; font-style: normal; font-variant-ligatures: normal; font-variant-caps: normal; font-weight: 400;\">Ce kit permet de d\u00e9couvrir les dinosaures avec des <\/span><span style=\"font-family: 'Titillium Web', -apple-system, BlinkMacSystemFont, 'Segoe UI', Roboto, Oxygen-Sans, Ubuntu, Cantarell, 'Helvetica Neue', sans-serif; font-size: 18px; font-style: normal; font-variant-ligatures: normal; font-variant-caps: normal;\"><b>d\u00e9calcomanies \u00e0 sec<\/b><\/span><span style=\"font-family: 'Titillium Web', -apple-system, BlinkMacSystemFont, 'Segoe UI', Roboto, Oxygen-Sans, Ubuntu, Cantarell, 'Helvetica Neue', sans-serif; font-size: 18px; font-style: normal; font-variant-ligatures: normal; font-variant-caps: normal; font-weight: 400;\"> et un <\/span><span style=\"font-family: 'Titillium Web', -apple-system, BlinkMacSystemFont, 'Segoe UI', Roboto, Oxygen-Sans, Ubuntu, Cantarell, 'Helvetica Neue', sans-serif; font-size: 18px; font-style: normal; font-variant-ligatures: normal; font-variant-caps: normal;\"><b>livre de 32 pages<\/b><\/span><span style=\"font-family: 'Titillium Web', -apple-system, BlinkMacSystemFont, 'Segoe UI', Roboto, Oxygen-Sans, Ubuntu, Cantarell, 'Helvetica Neue', sans-serif; font-size: 18px; font-style: normal; font-variant-ligatures: normal; font-variant-caps: normal; font-weight: 400;\">.<\/span><\/p><p style=\"box-sizing: inherit; font-style: normal; font-variant-ligatures: normal; font-variant-caps: normal; font-weight: 400; font-size: 18px; font-family: 'Titillium Web', -apple-system, BlinkMacSystemFont, 'Segoe UI', Roboto, Oxygen-Sans, Ubuntu, Cantarell, 'Helvetica Neue', sans-serif; background-color: #fcfcfc;\">Cr\u00e9dit photo : \u00a9Sassi<\/p>\t\t\t\t\t\t\t\t<\/div>\n\t\t\t\t<\/div>\n\t\t\t\t\t<\/div>\n\t\t<\/div>\n\t\t\t\t\t<\/div>\n\t\t<\/section>\n\t\t\t\t<\/div>\n\t\t","protected":false},"excerpt":{"rendered":"<p>Ce kit permet de d\u00e9couvrir les dinosaures avec des d\u00e9calcomanies \u00e0 sec et un livre de 32 pages.<\/p>\n<p>Cr\u00e9dit photo : \u00a9Sassi<\/p>\n","protected":false},"featured_media":3142,"comment_status":"open","ping_status":"closed","template":"","meta":{"rs_blank_template":"","rs_page_bg_color":"","slide_template_v7":""},"product_brand":[],"product_cat":[88,117],"product_tag":[91],"class_list":{"0":"post-3141","1":"product","2":"type-product","3":"status-publish","4":"has-post-thumbnail","6":"product_cat-jeux-pour-enfants","7":"product_cat-kits","8":"product_tag-dinosaures","10":"first","11":"instock","12":"taxable","13":"shipping-taxable","14":"purchasable","15":"product-type-simple"},"yoast_head":"<!-- This site is optimized with the Yoast SEO plugin v27.3 - https:\/\/yoast.com\/product\/yoast-seo-wordpress\/ -->\n<title>Mes premi\u00e8res activit\u00e9s arts &amp; crafts les dinosaures - Boutique Vulcania<\/title>\n<meta name=\"robots\" content=\"index, follow, max-snippet:-1, max-image-preview:large, max-video-preview:-1\" \/>\n<link rel=\"canonical\" href=\"https:\/\/vulcania.com\/boutique\/produit\/mes-premieres-activites-arts-crafts-dinosaures\/\" \/>\n<meta property=\"og:locale\" content=\"fr_FR\" \/>\n<meta property=\"og:type\" content=\"article\" \/>\n<meta property=\"og:title\" content=\"Mes premi\u00e8res activit\u00e9s arts &amp; crafts les dinosaures - Boutique Vulcania\" \/>\n<meta property=\"og:description\" content=\"Ce kit permet de d\u00e9couvrir les dinosaures avec des d\u00e9calcomanies \u00e0 sec et un livre de 32 pages.  Cr\u00e9dit photo : \u00a9Sassi\" \/>\n<meta property=\"og:url\" content=\"https:\/\/vulcania.com\/boutique\/produit\/mes-premieres-activites-arts-crafts-dinosaures\/\" \/>\n<meta property=\"og:site_name\" content=\"Boutique Vulcania\" \/>\n<meta property=\"article:modified_time\" content=\"2025-12-16T11:09:55+00:00\" \/>\n<meta property=\"og:image\" content=\"https:\/\/vulcania.com\/boutique\/wp-content\/uploads\/2023\/11\/arts-crafts-dino-1.jpg\" \/>\n\t<meta property=\"og:image:width\" content=\"800\" \/>\n\t<meta property=\"og:image:height\" content=\"800\" \/>\n\t<meta property=\"og:image:type\" content=\"image\/jpeg\" \/>\n<meta name=\"twitter:card\" content=\"summary_large_image\" \/>\n<meta name=\"twitter:label1\" content=\"Dur\u00e9e de lecture estim\u00e9e\" \/>\n\t<meta name=\"twitter:data1\" content=\"1 minute\" \/>\n<script type=\"application\/ld+json\" class=\"yoast-schema-graph\">{\"@context\":\"https:\\\/\\\/schema.org\",\"@graph\":[{\"@type\":\"WebPage\",\"@id\":\"https:\\\/\\\/vulcania.com\\\/boutique\\\/produit\\\/mes-premieres-activites-arts-crafts-dinosaures\\\/\",\"url\":\"https:\\\/\\\/vulcania.com\\\/boutique\\\/produit\\\/mes-premieres-activites-arts-crafts-dinosaures\\\/\",\"name\":\"Mes premi\u00e8res activit\u00e9s arts & crafts les dinosaures - Boutique Vulcania\",\"isPartOf\":{\"@id\":\"https:\\\/\\\/vulcania.com\\\/boutique\\\/#website\"},\"primaryImageOfPage\":{\"@id\":\"https:\\\/\\\/vulcania.com\\\/boutique\\\/produit\\\/mes-premieres-activites-arts-crafts-dinosaures\\\/#primaryimage\"},\"image\":{\"@id\":\"https:\\\/\\\/vulcania.com\\\/boutique\\\/produit\\\/mes-premieres-activites-arts-crafts-dinosaures\\\/#primaryimage\"},\"thumbnailUrl\":\"https:\\\/\\\/vulcania.com\\\/boutique\\\/wp-content\\\/uploads\\\/2023\\\/11\\\/arts-crafts-dino-1.jpg\",\"datePublished\":\"2023-11-16T13:57:25+00:00\",\"dateModified\":\"2025-12-16T11:09:55+00:00\",\"breadcrumb\":{\"@id\":\"https:\\\/\\\/vulcania.com\\\/boutique\\\/produit\\\/mes-premieres-activites-arts-crafts-dinosaures\\\/#breadcrumb\"},\"inLanguage\":\"fr-FR\",\"potentialAction\":[{\"@type\":\"ReadAction\",\"target\":[\"https:\\\/\\\/vulcania.com\\\/boutique\\\/produit\\\/mes-premieres-activites-arts-crafts-dinosaures\\\/\"]}]},{\"@type\":\"ImageObject\",\"inLanguage\":\"fr-FR\",\"@id\":\"https:\\\/\\\/vulcania.com\\\/boutique\\\/produit\\\/mes-premieres-activites-arts-crafts-dinosaures\\\/#primaryimage\",\"url\":\"https:\\\/\\\/vulcania.com\\\/boutique\\\/wp-content\\\/uploads\\\/2023\\\/11\\\/arts-crafts-dino-1.jpg\",\"contentUrl\":\"https:\\\/\\\/vulcania.com\\\/boutique\\\/wp-content\\\/uploads\\\/2023\\\/11\\\/arts-crafts-dino-1.jpg\",\"width\":800,\"height\":800},{\"@type\":\"BreadcrumbList\",\"@id\":\"https:\\\/\\\/vulcania.com\\\/boutique\\\/produit\\\/mes-premieres-activites-arts-crafts-dinosaures\\\/#breadcrumb\",\"itemListElement\":[{\"@type\":\"ListItem\",\"position\":1,\"name\":\"Accueil\",\"item\":\"https:\\\/\\\/vulcania.com\\\/boutique\\\/\"},{\"@type\":\"ListItem\",\"position\":2,\"name\":\"Nos produits\",\"item\":\"https:\\\/\\\/vulcania.com\\\/boutique\\\/nos-produits\\\/\"},{\"@type\":\"ListItem\",\"position\":3,\"name\":\"Mes premi\u00e8res activit\u00e9s arts &#038; crafts les dinosaures\"}]},{\"@type\":\"WebSite\",\"@id\":\"https:\\\/\\\/vulcania.com\\\/boutique\\\/#website\",\"url\":\"https:\\\/\\\/vulcania.com\\\/boutique\\\/\",\"name\":\"Boutique Vulcania\",\"description\":\"\",\"potentialAction\":[{\"@type\":\"SearchAction\",\"target\":{\"@type\":\"EntryPoint\",\"urlTemplate\":\"https:\\\/\\\/vulcania.com\\\/boutique\\\/?s={search_term_string}\"},\"query-input\":{\"@type\":\"PropertyValueSpecification\",\"valueRequired\":true,\"valueName\":\"search_term_string\"}}],\"inLanguage\":\"fr-FR\"}]}<\/script>\n<!-- \/ Yoast SEO plugin. -->","yoast_head_json":{"title":"Mes premi\u00e8res activit\u00e9s arts & crafts les dinosaures - Boutique Vulcania","robots":{"index":"index","follow":"follow","max-snippet":"max-snippet:-1","max-image-preview":"max-image-preview:large","max-video-preview":"max-video-preview:-1"},"canonical":"https:\/\/vulcania.com\/boutique\/produit\/mes-premieres-activites-arts-crafts-dinosaures\/","og_locale":"fr_FR","og_type":"article","og_title":"Mes premi\u00e8res activit\u00e9s arts & crafts les dinosaures - Boutique Vulcania","og_description":"Ce kit permet de d\u00e9couvrir les dinosaures avec des d\u00e9calcomanies \u00e0 sec et un livre de 32 pages.  Cr\u00e9dit photo : \u00a9Sassi","og_url":"https:\/\/vulcania.com\/boutique\/produit\/mes-premieres-activites-arts-crafts-dinosaures\/","og_site_name":"Boutique Vulcania","article_modified_time":"2025-12-16T11:09:55+00:00","og_image":[{"width":800,"height":800,"url":"https:\/\/vulcania.com\/boutique\/wp-content\/uploads\/2023\/11\/arts-crafts-dino-1.jpg","type":"image\/jpeg"}],"twitter_card":"summary_large_image","twitter_misc":{"Dur\u00e9e de lecture estim\u00e9e":"1 minute"},"schema":{"@context":"https:\/\/schema.org","@graph":[{"@type":"WebPage","@id":"https:\/\/vulcania.com\/boutique\/produit\/mes-premieres-activites-arts-crafts-dinosaures\/","url":"https:\/\/vulcania.com\/boutique\/produit\/mes-premieres-activites-arts-crafts-dinosaures\/","name":"Mes premi\u00e8res activit\u00e9s arts & crafts les dinosaures - Boutique Vulcania","isPartOf":{"@id":"https:\/\/vulcania.com\/boutique\/#website"},"primaryImageOfPage":{"@id":"https:\/\/vulcania.com\/boutique\/produit\/mes-premieres-activites-arts-crafts-dinosaures\/#primaryimage"},"image":{"@id":"https:\/\/vulcania.com\/boutique\/produit\/mes-premieres-activites-arts-crafts-dinosaures\/#primaryimage"},"thumbnailUrl":"https:\/\/vulcania.com\/boutique\/wp-content\/uploads\/2023\/11\/arts-crafts-dino-1.jpg","datePublished":"2023-11-16T13:57:25+00:00","dateModified":"2025-12-16T11:09:55+00:00","breadcrumb":{"@id":"https:\/\/vulcania.com\/boutique\/produit\/mes-premieres-activites-arts-crafts-dinosaures\/#breadcrumb"},"inLanguage":"fr-FR","potentialAction":[{"@type":"ReadAction","target":["https:\/\/vulcania.com\/boutique\/produit\/mes-premieres-activites-arts-crafts-dinosaures\/"]}]},{"@type":"ImageObject","inLanguage":"fr-FR","@id":"https:\/\/vulcania.com\/boutique\/produit\/mes-premieres-activites-arts-crafts-dinosaures\/#primaryimage","url":"https:\/\/vulcania.com\/boutique\/wp-content\/uploads\/2023\/11\/arts-crafts-dino-1.jpg","contentUrl":"https:\/\/vulcania.com\/boutique\/wp-content\/uploads\/2023\/11\/arts-crafts-dino-1.jpg","width":800,"height":800},{"@type":"BreadcrumbList","@id":"https:\/\/vulcania.com\/boutique\/produit\/mes-premieres-activites-arts-crafts-dinosaures\/#breadcrumb","itemListElement":[{"@type":"ListItem","position":1,"name":"Accueil","item":"https:\/\/vulcania.com\/boutique\/"},{"@type":"ListItem","position":2,"name":"Nos produits","item":"https:\/\/vulcania.com\/boutique\/nos-produits\/"},{"@type":"ListItem","position":3,"name":"Mes premi\u00e8res activit\u00e9s arts &#038; crafts les dinosaures"}]},{"@type":"WebSite","@id":"https:\/\/vulcania.com\/boutique\/#website","url":"https:\/\/vulcania.com\/boutique\/","name":"Boutique Vulcania","description":"","potentialAction":[{"@type":"SearchAction","target":{"@type":"EntryPoint","urlTemplate":"https:\/\/vulcania.com\/boutique\/?s={search_term_string}"},"query-input":{"@type":"PropertyValueSpecification","valueRequired":true,"valueName":"search_term_string"}}],"inLanguage":"fr-FR"}]}},"jetpack_sharing_enabled":true,"_links":{"self":[{"href":"https:\/\/vulcania.com\/boutique\/wp-json\/wp\/v2\/product\/3141","targetHints":{"allow":["GET"]}}],"collection":[{"href":"https:\/\/vulcania.com\/boutique\/wp-json\/wp\/v2\/product"}],"about":[{"href":"https:\/\/vulcania.com\/boutique\/wp-json\/wp\/v2\/types\/product"}],"replies":[{"embeddable":true,"href":"https:\/\/vulcania.com\/boutique\/wp-json\/wp\/v2\/comments?post=3141"}],"version-history":[{"count":5,"href":"https:\/\/vulcania.com\/boutique\/wp-json\/wp\/v2\/product\/3141\/revisions"}],"predecessor-version":[{"id":3158,"href":"https:\/\/vulcania.com\/boutique\/wp-json\/wp\/v2\/product\/3141\/revisions\/3158"}],"wp:featuredmedia":[{"embeddable":true,"href":"https:\/\/vulcania.com\/boutique\/wp-json\/wp\/v2\/media\/3142"}],"wp:attachment":[{"href":"https:\/\/vulcania.com\/boutique\/wp-json\/wp\/v2\/media?parent=3141"}],"wp:term":[{"taxonomy":"product_brand","embeddable":true,"href":"https:\/\/vulcania.com\/boutique\/wp-json\/wp\/v2\/product_brand?post=3141"},{"taxonomy":"product_cat","embeddable":true,"href":"https:\/\/vulcania.com\/boutique\/wp-json\/wp\/v2\/product_cat?post=3141"},{"taxonomy":"product_tag","embeddable":true,"href":"https:\/\/vulcania.com\/boutique\/wp-json\/wp\/v2\/product_tag?post=3141"}],"curies":[{"name":"wp","href":"https:\/\/api.w.org\/{rel}","templated":true}]}}