{"id":2825,"date":"2023-10-25T16:37:21","date_gmt":"2023-10-25T14:37:21","guid":{"rendered":"https:\/\/vulcania.com\/boutique\/\/?post_type=product&#038;p=2825"},"modified":"2026-01-26T19:54:46","modified_gmt":"2026-01-26T18:54:46","slug":"kit-volcan-kidzlabs","status":"publish","type":"product","link":"https:\/\/vulcania.com\/boutique\/produit\/kit-volcan-kidzlabs\/","title":{"rendered":"Kit volcan Kidzlabs"},"content":{"rendered":"\t\t<div data-elementor-type=\"wp-post\" data-elementor-id=\"2825\" class=\"elementor elementor-2825\">\n\t\t\t\t\t\t<section class=\"elementor-section elementor-top-section elementor-element elementor-element-109bad96 elementor-section-boxed elementor-section-height-default elementor-section-height-default\" data-id=\"109bad96\" data-element_type=\"section\" data-e-type=\"section\">\n\t\t\t\t\t\t<div class=\"elementor-container elementor-column-gap-default\">\n\t\t\t\t\t<div class=\"elementor-column elementor-col-100 elementor-top-column elementor-element elementor-element-21f8b32d\" data-id=\"21f8b32d\" data-element_type=\"column\" data-e-type=\"column\">\n\t\t\t<div class=\"elementor-widget-wrap elementor-element-populated\">\n\t\t\t\t\t\t<div class=\"elementor-element elementor-element-22fe0ff9 elementor-widget elementor-widget-text-editor\" data-id=\"22fe0ff9\" data-element_type=\"widget\" data-e-type=\"widget\" data-widget_type=\"text-editor.default\">\n\t\t\t\t<div class=\"elementor-widget-container\">\n\t\t\t\t\t\t\t\t\t<p>Recevez un vrai <b>volcan en \u00e9ruption<\/b> personnalisable, \u00e0 peindre et \u00e0 d\u00e9corer. Un projet scientifique <b>interactif<\/b> et <b>d\u00e9coratif<\/b>&nbsp;!<\/p>\n<p>Cr\u00e9dits photos : \u00a9Vulcania, 4M<\/p>\t\t\t\t\t\t\t\t<\/div>\n\t\t\t\t<\/div>\n\t\t\t\t\t<\/div>\n\t\t<\/div>\n\t\t\t\t\t<\/div>\n\t\t<\/section>\n\t\t\t\t<\/div>\n\t\t","protected":false},"excerpt":{"rendered":"<p>Recevez un vrai volcan en \u00e9ruption personnalisable, \u00e0 peindre et \u00e0 d\u00e9corer. Un projet scientifique interactif et d\u00e9coratif\u00a0!<\/p>\n<p>Cr\u00e9dits photos : \u00a9Vulcania, 4M<\/p>\n","protected":false},"featured_media":4929,"comment_status":"open","ping_status":"closed","template":"","meta":{"rs_blank_template":"","rs_page_bg_color":"","slide_template_v7":""},"product_brand":[],"product_cat":[88,117],"product_tag":[85],"class_list":{"0":"post-2825","1":"product","2":"type-product","3":"status-publish","4":"has-post-thumbnail","6":"product_cat-jeux-pour-enfants","7":"product_cat-kits","8":"product_tag-volcans","10":"first","11":"instock","12":"taxable","13":"shipping-taxable","14":"purchasable","15":"product-type-simple"},"yoast_head":"<!-- This site is optimized with the Yoast SEO plugin v27.3 - https:\/\/yoast.com\/product\/yoast-seo-wordpress\/ -->\n<title>Kit volcan Kidzlabs - Boutique Vulcania<\/title>\n<meta name=\"robots\" content=\"index, follow, max-snippet:-1, max-image-preview:large, max-video-preview:-1\" \/>\n<link rel=\"canonical\" href=\"https:\/\/vulcania.com\/boutique\/produit\/kit-volcan-kidzlabs\/\" \/>\n<meta property=\"og:locale\" content=\"fr_FR\" \/>\n<meta property=\"og:type\" content=\"article\" \/>\n<meta property=\"og:title\" content=\"Kit volcan Kidzlabs - Boutique Vulcania\" \/>\n<meta property=\"og:description\" content=\"Recevez un vrai volcan en \u00e9ruption personnalisable, \u00e0 peindre et \u00e0 d\u00e9corer. Un projet scientifique interactif et d\u00e9coratif\u00a0!  Cr\u00e9dits photos : \u00a9Vulcania, 4M\" \/>\n<meta property=\"og:url\" content=\"https:\/\/vulcania.com\/boutique\/produit\/kit-volcan-kidzlabs\/\" \/>\n<meta property=\"og:site_name\" content=\"Boutique Vulcania\" \/>\n<meta property=\"article:modified_time\" content=\"2026-01-26T18:54:46+00:00\" \/>\n<meta property=\"og:image\" content=\"https:\/\/vulcania.com\/boutique\/wp-content\/uploads\/2023\/10\/kit-volcan_800x800.jpg\" \/>\n\t<meta property=\"og:image:width\" content=\"800\" \/>\n\t<meta property=\"og:image:height\" content=\"800\" \/>\n\t<meta property=\"og:image:type\" content=\"image\/jpeg\" \/>\n<meta name=\"twitter:card\" content=\"summary_large_image\" \/>\n<meta name=\"twitter:label1\" content=\"Dur\u00e9e de lecture estim\u00e9e\" \/>\n\t<meta name=\"twitter:data1\" content=\"1 minute\" \/>\n<script type=\"application\/ld+json\" class=\"yoast-schema-graph\">{\"@context\":\"https:\\\/\\\/schema.org\",\"@graph\":[{\"@type\":\"WebPage\",\"@id\":\"https:\\\/\\\/vulcania.com\\\/boutique\\\/produit\\\/kit-volcan-kidzlabs\\\/\",\"url\":\"https:\\\/\\\/vulcania.com\\\/boutique\\\/produit\\\/kit-volcan-kidzlabs\\\/\",\"name\":\"Kit volcan Kidzlabs - Boutique Vulcania\",\"isPartOf\":{\"@id\":\"https:\\\/\\\/vulcania.com\\\/boutique\\\/#website\"},\"primaryImageOfPage\":{\"@id\":\"https:\\\/\\\/vulcania.com\\\/boutique\\\/produit\\\/kit-volcan-kidzlabs\\\/#primaryimage\"},\"image\":{\"@id\":\"https:\\\/\\\/vulcania.com\\\/boutique\\\/produit\\\/kit-volcan-kidzlabs\\\/#primaryimage\"},\"thumbnailUrl\":\"https:\\\/\\\/vulcania.com\\\/boutique\\\/wp-content\\\/uploads\\\/2023\\\/10\\\/kit-volcan_800x800.jpg\",\"datePublished\":\"2023-10-25T14:37:21+00:00\",\"dateModified\":\"2026-01-26T18:54:46+00:00\",\"breadcrumb\":{\"@id\":\"https:\\\/\\\/vulcania.com\\\/boutique\\\/produit\\\/kit-volcan-kidzlabs\\\/#breadcrumb\"},\"inLanguage\":\"fr-FR\",\"potentialAction\":[{\"@type\":\"ReadAction\",\"target\":[\"https:\\\/\\\/vulcania.com\\\/boutique\\\/produit\\\/kit-volcan-kidzlabs\\\/\"]}]},{\"@type\":\"ImageObject\",\"inLanguage\":\"fr-FR\",\"@id\":\"https:\\\/\\\/vulcania.com\\\/boutique\\\/produit\\\/kit-volcan-kidzlabs\\\/#primaryimage\",\"url\":\"https:\\\/\\\/vulcania.com\\\/boutique\\\/wp-content\\\/uploads\\\/2023\\\/10\\\/kit-volcan_800x800.jpg\",\"contentUrl\":\"https:\\\/\\\/vulcania.com\\\/boutique\\\/wp-content\\\/uploads\\\/2023\\\/10\\\/kit-volcan_800x800.jpg\",\"width\":800,\"height\":800},{\"@type\":\"BreadcrumbList\",\"@id\":\"https:\\\/\\\/vulcania.com\\\/boutique\\\/produit\\\/kit-volcan-kidzlabs\\\/#breadcrumb\",\"itemListElement\":[{\"@type\":\"ListItem\",\"position\":1,\"name\":\"Accueil\",\"item\":\"https:\\\/\\\/vulcania.com\\\/boutique\\\/\"},{\"@type\":\"ListItem\",\"position\":2,\"name\":\"Nos produits\",\"item\":\"https:\\\/\\\/vulcania.com\\\/boutique\\\/nos-produits\\\/\"},{\"@type\":\"ListItem\",\"position\":3,\"name\":\"Kit volcan Kidzlabs\"}]},{\"@type\":\"WebSite\",\"@id\":\"https:\\\/\\\/vulcania.com\\\/boutique\\\/#website\",\"url\":\"https:\\\/\\\/vulcania.com\\\/boutique\\\/\",\"name\":\"Boutique Vulcania\",\"description\":\"\",\"potentialAction\":[{\"@type\":\"SearchAction\",\"target\":{\"@type\":\"EntryPoint\",\"urlTemplate\":\"https:\\\/\\\/vulcania.com\\\/boutique\\\/?s={search_term_string}\"},\"query-input\":{\"@type\":\"PropertyValueSpecification\",\"valueRequired\":true,\"valueName\":\"search_term_string\"}}],\"inLanguage\":\"fr-FR\"}]}<\/script>\n<!-- \/ Yoast SEO plugin. -->","yoast_head_json":{"title":"Kit volcan Kidzlabs - Boutique Vulcania","robots":{"index":"index","follow":"follow","max-snippet":"max-snippet:-1","max-image-preview":"max-image-preview:large","max-video-preview":"max-video-preview:-1"},"canonical":"https:\/\/vulcania.com\/boutique\/produit\/kit-volcan-kidzlabs\/","og_locale":"fr_FR","og_type":"article","og_title":"Kit volcan Kidzlabs - Boutique Vulcania","og_description":"Recevez un vrai volcan en \u00e9ruption personnalisable, \u00e0 peindre et \u00e0 d\u00e9corer. Un projet scientifique interactif et d\u00e9coratif\u00a0!  Cr\u00e9dits photos : \u00a9Vulcania, 4M","og_url":"https:\/\/vulcania.com\/boutique\/produit\/kit-volcan-kidzlabs\/","og_site_name":"Boutique Vulcania","article_modified_time":"2026-01-26T18:54:46+00:00","og_image":[{"width":800,"height":800,"url":"https:\/\/vulcania.com\/boutique\/wp-content\/uploads\/2023\/10\/kit-volcan_800x800.jpg","type":"image\/jpeg"}],"twitter_card":"summary_large_image","twitter_misc":{"Dur\u00e9e de lecture estim\u00e9e":"1 minute"},"schema":{"@context":"https:\/\/schema.org","@graph":[{"@type":"WebPage","@id":"https:\/\/vulcania.com\/boutique\/produit\/kit-volcan-kidzlabs\/","url":"https:\/\/vulcania.com\/boutique\/produit\/kit-volcan-kidzlabs\/","name":"Kit volcan Kidzlabs - Boutique Vulcania","isPartOf":{"@id":"https:\/\/vulcania.com\/boutique\/#website"},"primaryImageOfPage":{"@id":"https:\/\/vulcania.com\/boutique\/produit\/kit-volcan-kidzlabs\/#primaryimage"},"image":{"@id":"https:\/\/vulcania.com\/boutique\/produit\/kit-volcan-kidzlabs\/#primaryimage"},"thumbnailUrl":"https:\/\/vulcania.com\/boutique\/wp-content\/uploads\/2023\/10\/kit-volcan_800x800.jpg","datePublished":"2023-10-25T14:37:21+00:00","dateModified":"2026-01-26T18:54:46+00:00","breadcrumb":{"@id":"https:\/\/vulcania.com\/boutique\/produit\/kit-volcan-kidzlabs\/#breadcrumb"},"inLanguage":"fr-FR","potentialAction":[{"@type":"ReadAction","target":["https:\/\/vulcania.com\/boutique\/produit\/kit-volcan-kidzlabs\/"]}]},{"@type":"ImageObject","inLanguage":"fr-FR","@id":"https:\/\/vulcania.com\/boutique\/produit\/kit-volcan-kidzlabs\/#primaryimage","url":"https:\/\/vulcania.com\/boutique\/wp-content\/uploads\/2023\/10\/kit-volcan_800x800.jpg","contentUrl":"https:\/\/vulcania.com\/boutique\/wp-content\/uploads\/2023\/10\/kit-volcan_800x800.jpg","width":800,"height":800},{"@type":"BreadcrumbList","@id":"https:\/\/vulcania.com\/boutique\/produit\/kit-volcan-kidzlabs\/#breadcrumb","itemListElement":[{"@type":"ListItem","position":1,"name":"Accueil","item":"https:\/\/vulcania.com\/boutique\/"},{"@type":"ListItem","position":2,"name":"Nos produits","item":"https:\/\/vulcania.com\/boutique\/nos-produits\/"},{"@type":"ListItem","position":3,"name":"Kit volcan Kidzlabs"}]},{"@type":"WebSite","@id":"https:\/\/vulcania.com\/boutique\/#website","url":"https:\/\/vulcania.com\/boutique\/","name":"Boutique Vulcania","description":"","potentialAction":[{"@type":"SearchAction","target":{"@type":"EntryPoint","urlTemplate":"https:\/\/vulcania.com\/boutique\/?s={search_term_string}"},"query-input":{"@type":"PropertyValueSpecification","valueRequired":true,"valueName":"search_term_string"}}],"inLanguage":"fr-FR"}]}},"jetpack_sharing_enabled":true,"_links":{"self":[{"href":"https:\/\/vulcania.com\/boutique\/wp-json\/wp\/v2\/product\/2825","targetHints":{"allow":["GET"]}}],"collection":[{"href":"https:\/\/vulcania.com\/boutique\/wp-json\/wp\/v2\/product"}],"about":[{"href":"https:\/\/vulcania.com\/boutique\/wp-json\/wp\/v2\/types\/product"}],"replies":[{"embeddable":true,"href":"https:\/\/vulcania.com\/boutique\/wp-json\/wp\/v2\/comments?post=2825"}],"version-history":[{"count":14,"href":"https:\/\/vulcania.com\/boutique\/wp-json\/wp\/v2\/product\/2825\/revisions"}],"predecessor-version":[{"id":3038,"href":"https:\/\/vulcania.com\/boutique\/wp-json\/wp\/v2\/product\/2825\/revisions\/3038"}],"wp:featuredmedia":[{"embeddable":true,"href":"https:\/\/vulcania.com\/boutique\/wp-json\/wp\/v2\/media\/4929"}],"wp:attachment":[{"href":"https:\/\/vulcania.com\/boutique\/wp-json\/wp\/v2\/media?parent=2825"}],"wp:term":[{"taxonomy":"product_brand","embeddable":true,"href":"https:\/\/vulcania.com\/boutique\/wp-json\/wp\/v2\/product_brand?post=2825"},{"taxonomy":"product_cat","embeddable":true,"href":"https:\/\/vulcania.com\/boutique\/wp-json\/wp\/v2\/product_cat?post=2825"},{"taxonomy":"product_tag","embeddable":true,"href":"https:\/\/vulcania.com\/boutique\/wp-json\/wp\/v2\/product_tag?post=2825"}],"curies":[{"name":"wp","href":"https:\/\/api.w.org\/{rel}","templated":true}]}}