{"id":2526,"date":"2023-10-23T11:14:39","date_gmt":"2023-10-23T09:14:39","guid":{"rendered":"https:\/\/vulcania.com\/boutique\/\/?post_type=product&#038;p=2526"},"modified":"2025-12-16T12:03:10","modified_gmt":"2025-12-16T11:03:10","slug":"volcans","status":"publish","type":"product","link":"https:\/\/vulcania.com\/boutique\/produit\/volcans\/","title":{"rendered":"Volcans"},"content":{"rendered":"<p>Depuis 20 ans, le photographe <strong>Florent Mamelle<\/strong> parcourt le monde pour collecter les images les plus sensationnelles d\u2019<b>\u00e9ruptions volcaniques<\/b>. Admirez, \u00e0 travers des <b>photographies<\/b> aussi rares qu\u2019exceptionnelles, le volcanisme actif du Kilauea \u00e0 Hawa\u00ef, ou encore un coucher de soleil sur le Pacaya du Guatemala.<\/p>\n<p style=\"box-sizing: inherit; font-style: normal; font-variant-ligatures: normal; font-variant-caps: normal; font-weight: 400; font-size: 18px; font-family: 'Titillium Web', -apple-system, BlinkMacSystemFont, 'Segoe UI', Roboto, Oxygen-Sans, Ubuntu, Cantarell, 'Helvetica Neue', sans-serif;\">Cr\u00e9dit photo : \u00a9Vulcania<\/p>\n","protected":false},"excerpt":{"rendered":"<p>Depuis 20 ans, le photographe Florent Mamelle parcourt le monde pour collecter les images les plus sensationnelles d\u2019\u00e9ruptions volcaniques. Admirez, \u00e0 travers des photographies aussi rares qu\u2019exceptionnelles, le volcanisme actif du Kilauea \u00e0 Hawa\u00ef, ou encore un coucher de soleil sur le Pacaya du Guatemala.<\/p>\n<p>Cr\u00e9dit photo : \u00a9Vulcania<\/p>\n","protected":false},"featured_media":4934,"comment_status":"open","ping_status":"closed","template":"","meta":{"rs_blank_template":"","rs_page_bg_color":"","slide_template_v7":""},"product_brand":[],"product_cat":[89],"product_tag":[85],"class_list":{"0":"post-2526","1":"product","2":"type-product","3":"status-publish","4":"has-post-thumbnail","6":"product_cat-livres","7":"product_tag-volcans","9":"first","10":"instock","11":"taxable","12":"shipping-taxable","13":"purchasable","14":"product-type-simple"},"yoast_head":"<!-- This site is optimized with the Yoast SEO plugin v27.3 - https:\/\/yoast.com\/product\/yoast-seo-wordpress\/ -->\n<title>Volcans - Boutique Vulcania<\/title>\n<meta name=\"robots\" content=\"index, follow, max-snippet:-1, max-image-preview:large, max-video-preview:-1\" \/>\n<link rel=\"canonical\" href=\"https:\/\/vulcania.com\/boutique\/produit\/volcans\/\" \/>\n<meta property=\"og:locale\" content=\"fr_FR\" \/>\n<meta property=\"og:type\" content=\"article\" \/>\n<meta property=\"og:title\" content=\"Volcans - Boutique Vulcania\" \/>\n<meta property=\"og:description\" content=\"Depuis 20 ans, le photographe Florent Mamelle parcourt le monde pour collecter les images les plus sensationnelles d\u2019\u00e9ruptions volcaniques. Admirez, \u00e0 travers des photographies aussi rares qu\u2019exceptionnelles, le volcanisme actif du Kilauea \u00e0 Hawa\u00ef, ou encore un coucher de soleil sur le Pacaya du Guatemala.  Cr\u00e9dit photo : \u00a9Vulcania\" \/>\n<meta property=\"og:url\" content=\"https:\/\/vulcania.com\/boutique\/produit\/volcans\/\" \/>\n<meta property=\"og:site_name\" content=\"Boutique Vulcania\" \/>\n<meta property=\"article:modified_time\" content=\"2025-12-16T11:03:10+00:00\" \/>\n<meta property=\"og:image\" content=\"https:\/\/vulcania.com\/boutique\/wp-content\/uploads\/2023\/10\/livre-volcans-national-geographic.jpg\" \/>\n\t<meta property=\"og:image:width\" content=\"800\" \/>\n\t<meta property=\"og:image:height\" content=\"800\" \/>\n\t<meta property=\"og:image:type\" content=\"image\/jpeg\" \/>\n<meta name=\"twitter:card\" content=\"summary_large_image\" \/>\n<meta name=\"twitter:label1\" content=\"Dur\u00e9e de lecture estim\u00e9e\" \/>\n\t<meta name=\"twitter:data1\" content=\"1 minute\" \/>\n<script type=\"application\/ld+json\" class=\"yoast-schema-graph\">{\"@context\":\"https:\\\/\\\/schema.org\",\"@graph\":[{\"@type\":\"WebPage\",\"@id\":\"https:\\\/\\\/vulcania.com\\\/boutique\\\/produit\\\/volcans\\\/\",\"url\":\"https:\\\/\\\/vulcania.com\\\/boutique\\\/produit\\\/volcans\\\/\",\"name\":\"Volcans - Boutique Vulcania\",\"isPartOf\":{\"@id\":\"https:\\\/\\\/vulcania.com\\\/boutique\\\/#website\"},\"primaryImageOfPage\":{\"@id\":\"https:\\\/\\\/vulcania.com\\\/boutique\\\/produit\\\/volcans\\\/#primaryimage\"},\"image\":{\"@id\":\"https:\\\/\\\/vulcania.com\\\/boutique\\\/produit\\\/volcans\\\/#primaryimage\"},\"thumbnailUrl\":\"https:\\\/\\\/vulcania.com\\\/boutique\\\/wp-content\\\/uploads\\\/2023\\\/10\\\/livre-volcans-national-geographic.jpg\",\"datePublished\":\"2023-10-23T09:14:39+00:00\",\"dateModified\":\"2025-12-16T11:03:10+00:00\",\"breadcrumb\":{\"@id\":\"https:\\\/\\\/vulcania.com\\\/boutique\\\/produit\\\/volcans\\\/#breadcrumb\"},\"inLanguage\":\"fr-FR\",\"potentialAction\":[{\"@type\":\"ReadAction\",\"target\":[\"https:\\\/\\\/vulcania.com\\\/boutique\\\/produit\\\/volcans\\\/\"]}]},{\"@type\":\"ImageObject\",\"inLanguage\":\"fr-FR\",\"@id\":\"https:\\\/\\\/vulcania.com\\\/boutique\\\/produit\\\/volcans\\\/#primaryimage\",\"url\":\"https:\\\/\\\/vulcania.com\\\/boutique\\\/wp-content\\\/uploads\\\/2023\\\/10\\\/livre-volcans-national-geographic.jpg\",\"contentUrl\":\"https:\\\/\\\/vulcania.com\\\/boutique\\\/wp-content\\\/uploads\\\/2023\\\/10\\\/livre-volcans-national-geographic.jpg\",\"width\":800,\"height\":800},{\"@type\":\"BreadcrumbList\",\"@id\":\"https:\\\/\\\/vulcania.com\\\/boutique\\\/produit\\\/volcans\\\/#breadcrumb\",\"itemListElement\":[{\"@type\":\"ListItem\",\"position\":1,\"name\":\"Accueil\",\"item\":\"https:\\\/\\\/vulcania.com\\\/boutique\\\/\"},{\"@type\":\"ListItem\",\"position\":2,\"name\":\"Nos produits\",\"item\":\"https:\\\/\\\/vulcania.com\\\/boutique\\\/nos-produits\\\/\"},{\"@type\":\"ListItem\",\"position\":3,\"name\":\"Volcans\"}]},{\"@type\":\"WebSite\",\"@id\":\"https:\\\/\\\/vulcania.com\\\/boutique\\\/#website\",\"url\":\"https:\\\/\\\/vulcania.com\\\/boutique\\\/\",\"name\":\"Boutique Vulcania\",\"description\":\"\",\"potentialAction\":[{\"@type\":\"SearchAction\",\"target\":{\"@type\":\"EntryPoint\",\"urlTemplate\":\"https:\\\/\\\/vulcania.com\\\/boutique\\\/?s={search_term_string}\"},\"query-input\":{\"@type\":\"PropertyValueSpecification\",\"valueRequired\":true,\"valueName\":\"search_term_string\"}}],\"inLanguage\":\"fr-FR\"}]}<\/script>\n<!-- \/ Yoast SEO plugin. -->","yoast_head_json":{"title":"Volcans - Boutique Vulcania","robots":{"index":"index","follow":"follow","max-snippet":"max-snippet:-1","max-image-preview":"max-image-preview:large","max-video-preview":"max-video-preview:-1"},"canonical":"https:\/\/vulcania.com\/boutique\/produit\/volcans\/","og_locale":"fr_FR","og_type":"article","og_title":"Volcans - Boutique Vulcania","og_description":"Depuis 20 ans, le photographe Florent Mamelle parcourt le monde pour collecter les images les plus sensationnelles d\u2019\u00e9ruptions volcaniques. Admirez, \u00e0 travers des photographies aussi rares qu\u2019exceptionnelles, le volcanisme actif du Kilauea \u00e0 Hawa\u00ef, ou encore un coucher de soleil sur le Pacaya du Guatemala.  Cr\u00e9dit photo : \u00a9Vulcania","og_url":"https:\/\/vulcania.com\/boutique\/produit\/volcans\/","og_site_name":"Boutique Vulcania","article_modified_time":"2025-12-16T11:03:10+00:00","og_image":[{"width":800,"height":800,"url":"https:\/\/vulcania.com\/boutique\/wp-content\/uploads\/2023\/10\/livre-volcans-national-geographic.jpg","type":"image\/jpeg"}],"twitter_card":"summary_large_image","twitter_misc":{"Dur\u00e9e de lecture estim\u00e9e":"1 minute"},"schema":{"@context":"https:\/\/schema.org","@graph":[{"@type":"WebPage","@id":"https:\/\/vulcania.com\/boutique\/produit\/volcans\/","url":"https:\/\/vulcania.com\/boutique\/produit\/volcans\/","name":"Volcans - Boutique Vulcania","isPartOf":{"@id":"https:\/\/vulcania.com\/boutique\/#website"},"primaryImageOfPage":{"@id":"https:\/\/vulcania.com\/boutique\/produit\/volcans\/#primaryimage"},"image":{"@id":"https:\/\/vulcania.com\/boutique\/produit\/volcans\/#primaryimage"},"thumbnailUrl":"https:\/\/vulcania.com\/boutique\/wp-content\/uploads\/2023\/10\/livre-volcans-national-geographic.jpg","datePublished":"2023-10-23T09:14:39+00:00","dateModified":"2025-12-16T11:03:10+00:00","breadcrumb":{"@id":"https:\/\/vulcania.com\/boutique\/produit\/volcans\/#breadcrumb"},"inLanguage":"fr-FR","potentialAction":[{"@type":"ReadAction","target":["https:\/\/vulcania.com\/boutique\/produit\/volcans\/"]}]},{"@type":"ImageObject","inLanguage":"fr-FR","@id":"https:\/\/vulcania.com\/boutique\/produit\/volcans\/#primaryimage","url":"https:\/\/vulcania.com\/boutique\/wp-content\/uploads\/2023\/10\/livre-volcans-national-geographic.jpg","contentUrl":"https:\/\/vulcania.com\/boutique\/wp-content\/uploads\/2023\/10\/livre-volcans-national-geographic.jpg","width":800,"height":800},{"@type":"BreadcrumbList","@id":"https:\/\/vulcania.com\/boutique\/produit\/volcans\/#breadcrumb","itemListElement":[{"@type":"ListItem","position":1,"name":"Accueil","item":"https:\/\/vulcania.com\/boutique\/"},{"@type":"ListItem","position":2,"name":"Nos produits","item":"https:\/\/vulcania.com\/boutique\/nos-produits\/"},{"@type":"ListItem","position":3,"name":"Volcans"}]},{"@type":"WebSite","@id":"https:\/\/vulcania.com\/boutique\/#website","url":"https:\/\/vulcania.com\/boutique\/","name":"Boutique Vulcania","description":"","potentialAction":[{"@type":"SearchAction","target":{"@type":"EntryPoint","urlTemplate":"https:\/\/vulcania.com\/boutique\/?s={search_term_string}"},"query-input":{"@type":"PropertyValueSpecification","valueRequired":true,"valueName":"search_term_string"}}],"inLanguage":"fr-FR"}]}},"jetpack_sharing_enabled":true,"_links":{"self":[{"href":"https:\/\/vulcania.com\/boutique\/wp-json\/wp\/v2\/product\/2526","targetHints":{"allow":["GET"]}}],"collection":[{"href":"https:\/\/vulcania.com\/boutique\/wp-json\/wp\/v2\/product"}],"about":[{"href":"https:\/\/vulcania.com\/boutique\/wp-json\/wp\/v2\/types\/product"}],"replies":[{"embeddable":true,"href":"https:\/\/vulcania.com\/boutique\/wp-json\/wp\/v2\/comments?post=2526"}],"version-history":[{"count":8,"href":"https:\/\/vulcania.com\/boutique\/wp-json\/wp\/v2\/product\/2526\/revisions"}],"predecessor-version":[{"id":2689,"href":"https:\/\/vulcania.com\/boutique\/wp-json\/wp\/v2\/product\/2526\/revisions\/2689"}],"wp:featuredmedia":[{"embeddable":true,"href":"https:\/\/vulcania.com\/boutique\/wp-json\/wp\/v2\/media\/4934"}],"wp:attachment":[{"href":"https:\/\/vulcania.com\/boutique\/wp-json\/wp\/v2\/media?parent=2526"}],"wp:term":[{"taxonomy":"product_brand","embeddable":true,"href":"https:\/\/vulcania.com\/boutique\/wp-json\/wp\/v2\/product_brand?post=2526"},{"taxonomy":"product_cat","embeddable":true,"href":"https:\/\/vulcania.com\/boutique\/wp-json\/wp\/v2\/product_cat?post=2526"},{"taxonomy":"product_tag","embeddable":true,"href":"https:\/\/vulcania.com\/boutique\/wp-json\/wp\/v2\/product_tag?post=2526"}],"curies":[{"name":"wp","href":"https:\/\/api.w.org\/{rel}","templated":true}]}}