{"id":1881,"date":"2023-06-06T11:21:55","date_gmt":"2023-06-06T09:21:55","guid":{"rendered":"https:\/\/vulcania.com\/boutique\/\/?post_type=product&#038;p=1881"},"modified":"2026-02-22T17:37:03","modified_gmt":"2026-02-22T16:37:03","slug":"kit-de-fouille-deterre-un-squelette-de-dinosaure-mammouth-t-rex","status":"publish","type":"product","link":"https:\/\/vulcania.com\/boutique\/produit\/kit-de-fouille-deterre-un-squelette-de-dinosaure-mammouth-t-rex\/","title":{"rendered":"Kit de fouille d\u00e9terre un squelette de dinosaure &#8211; T-rex"},"content":{"rendered":"\t\t<div data-elementor-type=\"wp-post\" data-elementor-id=\"1881\" class=\"elementor elementor-1881\">\n\t\t\t\t\t\t<section class=\"elementor-section elementor-top-section elementor-element elementor-element-6ce38f42 elementor-section-boxed elementor-section-height-default elementor-section-height-default\" data-id=\"6ce38f42\" data-element_type=\"section\" data-e-type=\"section\">\n\t\t\t\t\t\t<div class=\"elementor-container elementor-column-gap-default\">\n\t\t\t\t\t<div class=\"elementor-column elementor-col-100 elementor-top-column elementor-element elementor-element-76233a58\" data-id=\"76233a58\" data-element_type=\"column\" data-e-type=\"column\">\n\t\t\t<div class=\"elementor-widget-wrap elementor-element-populated\">\n\t\t\t\t\t\t<div class=\"elementor-element elementor-element-fb37ebb elementor-widget elementor-widget-text-editor\" data-id=\"fb37ebb\" data-element_type=\"widget\" data-e-type=\"widget\" data-widget_type=\"text-editor.default\">\n\t\t\t\t<div class=\"elementor-widget-container\">\n\t\t\t\t\t\t\t\t\t<p style=\"box-sizing: inherit; font-style: normal; font-variant-ligatures: normal; font-variant-caps: normal; font-size: 18px; font-family: 'Titillium Web', -apple-system, BlinkMacSystemFont, 'Segoe UI', Roboto, Oxygen-Sans, Ubuntu, Cantarell, 'Helvetica Neue', sans-serif; background-color: #fcfcfc;\"><span style=\"font-weight: 400;\">Jeu de fouille <\/span><b>\u00e9ducatif<\/b><span style=\"font-weight: 400;\"> permettant de se mettre dans la peau d\u2019un <\/span><b>arch\u00e9ologue <\/b>en d\u00e9terrant un <b>squelette de dinosaure<\/b>.<\/p>\n<p style=\"box-sizing: inherit; font-style: normal; font-variant-ligatures: normal; font-variant-caps: normal; font-size: 18px; font-family: &quot;Titillium Web&quot;, -apple-system, BlinkMacSystemFont, &quot;Segoe UI&quot;, Roboto, Oxygen-Sans, Ubuntu, Cantarell, &quot;Helvetica Neue&quot;, sans-serif; background-color: rgb(252, 252, 252);\"><span style=\"font-weight: 400;\">Mod\u00e8les disponibles&nbsp;: <\/span><b>Mammouth<\/b>, <b>Tyrannosaure Rex<\/b>.<\/p>\n<p style=\"box-sizing: inherit; font-style: normal; font-variant-ligatures: normal; font-variant-caps: normal; font-weight: 400; font-size: 18px; font-family: 'Titillium Web', -apple-system, BlinkMacSystemFont, 'Segoe UI', Roboto, Oxygen-Sans, Ubuntu, Cantarell, 'Helvetica Neue', sans-serif; background-color: #fcfcfc;\">Cr\u00e9dit photo : \u00a9DAM<\/p>\t\t\t\t\t\t\t\t<\/div>\n\t\t\t\t<\/div>\n\t\t\t\t\t<\/div>\n\t\t<\/div>\n\t\t\t\t\t<\/div>\n\t\t<\/section>\n\t\t\t\t<\/div>\n\t\t","protected":false},"excerpt":{"rendered":"<p>Jeu de fouille \u00e9ducatif permettant de se mettre dans la peau d\u2019un pal\u00e9ontologue en d\u00e9terrant un squelette de dinosaure.<\/p>\n<p>Mod\u00e8les disponibles\u00a0: Mammouth, Tyrannosaure Rex.<\/p>\n<p>Cr\u00e9dit photo : \u00a9DAM<\/p>\n","protected":false},"featured_media":1883,"comment_status":"open","ping_status":"closed","template":"","meta":{"rs_blank_template":"","rs_page_bg_color":"","slide_template_v7":""},"product_brand":[],"product_cat":[88,117],"product_tag":[91],"class_list":{"0":"post-1881","1":"product","2":"type-product","3":"status-publish","4":"has-post-thumbnail","6":"product_cat-jeux-pour-enfants","7":"product_cat-kits","8":"product_tag-dinosaures","10":"first","11":"instock","12":"taxable","13":"shipping-taxable","14":"purchasable","15":"product-type-simple"},"yoast_head":"<!-- This site is optimized with the Yoast SEO plugin v27.3 - https:\/\/yoast.com\/product\/yoast-seo-wordpress\/ -->\n<title>Kit de fouille d\u00e9terre un squelette de dinosaure - T-rex - Boutique Vulcania<\/title>\n<meta name=\"robots\" content=\"index, follow, max-snippet:-1, max-image-preview:large, max-video-preview:-1\" \/>\n<link rel=\"canonical\" href=\"https:\/\/vulcania.com\/boutique\/produit\/kit-de-fouille-deterre-un-squelette-de-dinosaure-mammouth-t-rex\/\" \/>\n<meta property=\"og:locale\" content=\"fr_FR\" \/>\n<meta property=\"og:type\" content=\"article\" \/>\n<meta property=\"og:title\" content=\"Kit de fouille d\u00e9terre un squelette de dinosaure - T-rex - Boutique Vulcania\" \/>\n<meta property=\"og:description\" content=\"Jeu de fouille \u00e9ducatif permettant de se mettre dans la peau d\u2019un pal\u00e9ontologue en d\u00e9terrant un squelette de dinosaure.  Mod\u00e8les disponibles\u00a0: Mammouth, Tyrannosaure Rex.  Cr\u00e9dit photo : \u00a9DAM\" \/>\n<meta property=\"og:url\" content=\"https:\/\/vulcania.com\/boutique\/produit\/kit-de-fouille-deterre-un-squelette-de-dinosaure-mammouth-t-rex\/\" \/>\n<meta property=\"og:site_name\" content=\"Boutique Vulcania\" \/>\n<meta property=\"article:modified_time\" content=\"2026-02-22T16:37:03+00:00\" \/>\n<meta property=\"og:image\" content=\"https:\/\/vulcania.com\/boutique\/wp-content\/uploads\/2023\/06\/deterre-un-squelette-de-dinosaure-t-rex-\u00a9DAM.jpg\" \/>\n\t<meta property=\"og:image:width\" content=\"1024\" \/>\n\t<meta property=\"og:image:height\" content=\"1024\" \/>\n\t<meta property=\"og:image:type\" content=\"image\/jpeg\" \/>\n<meta name=\"twitter:card\" content=\"summary_large_image\" \/>\n<meta name=\"twitter:label1\" content=\"Dur\u00e9e de lecture estim\u00e9e\" \/>\n\t<meta name=\"twitter:data1\" content=\"1 minute\" \/>\n<script type=\"application\/ld+json\" class=\"yoast-schema-graph\">{\"@context\":\"https:\\\/\\\/schema.org\",\"@graph\":[{\"@type\":\"WebPage\",\"@id\":\"https:\\\/\\\/vulcania.com\\\/boutique\\\/produit\\\/kit-de-fouille-deterre-un-squelette-de-dinosaure-mammouth-t-rex\\\/\",\"url\":\"https:\\\/\\\/vulcania.com\\\/boutique\\\/produit\\\/kit-de-fouille-deterre-un-squelette-de-dinosaure-mammouth-t-rex\\\/\",\"name\":\"Kit de fouille d\u00e9terre un squelette de dinosaure - T-rex - Boutique Vulcania\",\"isPartOf\":{\"@id\":\"https:\\\/\\\/vulcania.com\\\/boutique\\\/#website\"},\"primaryImageOfPage\":{\"@id\":\"https:\\\/\\\/vulcania.com\\\/boutique\\\/produit\\\/kit-de-fouille-deterre-un-squelette-de-dinosaure-mammouth-t-rex\\\/#primaryimage\"},\"image\":{\"@id\":\"https:\\\/\\\/vulcania.com\\\/boutique\\\/produit\\\/kit-de-fouille-deterre-un-squelette-de-dinosaure-mammouth-t-rex\\\/#primaryimage\"},\"thumbnailUrl\":\"https:\\\/\\\/vulcania.com\\\/boutique\\\/wp-content\\\/uploads\\\/2023\\\/06\\\/deterre-un-squelette-de-dinosaure-t-rex-\u00a9DAM.jpg\",\"datePublished\":\"2023-06-06T09:21:55+00:00\",\"dateModified\":\"2026-02-22T16:37:03+00:00\",\"breadcrumb\":{\"@id\":\"https:\\\/\\\/vulcania.com\\\/boutique\\\/produit\\\/kit-de-fouille-deterre-un-squelette-de-dinosaure-mammouth-t-rex\\\/#breadcrumb\"},\"inLanguage\":\"fr-FR\",\"potentialAction\":[{\"@type\":\"ReadAction\",\"target\":[\"https:\\\/\\\/vulcania.com\\\/boutique\\\/produit\\\/kit-de-fouille-deterre-un-squelette-de-dinosaure-mammouth-t-rex\\\/\"]}]},{\"@type\":\"ImageObject\",\"inLanguage\":\"fr-FR\",\"@id\":\"https:\\\/\\\/vulcania.com\\\/boutique\\\/produit\\\/kit-de-fouille-deterre-un-squelette-de-dinosaure-mammouth-t-rex\\\/#primaryimage\",\"url\":\"https:\\\/\\\/vulcania.com\\\/boutique\\\/wp-content\\\/uploads\\\/2023\\\/06\\\/deterre-un-squelette-de-dinosaure-t-rex-\u00a9DAM.jpg\",\"contentUrl\":\"https:\\\/\\\/vulcania.com\\\/boutique\\\/wp-content\\\/uploads\\\/2023\\\/06\\\/deterre-un-squelette-de-dinosaure-t-rex-\u00a9DAM.jpg\",\"width\":1024,\"height\":1024},{\"@type\":\"BreadcrumbList\",\"@id\":\"https:\\\/\\\/vulcania.com\\\/boutique\\\/produit\\\/kit-de-fouille-deterre-un-squelette-de-dinosaure-mammouth-t-rex\\\/#breadcrumb\",\"itemListElement\":[{\"@type\":\"ListItem\",\"position\":1,\"name\":\"Accueil\",\"item\":\"https:\\\/\\\/vulcania.com\\\/boutique\\\/\"},{\"@type\":\"ListItem\",\"position\":2,\"name\":\"Nos produits\",\"item\":\"https:\\\/\\\/vulcania.com\\\/boutique\\\/nos-produits\\\/\"},{\"@type\":\"ListItem\",\"position\":3,\"name\":\"Kit de fouille d\u00e9terre un squelette de dinosaure &#8211; T-rex\"}]},{\"@type\":\"WebSite\",\"@id\":\"https:\\\/\\\/vulcania.com\\\/boutique\\\/#website\",\"url\":\"https:\\\/\\\/vulcania.com\\\/boutique\\\/\",\"name\":\"Boutique Vulcania\",\"description\":\"\",\"potentialAction\":[{\"@type\":\"SearchAction\",\"target\":{\"@type\":\"EntryPoint\",\"urlTemplate\":\"https:\\\/\\\/vulcania.com\\\/boutique\\\/?s={search_term_string}\"},\"query-input\":{\"@type\":\"PropertyValueSpecification\",\"valueRequired\":true,\"valueName\":\"search_term_string\"}}],\"inLanguage\":\"fr-FR\"}]}<\/script>\n<!-- \/ Yoast SEO plugin. -->","yoast_head_json":{"title":"Kit de fouille d\u00e9terre un squelette de dinosaure - T-rex - Boutique Vulcania","robots":{"index":"index","follow":"follow","max-snippet":"max-snippet:-1","max-image-preview":"max-image-preview:large","max-video-preview":"max-video-preview:-1"},"canonical":"https:\/\/vulcania.com\/boutique\/produit\/kit-de-fouille-deterre-un-squelette-de-dinosaure-mammouth-t-rex\/","og_locale":"fr_FR","og_type":"article","og_title":"Kit de fouille d\u00e9terre un squelette de dinosaure - T-rex - Boutique Vulcania","og_description":"Jeu de fouille \u00e9ducatif permettant de se mettre dans la peau d\u2019un pal\u00e9ontologue en d\u00e9terrant un squelette de dinosaure.  Mod\u00e8les disponibles\u00a0: Mammouth, Tyrannosaure Rex.  Cr\u00e9dit photo : \u00a9DAM","og_url":"https:\/\/vulcania.com\/boutique\/produit\/kit-de-fouille-deterre-un-squelette-de-dinosaure-mammouth-t-rex\/","og_site_name":"Boutique Vulcania","article_modified_time":"2026-02-22T16:37:03+00:00","og_image":[{"width":1024,"height":1024,"url":"https:\/\/vulcania.com\/boutique\/wp-content\/uploads\/2023\/06\/deterre-un-squelette-de-dinosaure-t-rex-\u00a9DAM.jpg","type":"image\/jpeg"}],"twitter_card":"summary_large_image","twitter_misc":{"Dur\u00e9e de lecture estim\u00e9e":"1 minute"},"schema":{"@context":"https:\/\/schema.org","@graph":[{"@type":"WebPage","@id":"https:\/\/vulcania.com\/boutique\/produit\/kit-de-fouille-deterre-un-squelette-de-dinosaure-mammouth-t-rex\/","url":"https:\/\/vulcania.com\/boutique\/produit\/kit-de-fouille-deterre-un-squelette-de-dinosaure-mammouth-t-rex\/","name":"Kit de fouille d\u00e9terre un squelette de dinosaure - T-rex - Boutique Vulcania","isPartOf":{"@id":"https:\/\/vulcania.com\/boutique\/#website"},"primaryImageOfPage":{"@id":"https:\/\/vulcania.com\/boutique\/produit\/kit-de-fouille-deterre-un-squelette-de-dinosaure-mammouth-t-rex\/#primaryimage"},"image":{"@id":"https:\/\/vulcania.com\/boutique\/produit\/kit-de-fouille-deterre-un-squelette-de-dinosaure-mammouth-t-rex\/#primaryimage"},"thumbnailUrl":"https:\/\/vulcania.com\/boutique\/wp-content\/uploads\/2023\/06\/deterre-un-squelette-de-dinosaure-t-rex-\u00a9DAM.jpg","datePublished":"2023-06-06T09:21:55+00:00","dateModified":"2026-02-22T16:37:03+00:00","breadcrumb":{"@id":"https:\/\/vulcania.com\/boutique\/produit\/kit-de-fouille-deterre-un-squelette-de-dinosaure-mammouth-t-rex\/#breadcrumb"},"inLanguage":"fr-FR","potentialAction":[{"@type":"ReadAction","target":["https:\/\/vulcania.com\/boutique\/produit\/kit-de-fouille-deterre-un-squelette-de-dinosaure-mammouth-t-rex\/"]}]},{"@type":"ImageObject","inLanguage":"fr-FR","@id":"https:\/\/vulcania.com\/boutique\/produit\/kit-de-fouille-deterre-un-squelette-de-dinosaure-mammouth-t-rex\/#primaryimage","url":"https:\/\/vulcania.com\/boutique\/wp-content\/uploads\/2023\/06\/deterre-un-squelette-de-dinosaure-t-rex-\u00a9DAM.jpg","contentUrl":"https:\/\/vulcania.com\/boutique\/wp-content\/uploads\/2023\/06\/deterre-un-squelette-de-dinosaure-t-rex-\u00a9DAM.jpg","width":1024,"height":1024},{"@type":"BreadcrumbList","@id":"https:\/\/vulcania.com\/boutique\/produit\/kit-de-fouille-deterre-un-squelette-de-dinosaure-mammouth-t-rex\/#breadcrumb","itemListElement":[{"@type":"ListItem","position":1,"name":"Accueil","item":"https:\/\/vulcania.com\/boutique\/"},{"@type":"ListItem","position":2,"name":"Nos produits","item":"https:\/\/vulcania.com\/boutique\/nos-produits\/"},{"@type":"ListItem","position":3,"name":"Kit de fouille d\u00e9terre un squelette de dinosaure &#8211; T-rex"}]},{"@type":"WebSite","@id":"https:\/\/vulcania.com\/boutique\/#website","url":"https:\/\/vulcania.com\/boutique\/","name":"Boutique Vulcania","description":"","potentialAction":[{"@type":"SearchAction","target":{"@type":"EntryPoint","urlTemplate":"https:\/\/vulcania.com\/boutique\/?s={search_term_string}"},"query-input":{"@type":"PropertyValueSpecification","valueRequired":true,"valueName":"search_term_string"}}],"inLanguage":"fr-FR"}]}},"jetpack_sharing_enabled":true,"_links":{"self":[{"href":"https:\/\/vulcania.com\/boutique\/wp-json\/wp\/v2\/product\/1881","targetHints":{"allow":["GET"]}}],"collection":[{"href":"https:\/\/vulcania.com\/boutique\/wp-json\/wp\/v2\/product"}],"about":[{"href":"https:\/\/vulcania.com\/boutique\/wp-json\/wp\/v2\/types\/product"}],"replies":[{"embeddable":true,"href":"https:\/\/vulcania.com\/boutique\/wp-json\/wp\/v2\/comments?post=1881"}],"version-history":[{"count":11,"href":"https:\/\/vulcania.com\/boutique\/wp-json\/wp\/v2\/product\/1881\/revisions"}],"predecessor-version":[{"id":3085,"href":"https:\/\/vulcania.com\/boutique\/wp-json\/wp\/v2\/product\/1881\/revisions\/3085"}],"wp:featuredmedia":[{"embeddable":true,"href":"https:\/\/vulcania.com\/boutique\/wp-json\/wp\/v2\/media\/1883"}],"wp:attachment":[{"href":"https:\/\/vulcania.com\/boutique\/wp-json\/wp\/v2\/media?parent=1881"}],"wp:term":[{"taxonomy":"product_brand","embeddable":true,"href":"https:\/\/vulcania.com\/boutique\/wp-json\/wp\/v2\/product_brand?post=1881"},{"taxonomy":"product_cat","embeddable":true,"href":"https:\/\/vulcania.com\/boutique\/wp-json\/wp\/v2\/product_cat?post=1881"},{"taxonomy":"product_tag","embeddable":true,"href":"https:\/\/vulcania.com\/boutique\/wp-json\/wp\/v2\/product_tag?post=1881"}],"curies":[{"name":"wp","href":"https:\/\/api.w.org\/{rel}","templated":true}]}}