{"id":1840,"date":"2023-06-06T10:17:22","date_gmt":"2023-06-06T08:17:22","guid":{"rendered":"https:\/\/vulcania.com\/boutique\/\/?post_type=product&#038;p=1840"},"modified":"2025-12-16T12:13:23","modified_gmt":"2025-12-16T11:13:23","slug":"le-coffret-du-mega-atlas-des-volcans","status":"publish","type":"product","link":"https:\/\/vulcania.com\/boutique\/produit\/le-coffret-du-mega-atlas-des-volcans\/","title":{"rendered":"Le coffret du m\u00e9ga atlas des volcans"},"content":{"rendered":"\t\t<div data-elementor-type=\"wp-post\" data-elementor-id=\"1840\" class=\"elementor elementor-1840\">\n\t\t\t\t\t\t<section class=\"elementor-section elementor-top-section elementor-element elementor-element-109bad96 elementor-section-boxed elementor-section-height-default elementor-section-height-default\" data-id=\"109bad96\" data-element_type=\"section\" data-e-type=\"section\">\n\t\t\t\t\t\t<div class=\"elementor-container elementor-column-gap-default\">\n\t\t\t\t\t<div class=\"elementor-column elementor-col-100 elementor-top-column elementor-element elementor-element-21f8b32d\" data-id=\"21f8b32d\" data-element_type=\"column\" data-e-type=\"column\">\n\t\t\t<div class=\"elementor-widget-wrap elementor-element-populated\">\n\t\t\t\t\t\t<div class=\"elementor-element elementor-element-22fe0ff9 elementor-widget elementor-widget-text-editor\" data-id=\"22fe0ff9\" data-element_type=\"widget\" data-e-type=\"widget\" data-widget_type=\"text-editor.default\">\n\t\t\t\t<div class=\"elementor-widget-container\">\n\t\t\t\t\t\t\t\t\t<p style=\"box-sizing: inherit; font-style: normal; font-variant-ligatures: normal; font-variant-caps: normal; font-size: 18px; font-family: 'Titillium Web', -apple-system, BlinkMacSystemFont, 'Segoe UI', Roboto, Oxygen-Sans, Ubuntu, Cantarell, 'Helvetica Neue', sans-serif; background-color: #fcfcfc;\"><span style=\"font-weight: 400;\">Kit de jeu sur les volcans comprenant un <\/span><b>puzzle de 500 pi\u00e8ces<\/b>, <b>20 silhouettes de volcans<\/b> \u00e0 placer sur le puzzle, un <b>grand livre<\/b> racontant l\u2019histoire des volcans et un <b>jeu de cartes <\/b>permettant de tester ses connaissances.<\/p><p style=\"box-sizing: inherit; font-style: normal; font-variant-ligatures: normal; font-variant-caps: normal; font-weight: 400; font-size: 18px; font-family: 'Titillium Web', -apple-system, BlinkMacSystemFont, 'Segoe UI', Roboto, Oxygen-Sans, Ubuntu, Cantarell, 'Helvetica Neue', sans-serif; background-color: #fcfcfc;\">Cr\u00e9dit photo : \u00a9Sassi<\/p>\t\t\t\t\t\t\t\t<\/div>\n\t\t\t\t<\/div>\n\t\t\t\t\t<\/div>\n\t\t<\/div>\n\t\t\t\t\t<\/div>\n\t\t<\/section>\n\t\t\t\t<\/div>\n\t\t","protected":false},"excerpt":{"rendered":"<p>Kit de jeu sur les volcans comprenant un puzzle de 500 pi\u00e8ces, 20 silhouettes de volcans \u00e0 placer sur le puzzle, un grand livre racontant l\u2019histoire des volcans et un jeu de cartes permettant de tester ses connaissances.<\/p>\n<p>Cr\u00e9dit photo : \u00a9Sassi<\/p>\n","protected":false},"featured_media":1843,"comment_status":"open","ping_status":"closed","template":"","meta":{"rs_blank_template":"","rs_page_bg_color":"","slide_template_v7":""},"product_brand":[],"product_cat":[88,117],"product_tag":[85],"class_list":{"0":"post-1840","1":"product","2":"type-product","3":"status-publish","4":"has-post-thumbnail","6":"product_cat-jeux-pour-enfants","7":"product_cat-kits","8":"product_tag-volcans","10":"first","11":"instock","12":"taxable","13":"shipping-taxable","14":"purchasable","15":"product-type-simple"},"yoast_head":"<!-- This site is optimized with the Yoast SEO plugin v27.3 - https:\/\/yoast.com\/product\/yoast-seo-wordpress\/ -->\n<title>Le coffret du m\u00e9ga atlas des volcans - Boutique Vulcania<\/title>\n<meta name=\"robots\" content=\"index, follow, max-snippet:-1, max-image-preview:large, max-video-preview:-1\" \/>\n<link rel=\"canonical\" href=\"https:\/\/vulcania.com\/boutique\/produit\/le-coffret-du-mega-atlas-des-volcans\/\" \/>\n<meta property=\"og:locale\" content=\"fr_FR\" \/>\n<meta property=\"og:type\" content=\"article\" \/>\n<meta property=\"og:title\" content=\"Le coffret du m\u00e9ga atlas des volcans - Boutique Vulcania\" \/>\n<meta property=\"og:description\" content=\"Kit de jeu sur les volcans comprenant un puzzle de 500 pi\u00e8ces, 20 silhouettes de volcans \u00e0 placer sur le puzzle, un grand livre racontant l\u2019histoire des volcans et un jeu de cartes permettant de tester ses connaissances.  Cr\u00e9dit photo : \u00a9Sassi\" \/>\n<meta property=\"og:url\" content=\"https:\/\/vulcania.com\/boutique\/produit\/le-coffret-du-mega-atlas-des-volcans\/\" \/>\n<meta property=\"og:site_name\" content=\"Boutique Vulcania\" \/>\n<meta property=\"article:modified_time\" content=\"2025-12-16T11:13:23+00:00\" \/>\n<meta property=\"og:image\" content=\"https:\/\/vulcania.com\/boutique\/wp-content\/uploads\/2023\/06\/le-coffret-mega-atlas-des-volcans-\u00a9Sassi.jpg\" \/>\n\t<meta property=\"og:image:width\" content=\"768\" \/>\n\t<meta property=\"og:image:height\" content=\"768\" \/>\n\t<meta property=\"og:image:type\" content=\"image\/jpeg\" \/>\n<meta name=\"twitter:card\" content=\"summary_large_image\" \/>\n<meta name=\"twitter:label1\" content=\"Dur\u00e9e de lecture estim\u00e9e\" \/>\n\t<meta name=\"twitter:data1\" content=\"1 minute\" \/>\n<script type=\"application\/ld+json\" class=\"yoast-schema-graph\">{\"@context\":\"https:\\\/\\\/schema.org\",\"@graph\":[{\"@type\":\"WebPage\",\"@id\":\"https:\\\/\\\/vulcania.com\\\/boutique\\\/produit\\\/le-coffret-du-mega-atlas-des-volcans\\\/\",\"url\":\"https:\\\/\\\/vulcania.com\\\/boutique\\\/produit\\\/le-coffret-du-mega-atlas-des-volcans\\\/\",\"name\":\"Le coffret du m\u00e9ga atlas des volcans - Boutique Vulcania\",\"isPartOf\":{\"@id\":\"https:\\\/\\\/vulcania.com\\\/boutique\\\/#website\"},\"primaryImageOfPage\":{\"@id\":\"https:\\\/\\\/vulcania.com\\\/boutique\\\/produit\\\/le-coffret-du-mega-atlas-des-volcans\\\/#primaryimage\"},\"image\":{\"@id\":\"https:\\\/\\\/vulcania.com\\\/boutique\\\/produit\\\/le-coffret-du-mega-atlas-des-volcans\\\/#primaryimage\"},\"thumbnailUrl\":\"https:\\\/\\\/vulcania.com\\\/boutique\\\/wp-content\\\/uploads\\\/2023\\\/06\\\/le-coffret-mega-atlas-des-volcans-\u00a9Sassi.jpg\",\"datePublished\":\"2023-06-06T08:17:22+00:00\",\"dateModified\":\"2025-12-16T11:13:23+00:00\",\"breadcrumb\":{\"@id\":\"https:\\\/\\\/vulcania.com\\\/boutique\\\/produit\\\/le-coffret-du-mega-atlas-des-volcans\\\/#breadcrumb\"},\"inLanguage\":\"fr-FR\",\"potentialAction\":[{\"@type\":\"ReadAction\",\"target\":[\"https:\\\/\\\/vulcania.com\\\/boutique\\\/produit\\\/le-coffret-du-mega-atlas-des-volcans\\\/\"]}]},{\"@type\":\"ImageObject\",\"inLanguage\":\"fr-FR\",\"@id\":\"https:\\\/\\\/vulcania.com\\\/boutique\\\/produit\\\/le-coffret-du-mega-atlas-des-volcans\\\/#primaryimage\",\"url\":\"https:\\\/\\\/vulcania.com\\\/boutique\\\/wp-content\\\/uploads\\\/2023\\\/06\\\/le-coffret-mega-atlas-des-volcans-\u00a9Sassi.jpg\",\"contentUrl\":\"https:\\\/\\\/vulcania.com\\\/boutique\\\/wp-content\\\/uploads\\\/2023\\\/06\\\/le-coffret-mega-atlas-des-volcans-\u00a9Sassi.jpg\",\"width\":768,\"height\":768},{\"@type\":\"BreadcrumbList\",\"@id\":\"https:\\\/\\\/vulcania.com\\\/boutique\\\/produit\\\/le-coffret-du-mega-atlas-des-volcans\\\/#breadcrumb\",\"itemListElement\":[{\"@type\":\"ListItem\",\"position\":1,\"name\":\"Accueil\",\"item\":\"https:\\\/\\\/vulcania.com\\\/boutique\\\/\"},{\"@type\":\"ListItem\",\"position\":2,\"name\":\"Nos produits\",\"item\":\"https:\\\/\\\/vulcania.com\\\/boutique\\\/nos-produits\\\/\"},{\"@type\":\"ListItem\",\"position\":3,\"name\":\"Le coffret du m\u00e9ga atlas des volcans\"}]},{\"@type\":\"WebSite\",\"@id\":\"https:\\\/\\\/vulcania.com\\\/boutique\\\/#website\",\"url\":\"https:\\\/\\\/vulcania.com\\\/boutique\\\/\",\"name\":\"Boutique Vulcania\",\"description\":\"\",\"potentialAction\":[{\"@type\":\"SearchAction\",\"target\":{\"@type\":\"EntryPoint\",\"urlTemplate\":\"https:\\\/\\\/vulcania.com\\\/boutique\\\/?s={search_term_string}\"},\"query-input\":{\"@type\":\"PropertyValueSpecification\",\"valueRequired\":true,\"valueName\":\"search_term_string\"}}],\"inLanguage\":\"fr-FR\"}]}<\/script>\n<!-- \/ Yoast SEO plugin. -->","yoast_head_json":{"title":"Le coffret du m\u00e9ga atlas des volcans - Boutique Vulcania","robots":{"index":"index","follow":"follow","max-snippet":"max-snippet:-1","max-image-preview":"max-image-preview:large","max-video-preview":"max-video-preview:-1"},"canonical":"https:\/\/vulcania.com\/boutique\/produit\/le-coffret-du-mega-atlas-des-volcans\/","og_locale":"fr_FR","og_type":"article","og_title":"Le coffret du m\u00e9ga atlas des volcans - Boutique Vulcania","og_description":"Kit de jeu sur les volcans comprenant un puzzle de 500 pi\u00e8ces, 20 silhouettes de volcans \u00e0 placer sur le puzzle, un grand livre racontant l\u2019histoire des volcans et un jeu de cartes permettant de tester ses connaissances.  Cr\u00e9dit photo : \u00a9Sassi","og_url":"https:\/\/vulcania.com\/boutique\/produit\/le-coffret-du-mega-atlas-des-volcans\/","og_site_name":"Boutique Vulcania","article_modified_time":"2025-12-16T11:13:23+00:00","og_image":[{"width":768,"height":768,"url":"https:\/\/vulcania.com\/boutique\/wp-content\/uploads\/2023\/06\/le-coffret-mega-atlas-des-volcans-\u00a9Sassi.jpg","type":"image\/jpeg"}],"twitter_card":"summary_large_image","twitter_misc":{"Dur\u00e9e de lecture estim\u00e9e":"1 minute"},"schema":{"@context":"https:\/\/schema.org","@graph":[{"@type":"WebPage","@id":"https:\/\/vulcania.com\/boutique\/produit\/le-coffret-du-mega-atlas-des-volcans\/","url":"https:\/\/vulcania.com\/boutique\/produit\/le-coffret-du-mega-atlas-des-volcans\/","name":"Le coffret du m\u00e9ga atlas des volcans - Boutique Vulcania","isPartOf":{"@id":"https:\/\/vulcania.com\/boutique\/#website"},"primaryImageOfPage":{"@id":"https:\/\/vulcania.com\/boutique\/produit\/le-coffret-du-mega-atlas-des-volcans\/#primaryimage"},"image":{"@id":"https:\/\/vulcania.com\/boutique\/produit\/le-coffret-du-mega-atlas-des-volcans\/#primaryimage"},"thumbnailUrl":"https:\/\/vulcania.com\/boutique\/wp-content\/uploads\/2023\/06\/le-coffret-mega-atlas-des-volcans-\u00a9Sassi.jpg","datePublished":"2023-06-06T08:17:22+00:00","dateModified":"2025-12-16T11:13:23+00:00","breadcrumb":{"@id":"https:\/\/vulcania.com\/boutique\/produit\/le-coffret-du-mega-atlas-des-volcans\/#breadcrumb"},"inLanguage":"fr-FR","potentialAction":[{"@type":"ReadAction","target":["https:\/\/vulcania.com\/boutique\/produit\/le-coffret-du-mega-atlas-des-volcans\/"]}]},{"@type":"ImageObject","inLanguage":"fr-FR","@id":"https:\/\/vulcania.com\/boutique\/produit\/le-coffret-du-mega-atlas-des-volcans\/#primaryimage","url":"https:\/\/vulcania.com\/boutique\/wp-content\/uploads\/2023\/06\/le-coffret-mega-atlas-des-volcans-\u00a9Sassi.jpg","contentUrl":"https:\/\/vulcania.com\/boutique\/wp-content\/uploads\/2023\/06\/le-coffret-mega-atlas-des-volcans-\u00a9Sassi.jpg","width":768,"height":768},{"@type":"BreadcrumbList","@id":"https:\/\/vulcania.com\/boutique\/produit\/le-coffret-du-mega-atlas-des-volcans\/#breadcrumb","itemListElement":[{"@type":"ListItem","position":1,"name":"Accueil","item":"https:\/\/vulcania.com\/boutique\/"},{"@type":"ListItem","position":2,"name":"Nos produits","item":"https:\/\/vulcania.com\/boutique\/nos-produits\/"},{"@type":"ListItem","position":3,"name":"Le coffret du m\u00e9ga atlas des volcans"}]},{"@type":"WebSite","@id":"https:\/\/vulcania.com\/boutique\/#website","url":"https:\/\/vulcania.com\/boutique\/","name":"Boutique Vulcania","description":"","potentialAction":[{"@type":"SearchAction","target":{"@type":"EntryPoint","urlTemplate":"https:\/\/vulcania.com\/boutique\/?s={search_term_string}"},"query-input":{"@type":"PropertyValueSpecification","valueRequired":true,"valueName":"search_term_string"}}],"inLanguage":"fr-FR"}]}},"jetpack_sharing_enabled":true,"_links":{"self":[{"href":"https:\/\/vulcania.com\/boutique\/wp-json\/wp\/v2\/product\/1840","targetHints":{"allow":["GET"]}}],"collection":[{"href":"https:\/\/vulcania.com\/boutique\/wp-json\/wp\/v2\/product"}],"about":[{"href":"https:\/\/vulcania.com\/boutique\/wp-json\/wp\/v2\/types\/product"}],"replies":[{"embeddable":true,"href":"https:\/\/vulcania.com\/boutique\/wp-json\/wp\/v2\/comments?post=1840"}],"version-history":[{"count":8,"href":"https:\/\/vulcania.com\/boutique\/wp-json\/wp\/v2\/product\/1840\/revisions"}],"predecessor-version":[{"id":3078,"href":"https:\/\/vulcania.com\/boutique\/wp-json\/wp\/v2\/product\/1840\/revisions\/3078"}],"wp:featuredmedia":[{"embeddable":true,"href":"https:\/\/vulcania.com\/boutique\/wp-json\/wp\/v2\/media\/1843"}],"wp:attachment":[{"href":"https:\/\/vulcania.com\/boutique\/wp-json\/wp\/v2\/media?parent=1840"}],"wp:term":[{"taxonomy":"product_brand","embeddable":true,"href":"https:\/\/vulcania.com\/boutique\/wp-json\/wp\/v2\/product_brand?post=1840"},{"taxonomy":"product_cat","embeddable":true,"href":"https:\/\/vulcania.com\/boutique\/wp-json\/wp\/v2\/product_cat?post=1840"},{"taxonomy":"product_tag","embeddable":true,"href":"https:\/\/vulcania.com\/boutique\/wp-json\/wp\/v2\/product_tag?post=1840"}],"curies":[{"name":"wp","href":"https:\/\/api.w.org\/{rel}","templated":true}]}}