{"id":3,"date":"2023-04-12T11:50:26","date_gmt":"2023-04-12T09:50:26","guid":{"rendered":"https:\/\/vulcania.com\/boutique\/\/?page_id=3"},"modified":"2025-10-21T16:49:42","modified_gmt":"2025-10-21T14:49:42","slug":"politique-de-confidentialite","status":"publish","type":"page","link":"https:\/\/vulcania.com\/boutique\/politique-de-confidentialite\/","title":{"rendered":"Politique de confidentialit\u00e9"},"content":{"rendered":"\t\t<div data-elementor-type=\"wp-page\" data-elementor-id=\"3\" class=\"elementor elementor-3\">\n\t\t\t\t\t\t<section class=\"elementor-section elementor-top-section elementor-element elementor-element-3c255cf3 elementor-section-boxed elementor-section-height-default elementor-section-height-default\" data-id=\"3c255cf3\" data-element_type=\"section\" data-e-type=\"section\">\n\t\t\t\t\t\t<div class=\"elementor-container elementor-column-gap-default\">\n\t\t\t\t\t<div class=\"elementor-column elementor-col-100 elementor-top-column elementor-element elementor-element-4701da26\" data-id=\"4701da26\" data-element_type=\"column\" data-e-type=\"column\">\n\t\t\t<div class=\"elementor-widget-wrap elementor-element-populated\">\n\t\t\t\t\t\t<div class=\"elementor-element elementor-element-6f0470e elementor-widget elementor-widget-heading\" data-id=\"6f0470e\" data-element_type=\"widget\" data-e-type=\"widget\" data-widget_type=\"heading.default\">\n\t\t\t\t<div class=\"elementor-widget-container\">\n\t\t\t\t\t<h2 class=\"elementor-heading-title elementor-size-default\">Politique de confidentialit\u00e9 de la boutique en ligne Vulcania<\/h2>\t\t\t\t<\/div>\n\t\t\t\t<\/div>\n\t\t\t\t<div class=\"elementor-element elementor-element-14765e54 elementor-widget elementor-widget-text-editor\" data-id=\"14765e54\" data-element_type=\"widget\" data-e-type=\"widget\" data-widget_type=\"text-editor.default\">\n\t\t\t\t<div class=\"elementor-widget-container\">\n\t\t\t\t\t\t\t\t\t<p>VULCANIA est respectueuse de vos droits relatifs \u00e0 vos donn\u00e9es personnelles. Pour en savoir plus ou exercer vos droits relatifs \u00e0 vos donn\u00e9es personnelles, consultez notre\u00a0<a href=\"https:\/\/www.vulcania.com\/mentions-legales\/\" target=\"_blank\" rel=\"noopener\">Politique donn\u00e9es personnelles<\/a>\u00a0accessible sur notre site internet www.vulcania.com.<\/p><p>L\u2019acheteur autorise \u00e9galement Vulcania \u00e0 communiquer ses donn\u00e9es personnelles \u00e0 des tiers \u00e0 la condition qu\u2019une telle communication se r\u00e9v\u00e8le compatible avec la r\u00e9alisation des op\u00e9rations incombant \u00e0 Vulcania au titre des pr\u00e9sentes conditions g\u00e9n\u00e9rales.<\/p><p>En outre, afin de pouvoir mettre \u00e0 jour les donn\u00e9es personnelles qui le concernent, l\u2019acheteur s\u2019engage \u00e0 fournir \u00e0 la demande de Vulcania toutes les informations demand\u00e9es. Afin de recevoir le meilleur service possible de la part de Vulcania, il s\u2019engage \u00e0 actualiser r\u00e9guli\u00e8rement les informations qui le concernent. A cet \u00e9gard, il doit adresser un courrier \u00e0 l\u2019adresse suivante Service Informatique de Vulcania, Route de Mazayes, 63230 SAINT OURS LES ROCHES.<\/p>\t\t\t\t\t\t\t\t<\/div>\n\t\t\t\t<\/div>\n\t\t\t\t<div class=\"elementor-element elementor-element-6170cb2 elementor-widget elementor-widget-spacer\" data-id=\"6170cb2\" data-element_type=\"widget\" data-e-type=\"widget\" data-widget_type=\"spacer.default\">\n\t\t\t\t<div class=\"elementor-widget-container\">\n\t\t\t\t\t\t\t<div class=\"elementor-spacer\">\n\t\t\t<div class=\"elementor-spacer-inner\"><\/div>\n\t\t<\/div>\n\t\t\t\t\t\t<\/div>\n\t\t\t\t<\/div>\n\t\t\t\t\t<\/div>\n\t\t<\/div>\n\t\t\t\t\t<\/div>\n\t\t<\/section>\n\t\t\t\t<\/div>\n\t\t","protected":false},"excerpt":{"rendered":"<p>Politique de confidentialit\u00e9 de la boutique en ligne Vulcania VULCANIA est respectueuse de vos droits relatifs \u00e0 vos donn\u00e9es personnelles. Pour en savoir plus ou exercer<span class=\"excerpt-hellip\"> [\u2026]<\/span><\/p>\n","protected":false},"author":1,"featured_media":-1,"parent":0,"menu_order":0,"comment_status":"open","ping_status":"closed","template":"","meta":{"rs_blank_template":"","rs_page_bg_color":"","slide_template_v7":"","footnotes":""},"class_list":["post-3","page","type-page","status-publish","has-post-thumbnail","hentry"],"yoast_head":"<!-- This site is optimized with the Yoast SEO plugin v27.3 - https:\/\/yoast.com\/product\/yoast-seo-wordpress\/ -->\n<title>Politique de confidentialit\u00e9 - Boutique Vulcania<\/title>\n<meta name=\"description\" content=\"Consulter la politique de confidentialit\u00e9 de la boutique en ligne officielle de Vulcania, parc \u00e0 th\u00e8me en Auvergne sur les volcans, la Terre et l&#039;Espace.\" \/>\n<meta name=\"robots\" content=\"index, follow, max-snippet:-1, max-image-preview:large, max-video-preview:-1\" \/>\n<link rel=\"canonical\" href=\"https:\/\/vulcania.com\/boutique\/politique-de-confidentialite\/\" \/>\n<meta property=\"og:locale\" content=\"fr_FR\" \/>\n<meta property=\"og:type\" content=\"article\" \/>\n<meta property=\"og:title\" content=\"Politique de confidentialit\u00e9 - Boutique Vulcania\" \/>\n<meta property=\"og:description\" content=\"Consulter la politique de confidentialit\u00e9 de la boutique en ligne officielle de Vulcania, parc \u00e0 th\u00e8me en Auvergne sur les volcans, la Terre et l&#039;Espace.\" \/>\n<meta property=\"og:url\" content=\"https:\/\/vulcania.com\/boutique\/politique-de-confidentialite\/\" \/>\n<meta property=\"og:site_name\" content=\"Boutique Vulcania\" \/>\n<meta property=\"article:modified_time\" content=\"2025-10-21T14:49:42+00:00\" \/>\n<meta name=\"twitter:card\" content=\"summary_large_image\" \/>\n<meta name=\"twitter:label1\" content=\"Dur\u00e9e de lecture estim\u00e9e\" \/>\n\t<meta name=\"twitter:data1\" content=\"1 minute\" \/>\n<script type=\"application\/ld+json\" class=\"yoast-schema-graph\">{\"@context\":\"https:\\\/\\\/schema.org\",\"@graph\":[{\"@type\":\"WebPage\",\"@id\":\"https:\\\/\\\/vulcania.com\\\/boutique\\\/politique-de-confidentialite\\\/\",\"url\":\"https:\\\/\\\/vulcania.com\\\/boutique\\\/politique-de-confidentialite\\\/\",\"name\":\"Politique de confidentialit\u00e9 - Boutique Vulcania\",\"isPartOf\":{\"@id\":\"https:\\\/\\\/vulcania.com\\\/boutique\\\/#website\"},\"datePublished\":\"2023-04-12T09:50:26+00:00\",\"dateModified\":\"2025-10-21T14:49:42+00:00\",\"description\":\"Consulter la politique de confidentialit\u00e9 de la boutique en ligne officielle de Vulcania, parc \u00e0 th\u00e8me en Auvergne sur les volcans, la Terre et l'Espace.\",\"breadcrumb\":{\"@id\":\"https:\\\/\\\/vulcania.com\\\/boutique\\\/politique-de-confidentialite\\\/#breadcrumb\"},\"inLanguage\":\"fr-FR\",\"potentialAction\":[{\"@type\":\"ReadAction\",\"target\":[\"https:\\\/\\\/vulcania.com\\\/boutique\\\/politique-de-confidentialite\\\/\"]}]},{\"@type\":\"BreadcrumbList\",\"@id\":\"https:\\\/\\\/vulcania.com\\\/boutique\\\/politique-de-confidentialite\\\/#breadcrumb\",\"itemListElement\":[{\"@type\":\"ListItem\",\"position\":1,\"name\":\"Accueil\",\"item\":\"https:\\\/\\\/vulcania.com\\\/boutique\\\/\"},{\"@type\":\"ListItem\",\"position\":2,\"name\":\"Politique de confidentialit\u00e9\"}]},{\"@type\":\"WebSite\",\"@id\":\"https:\\\/\\\/vulcania.com\\\/boutique\\\/#website\",\"url\":\"https:\\\/\\\/vulcania.com\\\/boutique\\\/\",\"name\":\"Boutique Vulcania\",\"description\":\"\",\"potentialAction\":[{\"@type\":\"SearchAction\",\"target\":{\"@type\":\"EntryPoint\",\"urlTemplate\":\"https:\\\/\\\/vulcania.com\\\/boutique\\\/?s={search_term_string}\"},\"query-input\":{\"@type\":\"PropertyValueSpecification\",\"valueRequired\":true,\"valueName\":\"search_term_string\"}}],\"inLanguage\":\"fr-FR\"}]}<\/script>\n<!-- \/ Yoast SEO plugin. -->","yoast_head_json":{"title":"Politique de confidentialit\u00e9 - Boutique Vulcania","description":"Consulter la politique de confidentialit\u00e9 de la boutique en ligne officielle de Vulcania, parc \u00e0 th\u00e8me en Auvergne sur les volcans, la Terre et l'Espace.","robots":{"index":"index","follow":"follow","max-snippet":"max-snippet:-1","max-image-preview":"max-image-preview:large","max-video-preview":"max-video-preview:-1"},"canonical":"https:\/\/vulcania.com\/boutique\/politique-de-confidentialite\/","og_locale":"fr_FR","og_type":"article","og_title":"Politique de confidentialit\u00e9 - Boutique Vulcania","og_description":"Consulter la politique de confidentialit\u00e9 de la boutique en ligne officielle de Vulcania, parc \u00e0 th\u00e8me en Auvergne sur les volcans, la Terre et l'Espace.","og_url":"https:\/\/vulcania.com\/boutique\/politique-de-confidentialite\/","og_site_name":"Boutique Vulcania","article_modified_time":"2025-10-21T14:49:42+00:00","twitter_card":"summary_large_image","twitter_misc":{"Dur\u00e9e de lecture estim\u00e9e":"1 minute"},"schema":{"@context":"https:\/\/schema.org","@graph":[{"@type":"WebPage","@id":"https:\/\/vulcania.com\/boutique\/politique-de-confidentialite\/","url":"https:\/\/vulcania.com\/boutique\/politique-de-confidentialite\/","name":"Politique de confidentialit\u00e9 - Boutique Vulcania","isPartOf":{"@id":"https:\/\/vulcania.com\/boutique\/#website"},"datePublished":"2023-04-12T09:50:26+00:00","dateModified":"2025-10-21T14:49:42+00:00","description":"Consulter la politique de confidentialit\u00e9 de la boutique en ligne officielle de Vulcania, parc \u00e0 th\u00e8me en Auvergne sur les volcans, la Terre et l'Espace.","breadcrumb":{"@id":"https:\/\/vulcania.com\/boutique\/politique-de-confidentialite\/#breadcrumb"},"inLanguage":"fr-FR","potentialAction":[{"@type":"ReadAction","target":["https:\/\/vulcania.com\/boutique\/politique-de-confidentialite\/"]}]},{"@type":"BreadcrumbList","@id":"https:\/\/vulcania.com\/boutique\/politique-de-confidentialite\/#breadcrumb","itemListElement":[{"@type":"ListItem","position":1,"name":"Accueil","item":"https:\/\/vulcania.com\/boutique\/"},{"@type":"ListItem","position":2,"name":"Politique de confidentialit\u00e9"}]},{"@type":"WebSite","@id":"https:\/\/vulcania.com\/boutique\/#website","url":"https:\/\/vulcania.com\/boutique\/","name":"Boutique Vulcania","description":"","potentialAction":[{"@type":"SearchAction","target":{"@type":"EntryPoint","urlTemplate":"https:\/\/vulcania.com\/boutique\/?s={search_term_string}"},"query-input":{"@type":"PropertyValueSpecification","valueRequired":true,"valueName":"search_term_string"}}],"inLanguage":"fr-FR"}]}},"jetpack_sharing_enabled":true,"_links":{"self":[{"href":"https:\/\/vulcania.com\/boutique\/wp-json\/wp\/v2\/pages\/3","targetHints":{"allow":["GET"]}}],"collection":[{"href":"https:\/\/vulcania.com\/boutique\/wp-json\/wp\/v2\/pages"}],"about":[{"href":"https:\/\/vulcania.com\/boutique\/wp-json\/wp\/v2\/types\/page"}],"author":[{"embeddable":true,"href":"https:\/\/vulcania.com\/boutique\/wp-json\/wp\/v2\/users\/1"}],"replies":[{"embeddable":true,"href":"https:\/\/vulcania.com\/boutique\/wp-json\/wp\/v2\/comments?post=3"}],"version-history":[{"count":29,"href":"https:\/\/vulcania.com\/boutique\/wp-json\/wp\/v2\/pages\/3\/revisions"}],"predecessor-version":[{"id":4924,"href":"https:\/\/vulcania.com\/boutique\/wp-json\/wp\/v2\/pages\/3\/revisions\/4924"}],"wp:featuredmedia":[{"embeddable":true,"href":"https:\/\/vulcania.com\/boutique\/wp-json\/"}],"wp:attachment":[{"href":"https:\/\/vulcania.com\/boutique\/wp-json\/wp\/v2\/media?parent=3"}],"curies":[{"name":"wp","href":"https:\/\/api.w.org\/{rel}","templated":true}]}}