{"id":1306,"date":"2023-04-12T12:26:16","date_gmt":"2023-04-12T10:26:16","guid":{"rendered":"https:\/\/vulcania.com\/boutique\/\/?page_id=1306"},"modified":"2025-12-01T14:17:24","modified_gmt":"2025-12-01T13:17:24","slug":"mentions-legales","status":"publish","type":"page","link":"https:\/\/vulcania.com\/boutique\/mentions-legales\/","title":{"rendered":"Mentions l\u00e9gales"},"content":{"rendered":"\t\t<div data-elementor-type=\"wp-page\" data-elementor-id=\"1306\" class=\"elementor elementor-1306\">\n\t\t\t\t\t\t<section class=\"elementor-section elementor-top-section elementor-element elementor-element-111f23b elementor-section-boxed elementor-section-height-default elementor-section-height-default\" data-id=\"111f23b\" data-element_type=\"section\" data-e-type=\"section\">\n\t\t\t\t\t\t<div class=\"elementor-container elementor-column-gap-default\">\n\t\t\t\t\t<div class=\"elementor-column elementor-col-100 elementor-top-column elementor-element elementor-element-3545509\" data-id=\"3545509\" data-element_type=\"column\" data-e-type=\"column\">\n\t\t\t<div class=\"elementor-widget-wrap elementor-element-populated\">\n\t\t\t\t\t\t<div class=\"elementor-element elementor-element-c054d61 elementor-widget elementor-widget-text-editor\" data-id=\"c054d61\" data-element_type=\"widget\" data-e-type=\"widget\" data-widget_type=\"text-editor.default\">\n\t\t\t\t<div class=\"elementor-widget-container\">\n\t\t\t\t\t\t\t\t\t<h2>\u00c9diteur<\/h2><p>SEM Volcans, soci\u00e9t\u00e9 anonyme d\u2019\u00e9conomie mixte \u00e0 conseil d\u2019administration, exer\u00e7ant sous le nom commercial VULCANIA, au capital de 5 142 161 Euros dont le si\u00e8ge social est situ\u00e9 2 route de Mazayes, 63230 Saint-Ours les Roches, T\u00e9l : 04 73 19 70 00 \u2013 Fax : 04 73 19 70 99<\/p><p>Courriel \u00e0 contacter : <a href=\"mailto:bienvenue@vulcania.com\">bienvenue@vulcania.com<\/a>.<\/p><p>La Sem Volcans est inscrite au RCS de Clermont-Ferrand sous le N\u00b0423 556-356.<\/p><p>Num\u00e9ro d \u2018identification intracommunautaire sur la TVA : FR 23 423 556 356<\/p><p>Identifiant unique CITEO : FR231998_03WSKV<\/p><h2>Directrice de publication<\/h2><p>Madame Sophie Rognon, directrice de la SEM Volcans.<\/p><h2>R\u00e9gime d\u2019autorisation<\/h2><p>VULCANIA est Titulaire du num\u00e9ro d\u2019immatriculation IM063120002 au Registre des Op\u00e9rateurs de Voyages et S\u00e9jours, d\u00e9livr\u00e9 par la Commission d\u2019immatriculation en date du 21 f\u00e9vrier 2012.<\/p><h2>H\u00e9bergement<\/h2><p>Blizz<br \/>25 rue Jean Mermoz \u2013 63800 Cournon d&rsquo;Auvergne<br \/>04 73 294 294<br \/><a href=\"https:\/\/www.blizz.fr\">https:\/\/www.blizz.fr<\/a><\/p><h2>Conception &amp; D\u00e9veloppement<\/h2><p>Blizz<br \/>25 rue Jean Mermoz \u2013 63800 Cournon d&rsquo;Auvergne<br \/>04 73 294 294<br \/><a href=\"https:\/\/www.blizz.fr\">https:\/\/www.blizz.fr<\/a><\/p><h2>Conditions d\u2019utilisation<\/h2><p>Vulcania met, \u00e0 la disposition de l\u2019utilisateur, des services sur ce site. Pour en b\u00e9n\u00e9ficier, l\u2019utilisateur s\u2019engage \u00e0 respecter les \u00ab conditions d\u2019utilisation \u00bb suivantes. S\u2019il ne les accepte pas Vulcania le prie de quitter le site.<\/p><h2>Contenu du site<\/h2><p>Ce site Internet est fourni en tant que service aux personnes qui le visitent. Vulcania se r\u00e9serve le droit de supprimer, de modifier, ou de compl\u00e9ter les renseignements fournis sur ce site \u00e0 tout moment et pour quelque raison que ce soit, sans qu\u2019aucun pr\u00e9avis ne soit n\u00e9cessaire.<\/p><p>L\u2019utilisateur reconna\u00eet avoir \u00e9t\u00e9 inform\u00e9 que le pr\u00e9sent site est accessible 24 heures sur 24 et 7 jours sur 7, \u00e0 l\u2019exception des cas de force majeure, difficult\u00e9s informatiques, difficult\u00e9s li\u00e9es \u00e0 la structure des r\u00e9seaux de communications ou de difficult\u00e9s techniques.<\/p><p>Pour des raisons de maintenance, Vulcania pourra interrompre le site et s\u2019efforcera d\u2019en avertir pr\u00e9alablement les utilisateurs.<\/p><h2>Liens Hypertexte<\/h2><p>Les pages de ce site Internet pourront pr\u00e9senter des liens avec d\u2019autres sites ou faire des renvois \u00e0 d\u2019autres sites. Vulcania ne se porte pas garant du contenu de ces autres sites et ne pourra pas \u00eatre tenu responsable des dommages r\u00e9sultant de l\u2019utilisation du contenu de ces sites. Les liens vers d\u2019autres sites ne sont fournis que pour la commodit\u00e9 de l\u2019utilisateur de ce site Internet.<br \/>Vulcania n\u2019est pas responsable de l\u2019existence et du contenu de liens d\u2019autres sites vers son site.<\/p><h2>Propri\u00e9t\u00e9 intellectuelle<\/h2><p>Le contenu de ce site Internet est la propri\u00e9t\u00e9 de Vulcania. L\u2019utilisateur a l\u2019autorisation de consulter les donn\u00e9es qu\u2019il contient pour sa seule utilisation personnelle non commerciale, ce qui exclut toute exploitation commerciale \u00e0 un niveau local, national ou international.<\/p><p>Vulcania rappelle, notamment, qu\u2019aucun logo, texte, son, graphique ou image contenus dans le site ne pourra \u00eatre en tout ou partie copi\u00e9, reproduit, modifi\u00e9, publi\u00e9, \u00e9mis, post\u00e9, transmis ou distribu\u00e9 par quelque moyens que ce soit sans son autorisation pr\u00e9alable \u00e9crite. Toute personne ne respectant pas les dispositions l\u00e9gales applicables se rend coupable du d\u00e9lit de contrefa\u00e7on et est passible des sanctions p\u00e9nales pr\u00e9vues par la loi. L\u2019utilisation d\u2019une \u0153uvre prot\u00e9g\u00e9e sans autorisation est consid\u00e9r\u00e9e comme un acte de contrefa\u00e7on.<\/p><h2>Cr\u00e9dits photos, vid\u00e9os et illustrations<\/h2><div>Sassi \/ Vulcania \/ 4M \/ DAM \/ BioVivia<\/div>\t\t\t\t\t\t\t\t<\/div>\n\t\t\t\t<\/div>\n\t\t\t\t\t<\/div>\n\t\t<\/div>\n\t\t\t\t\t<\/div>\n\t\t<\/section>\n\t\t\t\t<\/div>\n\t\t","protected":false},"excerpt":{"rendered":"<p>\u00c9diteur SEM Volcans, soci\u00e9t\u00e9 anonyme d\u2019\u00e9conomie mixte \u00e0 conseil d\u2019administration, exer\u00e7ant sous le nom commercial VULCANIA, au capital de 5 142 161 Euros dont le si\u00e8ge<span class=\"excerpt-hellip\"> [\u2026]<\/span><\/p>\n","protected":false},"author":1,"featured_media":0,"parent":0,"menu_order":0,"comment_status":"closed","ping_status":"closed","template":"","meta":{"rs_blank_template":"","rs_page_bg_color":"","slide_template_v7":"","footnotes":""},"class_list":["post-1306","page","type-page","status-publish","hentry"],"yoast_head":"<!-- This site is optimized with the Yoast SEO plugin v27.3 - https:\/\/yoast.com\/product\/yoast-seo-wordpress\/ -->\n<title>Mentions l\u00e9gales - Boutique Vulcania<\/title>\n<meta name=\"robots\" content=\"index, follow, max-snippet:-1, max-image-preview:large, max-video-preview:-1\" \/>\n<link rel=\"canonical\" href=\"https:\/\/vulcania.com\/boutique\/mentions-legales\/\" \/>\n<meta property=\"og:locale\" content=\"fr_FR\" \/>\n<meta property=\"og:type\" content=\"article\" \/>\n<meta property=\"og:title\" content=\"Mentions l\u00e9gales - Boutique Vulcania\" \/>\n<meta property=\"og:description\" content=\"\u00c9diteur SEM Volcans, soci\u00e9t\u00e9 anonyme d\u2019\u00e9conomie mixte \u00e0 conseil d\u2019administration, exer\u00e7ant sous le nom commercial VULCANIA, au capital de 5 142 161 Euros dont le si\u00e8ge [\u2026]\" \/>\n<meta property=\"og:url\" content=\"https:\/\/vulcania.com\/boutique\/mentions-legales\/\" \/>\n<meta property=\"og:site_name\" content=\"Boutique Vulcania\" \/>\n<meta property=\"article:modified_time\" content=\"2025-12-01T13:17:24+00:00\" \/>\n<meta name=\"twitter:card\" content=\"summary_large_image\" \/>\n<meta name=\"twitter:label1\" content=\"Dur\u00e9e de lecture estim\u00e9e\" \/>\n\t<meta name=\"twitter:data1\" content=\"3 minutes\" \/>\n<script type=\"application\/ld+json\" class=\"yoast-schema-graph\">{\"@context\":\"https:\\\/\\\/schema.org\",\"@graph\":[{\"@type\":\"WebPage\",\"@id\":\"https:\\\/\\\/vulcania.com\\\/boutique\\\/mentions-legales\\\/\",\"url\":\"https:\\\/\\\/vulcania.com\\\/boutique\\\/mentions-legales\\\/\",\"name\":\"Mentions l\u00e9gales - Boutique Vulcania\",\"isPartOf\":{\"@id\":\"https:\\\/\\\/vulcania.com\\\/boutique\\\/#website\"},\"datePublished\":\"2023-04-12T10:26:16+00:00\",\"dateModified\":\"2025-12-01T13:17:24+00:00\",\"breadcrumb\":{\"@id\":\"https:\\\/\\\/vulcania.com\\\/boutique\\\/mentions-legales\\\/#breadcrumb\"},\"inLanguage\":\"fr-FR\",\"potentialAction\":[{\"@type\":\"ReadAction\",\"target\":[\"https:\\\/\\\/vulcania.com\\\/boutique\\\/mentions-legales\\\/\"]}]},{\"@type\":\"BreadcrumbList\",\"@id\":\"https:\\\/\\\/vulcania.com\\\/boutique\\\/mentions-legales\\\/#breadcrumb\",\"itemListElement\":[{\"@type\":\"ListItem\",\"position\":1,\"name\":\"Accueil\",\"item\":\"https:\\\/\\\/vulcania.com\\\/boutique\\\/\"},{\"@type\":\"ListItem\",\"position\":2,\"name\":\"Mentions l\u00e9gales\"}]},{\"@type\":\"WebSite\",\"@id\":\"https:\\\/\\\/vulcania.com\\\/boutique\\\/#website\",\"url\":\"https:\\\/\\\/vulcania.com\\\/boutique\\\/\",\"name\":\"Boutique Vulcania\",\"description\":\"\",\"potentialAction\":[{\"@type\":\"SearchAction\",\"target\":{\"@type\":\"EntryPoint\",\"urlTemplate\":\"https:\\\/\\\/vulcania.com\\\/boutique\\\/?s={search_term_string}\"},\"query-input\":{\"@type\":\"PropertyValueSpecification\",\"valueRequired\":true,\"valueName\":\"search_term_string\"}}],\"inLanguage\":\"fr-FR\"}]}<\/script>\n<!-- \/ Yoast SEO plugin. -->","yoast_head_json":{"title":"Mentions l\u00e9gales - Boutique Vulcania","robots":{"index":"index","follow":"follow","max-snippet":"max-snippet:-1","max-image-preview":"max-image-preview:large","max-video-preview":"max-video-preview:-1"},"canonical":"https:\/\/vulcania.com\/boutique\/mentions-legales\/","og_locale":"fr_FR","og_type":"article","og_title":"Mentions l\u00e9gales - Boutique Vulcania","og_description":"\u00c9diteur SEM Volcans, soci\u00e9t\u00e9 anonyme d\u2019\u00e9conomie mixte \u00e0 conseil d\u2019administration, exer\u00e7ant sous le nom commercial VULCANIA, au capital de 5 142 161 Euros dont le si\u00e8ge [\u2026]","og_url":"https:\/\/vulcania.com\/boutique\/mentions-legales\/","og_site_name":"Boutique Vulcania","article_modified_time":"2025-12-01T13:17:24+00:00","twitter_card":"summary_large_image","twitter_misc":{"Dur\u00e9e de lecture estim\u00e9e":"3 minutes"},"schema":{"@context":"https:\/\/schema.org","@graph":[{"@type":"WebPage","@id":"https:\/\/vulcania.com\/boutique\/mentions-legales\/","url":"https:\/\/vulcania.com\/boutique\/mentions-legales\/","name":"Mentions l\u00e9gales - Boutique Vulcania","isPartOf":{"@id":"https:\/\/vulcania.com\/boutique\/#website"},"datePublished":"2023-04-12T10:26:16+00:00","dateModified":"2025-12-01T13:17:24+00:00","breadcrumb":{"@id":"https:\/\/vulcania.com\/boutique\/mentions-legales\/#breadcrumb"},"inLanguage":"fr-FR","potentialAction":[{"@type":"ReadAction","target":["https:\/\/vulcania.com\/boutique\/mentions-legales\/"]}]},{"@type":"BreadcrumbList","@id":"https:\/\/vulcania.com\/boutique\/mentions-legales\/#breadcrumb","itemListElement":[{"@type":"ListItem","position":1,"name":"Accueil","item":"https:\/\/vulcania.com\/boutique\/"},{"@type":"ListItem","position":2,"name":"Mentions l\u00e9gales"}]},{"@type":"WebSite","@id":"https:\/\/vulcania.com\/boutique\/#website","url":"https:\/\/vulcania.com\/boutique\/","name":"Boutique Vulcania","description":"","potentialAction":[{"@type":"SearchAction","target":{"@type":"EntryPoint","urlTemplate":"https:\/\/vulcania.com\/boutique\/?s={search_term_string}"},"query-input":{"@type":"PropertyValueSpecification","valueRequired":true,"valueName":"search_term_string"}}],"inLanguage":"fr-FR"}]}},"jetpack_sharing_enabled":true,"_links":{"self":[{"href":"https:\/\/vulcania.com\/boutique\/wp-json\/wp\/v2\/pages\/1306","targetHints":{"allow":["GET"]}}],"collection":[{"href":"https:\/\/vulcania.com\/boutique\/wp-json\/wp\/v2\/pages"}],"about":[{"href":"https:\/\/vulcania.com\/boutique\/wp-json\/wp\/v2\/types\/page"}],"author":[{"embeddable":true,"href":"https:\/\/vulcania.com\/boutique\/wp-json\/wp\/v2\/users\/1"}],"replies":[{"embeddable":true,"href":"https:\/\/vulcania.com\/boutique\/wp-json\/wp\/v2\/comments?post=1306"}],"version-history":[{"count":26,"href":"https:\/\/vulcania.com\/boutique\/wp-json\/wp\/v2\/pages\/1306\/revisions"}],"predecessor-version":[{"id":5120,"href":"https:\/\/vulcania.com\/boutique\/wp-json\/wp\/v2\/pages\/1306\/revisions\/5120"}],"wp:attachment":[{"href":"https:\/\/vulcania.com\/boutique\/wp-json\/wp\/v2\/media?parent=1306"}],"curies":[{"name":"wp","href":"https:\/\/api.w.org\/{rel}","templated":true}]}}